{"id":83159,"date":"2025-12-04T09:39:56","date_gmt":"2025-12-04T08:39:56","guid":{"rendered":"https:\/\/labreva.com\/partner\/spendenpreis-tombola-benefizgolfturnier-von-herzenswuensche-e-v\/"},"modified":"2026-01-29T16:46:39","modified_gmt":"2026-01-29T15:46:39","slug":"donazione-premio-lotteria-torneo-di-golf-di-beneficenza-a-favore-di-herzenswuensche-e-v","status":"publish","type":"page","link":"https:\/\/labreva.com\/it\/partner\/donazione-premio-lotteria-torneo-di-golf-di-beneficenza-a-favore-di-herzenswuensche-e-v\/","title":{"rendered":"Donazione premio lotteria torneo di golf di beneficenza a favore di Herzensw\u00fcnsche e.V."},"content":{"rendered":"\t\t<div data-elementor-type=\"wp-page\" data-elementor-id=\"83159\" class=\"elementor elementor-83159 elementor-76753\" data-elementor-post-type=\"page\">\n\t\t\t\t<div class=\"elementor-element elementor-element-4d91902e e-flex e-con-boxed e-con e-child\" data-id=\"4d91902e\" data-element_type=\"container\" data-e-type=\"container\">\n\t\t\t\t\t<div class=\"e-con-inner\">\n\t\t\t\t<div class=\"elementor-element elementor-element-7f823a74 elementor-widget elementor-widget-heading\" data-id=\"7f823a74\" data-element_type=\"widget\" data-e-type=\"widget\" data-widget_type=\"heading.default\">\n\t\t\t\t\t<div class=\"elementor-heading-title elementor-size-default\">Partner<\/div>\t\t\t\t<\/div>\n\t\t\t\t<div class=\"elementor-element elementor-element-29f6e865 elementor-widget elementor-widget-heading\" data-id=\"29f6e865\" data-element_type=\"widget\" data-e-type=\"widget\" data-widget_type=\"heading.default\">\n\t\t\t\t\t<h1 class=\"elementor-heading-title elementor-size-default\">Donazione premio lotteria torneo di golf di beneficenza a favore di Herzensw\u00fcnsche e.V.<\/h1>\t\t\t\t<\/div>\n\t\t\t\t<div class=\"elementor-element elementor-element-49140edb elementor-widget__width-initial elementor-widget-mobile__width-inherit make-text-mobile-sm elementor-widget elementor-widget-text-editor\" data-id=\"49140edb\" data-element_type=\"widget\" data-e-type=\"widget\" data-widget_type=\"text-editor.default\">\n\t\t\t\t\t\t\t\t\t<p>Herzensw\u00fcnsche e.V. \u00e8 un\u2019organizzazione nazionale che realizza i desideri a lungo attesi di bambini e giovani gravemente malati, dando loro nuovo coraggio, forza e gioia.<\/p>\t\t\t\t\t\t\t\t<\/div>\n\t\t\t\t\t<\/div>\n\t\t\t\t<\/div>\n\t\t<div class=\"elementor-element elementor-element-6838b353 e-flex e-con-boxed e-con e-parent\" data-id=\"6838b353\" data-element_type=\"container\" data-e-type=\"container\">\n\t\t\t\t\t<div class=\"e-con-inner\">\n\t\t\t\t<div class=\"elementor-element elementor-element-675df572 elementor-widget elementor-widget-spacer\" data-id=\"675df572\" data-element_type=\"widget\" data-e-type=\"widget\" data-widget_type=\"spacer.default\">\n\t\t\t\t\t\t\t<div class=\"elementor-spacer\">\n\t\t\t<div class=\"elementor-spacer-inner\"><\/div>\n\t\t<\/div>\n\t\t\t\t\t\t<\/div>\n\t\t\t\t\t<\/div>\n\t\t\t\t<\/div>\n\t\t<div class=\"elementor-element elementor-element-4ba24257 e-flex e-con-boxed e-con e-parent\" data-id=\"4ba24257\" data-element_type=\"container\" data-e-type=\"container\">\n\t\t\t\t\t<div class=\"e-con-inner\">\n\t\t<div class=\"elementor-element elementor-element-81ab90e e-con-full e-flex e-con e-child\" data-id=\"81ab90e\" data-element_type=\"container\" data-e-type=\"container\" data-settings=\"{&quot;background_background&quot;:&quot;classic&quot;}\">\n\t\t\t\t<\/div>\n\t\t<div class=\"elementor-element elementor-element-7e4f3dd8 e-con-full e-flex e-con e-child\" data-id=\"7e4f3dd8\" data-element_type=\"container\" data-e-type=\"container\">\n\t\t\t\t<div class=\"elementor-element elementor-element-4f556469 elementor-widget elementor-widget-heading\" data-id=\"4f556469\" data-element_type=\"widget\" data-e-type=\"widget\" data-widget_type=\"heading.default\">\n\t\t\t\t\t<h2 class=\"elementor-heading-title elementor-size-default\">Donazione premio lotteria torneo di golf di beneficenza<\/h2>\t\t\t\t<\/div>\n\t\t\t\t<div class=\"elementor-element elementor-element-12d8860a elementor-widget elementor-widget-text-editor\" data-id=\"12d8860a\" data-element_type=\"widget\" data-e-type=\"widget\" data-widget_type=\"text-editor.default\">\n\t\t\t\t\t\t\t\t\t<p>Nel 2021 abbiamo donato un premio per il torneo di golf di beneficenza a favore di Herzensw\u00fcnsche e.V. presso il GC Feldafing. Durante l\u2019evento serale, ancora una volta si potranno acquistare all\u2019asta eventi o oggetti speciali e si potranno vincere premi vendendo i biglietti della lotteria.<br>I premi erano 3 notti nella nostra bellissima Casa Pretore per 2 persone, un buon olio d\u2019oliva italiano e il libro \u201c111 luoghi del Lago di Como da vedere assolutamente\u201d. <\/p><p>Siamo lieti che il torneo di golf di beneficenza sia stato un successo e che sia stata raccolta una grande somma a favore di molti bambini e giovani.<\/p>\t\t\t\t\t\t\t\t<\/div>\n\t\t\t\t<\/div>\n\t\t\t\t\t<\/div>\n\t\t\t\t<\/div>\n\t\t\t\t<\/div>\n\t\t","protected":false},"excerpt":{"rendered":"<p>Partner Donazione premio lotteria torneo di golf di beneficenza a favore di Herzensw\u00fcnsche e.V. Herzensw\u00fcnsche e.V. \u00e8 un\u2019organizzazione nazionale che realizza i desideri a lungo attesi di bambini e giovani gravemente malati, dando loro nuovo coraggio, forza e gioia. Donazione premio lotteria torneo di golf di beneficenza Nel 2021 abbiamo donato un premio per il [&hellip;]<\/p>\n","protected":false},"author":1,"featured_media":79940,"parent":83151,"menu_order":0,"comment_status":"closed","ping_status":"closed","template":"","meta":{"_acf_changed":false,"footnotes":""},"seitenart":[],"class_list":["post-83159","page","type-page","status-publish","has-post-thumbnail","hentry"],"acf":[],"yoast_head":"<!-- This site is optimized with the Yoast SEO plugin v27.3 - https:\/\/yoast.com\/product\/yoast-seo-wordpress\/ -->\n<title>Donazione premio lotteria torneo di golf di beneficenza a favore di Herzensw\u00fcnsche e.V. - LABREVA - Feriendomizile am Comer See<\/title>\n<meta name=\"robots\" content=\"index, follow, max-snippet:-1, max-image-preview:large, max-video-preview:-1\" \/>\n<link rel=\"canonical\" href=\"https:\/\/labreva.com\/it\/partner\/donazione-premio-lotteria-torneo-di-golf-di-beneficenza-a-favore-di-herzenswuensche-e-v\/\" \/>\n<meta property=\"og:locale\" content=\"it_IT\" \/>\n<meta property=\"og:type\" content=\"article\" \/>\n<meta property=\"og:title\" content=\"Donazione premio lotteria torneo di golf di beneficenza a favore di Herzensw\u00fcnsche e.V. - LABREVA - Feriendomizile am Comer See\" \/>\n<meta property=\"og:description\" content=\"Partner Donazione premio lotteria torneo di golf di beneficenza a favore di Herzensw\u00fcnsche e.V. Herzensw\u00fcnsche e.V. \u00e8 un\u2019organizzazione nazionale che realizza i desideri a lungo attesi di bambini e giovani gravemente malati, dando loro nuovo coraggio, forza e gioia. Donazione premio lotteria torneo di golf di beneficenza Nel 2021 abbiamo donato un premio per il [&hellip;]\" \/>\n<meta property=\"og:url\" content=\"https:\/\/labreva.com\/it\/partner\/donazione-premio-lotteria-torneo-di-golf-di-beneficenza-a-favore-di-herzenswuensche-e-v\/\" \/>\n<meta property=\"og:site_name\" content=\"LABREVA - Feriendomizile am Comer See\" \/>\n<meta property=\"article:modified_time\" content=\"2026-01-29T15:46:39+00:00\" \/>\n<meta property=\"og:image\" content=\"https:\/\/labreva.com\/wp-content\/uploads\/2025\/12\/3-1.jpg\" \/>\n\t<meta property=\"og:image:width\" content=\"1536\" \/>\n\t<meta property=\"og:image:height\" content=\"2048\" \/>\n\t<meta property=\"og:image:type\" content=\"image\/jpeg\" \/>\n<meta name=\"twitter:card\" content=\"summary_large_image\" \/>\n<meta name=\"twitter:label1\" content=\"Tempo di lettura stimato\" \/>\n\t<meta name=\"twitter:data1\" content=\"1 minuto\" \/>\n<script type=\"application\/ld+json\" class=\"yoast-schema-graph\">{\"@context\":\"https:\\\/\\\/schema.org\",\"@graph\":[{\"@type\":\"WebPage\",\"@id\":\"https:\\\/\\\/labreva.com\\\/it\\\/partner\\\/donazione-premio-lotteria-torneo-di-golf-di-beneficenza-a-favore-di-herzenswuensche-e-v\\\/\",\"url\":\"https:\\\/\\\/labreva.com\\\/it\\\/partner\\\/donazione-premio-lotteria-torneo-di-golf-di-beneficenza-a-favore-di-herzenswuensche-e-v\\\/\",\"name\":\"Donazione premio lotteria torneo di golf di beneficenza a favore di Herzensw\u00fcnsche e.V. - LABREVA - Feriendomizile am Comer See\",\"isPartOf\":{\"@id\":\"https:\\\/\\\/labreva.com\\\/it\\\/#website\"},\"primaryImageOfPage\":{\"@id\":\"https:\\\/\\\/labreva.com\\\/it\\\/partner\\\/donazione-premio-lotteria-torneo-di-golf-di-beneficenza-a-favore-di-herzenswuensche-e-v\\\/#primaryimage\"},\"image\":{\"@id\":\"https:\\\/\\\/labreva.com\\\/it\\\/partner\\\/donazione-premio-lotteria-torneo-di-golf-di-beneficenza-a-favore-di-herzenswuensche-e-v\\\/#primaryimage\"},\"thumbnailUrl\":\"https:\\\/\\\/labreva.com\\\/wp-content\\\/uploads\\\/2025\\\/12\\\/3-1.jpg\",\"datePublished\":\"2025-12-04T08:39:56+00:00\",\"dateModified\":\"2026-01-29T15:46:39+00:00\",\"breadcrumb\":{\"@id\":\"https:\\\/\\\/labreva.com\\\/it\\\/partner\\\/donazione-premio-lotteria-torneo-di-golf-di-beneficenza-a-favore-di-herzenswuensche-e-v\\\/#breadcrumb\"},\"inLanguage\":\"it-IT\",\"potentialAction\":[{\"@type\":\"ReadAction\",\"target\":[\"https:\\\/\\\/labreva.com\\\/it\\\/partner\\\/donazione-premio-lotteria-torneo-di-golf-di-beneficenza-a-favore-di-herzenswuensche-e-v\\\/\"]}]},{\"@type\":\"ImageObject\",\"inLanguage\":\"it-IT\",\"@id\":\"https:\\\/\\\/labreva.com\\\/it\\\/partner\\\/donazione-premio-lotteria-torneo-di-golf-di-beneficenza-a-favore-di-herzenswuensche-e-v\\\/#primaryimage\",\"url\":\"https:\\\/\\\/labreva.com\\\/wp-content\\\/uploads\\\/2025\\\/12\\\/3-1.jpg\",\"contentUrl\":\"https:\\\/\\\/labreva.com\\\/wp-content\\\/uploads\\\/2025\\\/12\\\/3-1.jpg\",\"width\":1536,\"height\":2048},{\"@type\":\"BreadcrumbList\",\"@id\":\"https:\\\/\\\/labreva.com\\\/it\\\/partner\\\/donazione-premio-lotteria-torneo-di-golf-di-beneficenza-a-favore-di-herzenswuensche-e-v\\\/#breadcrumb\",\"itemListElement\":[{\"@type\":\"ListItem\",\"position\":1,\"name\":\"Startseite\",\"item\":\"https:\\\/\\\/labreva.com\\\/it\\\/\"},{\"@type\":\"ListItem\",\"position\":2,\"name\":\"Partner\",\"item\":\"https:\\\/\\\/labreva.com\\\/it\\\/partner\\\/\"},{\"@type\":\"ListItem\",\"position\":3,\"name\":\"Donazione premio lotteria torneo di golf di beneficenza a favore di Herzensw\u00fcnsche e.V.\"}]},{\"@type\":\"WebSite\",\"@id\":\"https:\\\/\\\/labreva.com\\\/it\\\/#website\",\"url\":\"https:\\\/\\\/labreva.com\\\/it\\\/\",\"name\":\"LABREVA - Feriendomizile am Comer See\",\"description\":\"\",\"publisher\":{\"@id\":\"https:\\\/\\\/labreva.com\\\/it\\\/#organization\"},\"potentialAction\":[{\"@type\":\"SearchAction\",\"target\":{\"@type\":\"EntryPoint\",\"urlTemplate\":\"https:\\\/\\\/labreva.com\\\/it\\\/?s={search_term_string}\"},\"query-input\":{\"@type\":\"PropertyValueSpecification\",\"valueRequired\":true,\"valueName\":\"search_term_string\"}}],\"inLanguage\":\"it-IT\"},{\"@type\":\"Organization\",\"@id\":\"https:\\\/\\\/labreva.com\\\/it\\\/#organization\",\"name\":\"LABREVA - Feriendomizile am Comer See\",\"url\":\"https:\\\/\\\/labreva.com\\\/it\\\/\",\"logo\":{\"@type\":\"ImageObject\",\"inLanguage\":\"it-IT\",\"@id\":\"https:\\\/\\\/labreva.com\\\/it\\\/#\\\/schema\\\/logo\\\/image\\\/\",\"url\":\"https:\\\/\\\/labreva.com\\\/wp-content\\\/uploads\\\/2025\\\/11\\\/Labreva_Logo_RGB_5.svg\",\"contentUrl\":\"https:\\\/\\\/labreva.com\\\/wp-content\\\/uploads\\\/2025\\\/11\\\/Labreva_Logo_RGB_5.svg\",\"caption\":\"LABREVA - Feriendomizile am Comer See\"},\"image\":{\"@id\":\"https:\\\/\\\/labreva.com\\\/it\\\/#\\\/schema\\\/logo\\\/image\\\/\"}}]}<\/script>\n<!-- \/ Yoast SEO plugin. -->","yoast_head_json":{"title":"Donazione premio lotteria torneo di golf di beneficenza a favore di Herzensw\u00fcnsche e.V. - LABREVA - Feriendomizile am Comer See","robots":{"index":"index","follow":"follow","max-snippet":"max-snippet:-1","max-image-preview":"max-image-preview:large","max-video-preview":"max-video-preview:-1"},"canonical":"https:\/\/labreva.com\/it\/partner\/donazione-premio-lotteria-torneo-di-golf-di-beneficenza-a-favore-di-herzenswuensche-e-v\/","og_locale":"it_IT","og_type":"article","og_title":"Donazione premio lotteria torneo di golf di beneficenza a favore di Herzensw\u00fcnsche e.V. - LABREVA - Feriendomizile am Comer See","og_description":"Partner Donazione premio lotteria torneo di golf di beneficenza a favore di Herzensw\u00fcnsche e.V. Herzensw\u00fcnsche e.V. \u00e8 un\u2019organizzazione nazionale che realizza i desideri a lungo attesi di bambini e giovani gravemente malati, dando loro nuovo coraggio, forza e gioia. Donazione premio lotteria torneo di golf di beneficenza Nel 2021 abbiamo donato un premio per il [&hellip;]","og_url":"https:\/\/labreva.com\/it\/partner\/donazione-premio-lotteria-torneo-di-golf-di-beneficenza-a-favore-di-herzenswuensche-e-v\/","og_site_name":"LABREVA - Feriendomizile am Comer See","article_modified_time":"2026-01-29T15:46:39+00:00","og_image":[{"width":1536,"height":2048,"url":"https:\/\/labreva.com\/wp-content\/uploads\/2025\/12\/3-1.jpg","type":"image\/jpeg"}],"twitter_card":"summary_large_image","twitter_misc":{"Tempo di lettura stimato":"1 minuto"},"schema":{"@context":"https:\/\/schema.org","@graph":[{"@type":"WebPage","@id":"https:\/\/labreva.com\/it\/partner\/donazione-premio-lotteria-torneo-di-golf-di-beneficenza-a-favore-di-herzenswuensche-e-v\/","url":"https:\/\/labreva.com\/it\/partner\/donazione-premio-lotteria-torneo-di-golf-di-beneficenza-a-favore-di-herzenswuensche-e-v\/","name":"Donazione premio lotteria torneo di golf di beneficenza a favore di Herzensw\u00fcnsche e.V. - LABREVA - Feriendomizile am Comer See","isPartOf":{"@id":"https:\/\/labreva.com\/it\/#website"},"primaryImageOfPage":{"@id":"https:\/\/labreva.com\/it\/partner\/donazione-premio-lotteria-torneo-di-golf-di-beneficenza-a-favore-di-herzenswuensche-e-v\/#primaryimage"},"image":{"@id":"https:\/\/labreva.com\/it\/partner\/donazione-premio-lotteria-torneo-di-golf-di-beneficenza-a-favore-di-herzenswuensche-e-v\/#primaryimage"},"thumbnailUrl":"https:\/\/labreva.com\/wp-content\/uploads\/2025\/12\/3-1.jpg","datePublished":"2025-12-04T08:39:56+00:00","dateModified":"2026-01-29T15:46:39+00:00","breadcrumb":{"@id":"https:\/\/labreva.com\/it\/partner\/donazione-premio-lotteria-torneo-di-golf-di-beneficenza-a-favore-di-herzenswuensche-e-v\/#breadcrumb"},"inLanguage":"it-IT","potentialAction":[{"@type":"ReadAction","target":["https:\/\/labreva.com\/it\/partner\/donazione-premio-lotteria-torneo-di-golf-di-beneficenza-a-favore-di-herzenswuensche-e-v\/"]}]},{"@type":"ImageObject","inLanguage":"it-IT","@id":"https:\/\/labreva.com\/it\/partner\/donazione-premio-lotteria-torneo-di-golf-di-beneficenza-a-favore-di-herzenswuensche-e-v\/#primaryimage","url":"https:\/\/labreva.com\/wp-content\/uploads\/2025\/12\/3-1.jpg","contentUrl":"https:\/\/labreva.com\/wp-content\/uploads\/2025\/12\/3-1.jpg","width":1536,"height":2048},{"@type":"BreadcrumbList","@id":"https:\/\/labreva.com\/it\/partner\/donazione-premio-lotteria-torneo-di-golf-di-beneficenza-a-favore-di-herzenswuensche-e-v\/#breadcrumb","itemListElement":[{"@type":"ListItem","position":1,"name":"Startseite","item":"https:\/\/labreva.com\/it\/"},{"@type":"ListItem","position":2,"name":"Partner","item":"https:\/\/labreva.com\/it\/partner\/"},{"@type":"ListItem","position":3,"name":"Donazione premio lotteria torneo di golf di beneficenza a favore di Herzensw\u00fcnsche e.V."}]},{"@type":"WebSite","@id":"https:\/\/labreva.com\/it\/#website","url":"https:\/\/labreva.com\/it\/","name":"LABREVA - Feriendomizile am Comer See","description":"","publisher":{"@id":"https:\/\/labreva.com\/it\/#organization"},"potentialAction":[{"@type":"SearchAction","target":{"@type":"EntryPoint","urlTemplate":"https:\/\/labreva.com\/it\/?s={search_term_string}"},"query-input":{"@type":"PropertyValueSpecification","valueRequired":true,"valueName":"search_term_string"}}],"inLanguage":"it-IT"},{"@type":"Organization","@id":"https:\/\/labreva.com\/it\/#organization","name":"LABREVA - Feriendomizile am Comer See","url":"https:\/\/labreva.com\/it\/","logo":{"@type":"ImageObject","inLanguage":"it-IT","@id":"https:\/\/labreva.com\/it\/#\/schema\/logo\/image\/","url":"https:\/\/labreva.com\/wp-content\/uploads\/2025\/11\/Labreva_Logo_RGB_5.svg","contentUrl":"https:\/\/labreva.com\/wp-content\/uploads\/2025\/11\/Labreva_Logo_RGB_5.svg","caption":"LABREVA - Feriendomizile am Comer See"},"image":{"@id":"https:\/\/labreva.com\/it\/#\/schema\/logo\/image\/"}}]}},"_links":{"self":[{"href":"https:\/\/labreva.com\/it\/wp-json\/wp\/v2\/pages\/83159","targetHints":{"allow":["GET"]}}],"collection":[{"href":"https:\/\/labreva.com\/it\/wp-json\/wp\/v2\/pages"}],"about":[{"href":"https:\/\/labreva.com\/it\/wp-json\/wp\/v2\/types\/page"}],"author":[{"embeddable":true,"href":"https:\/\/labreva.com\/it\/wp-json\/wp\/v2\/users\/1"}],"replies":[{"embeddable":true,"href":"https:\/\/labreva.com\/it\/wp-json\/wp\/v2\/comments?post=83159"}],"version-history":[{"count":3,"href":"https:\/\/labreva.com\/it\/wp-json\/wp\/v2\/pages\/83159\/revisions"}],"predecessor-version":[{"id":83162,"href":"https:\/\/labreva.com\/it\/wp-json\/wp\/v2\/pages\/83159\/revisions\/83162"}],"up":[{"embeddable":true,"href":"https:\/\/labreva.com\/it\/wp-json\/wp\/v2\/pages\/83151"}],"wp:featuredmedia":[{"embeddable":true,"href":"https:\/\/labreva.com\/it\/wp-json\/wp\/v2\/media\/79940"}],"wp:attachment":[{"href":"https:\/\/labreva.com\/it\/wp-json\/wp\/v2\/media?parent=83159"}],"wp:term":[{"taxonomy":"seitenart","embeddable":true,"href":"https:\/\/labreva.com\/it\/wp-json\/wp\/v2\/seitenart?post=83159"}],"curies":[{"name":"wp","href":"https:\/\/api.w.org\/{rel}","templated":true}]}}