{"id":83038,"date":"2025-12-03T15:03:00","date_gmt":"2025-12-03T14:03:00","guid":{"rendered":"https:\/\/labreva.com\/impronta\/"},"modified":"2026-01-29T14:20:41","modified_gmt":"2026-01-29T13:20:41","slug":"impronta","status":"publish","type":"page","link":"https:\/\/labreva.com\/it\/impronta\/","title":{"rendered":"Impronta"},"content":{"rendered":"\t\t<div data-elementor-type=\"wp-page\" data-elementor-id=\"83038\" class=\"elementor elementor-83038 elementor-8719\" data-elementor-post-type=\"page\">\n\t\t\t\t<div class=\"elementor-element elementor-element-22679275 e-con-full e-flex e-con e-child\" data-id=\"22679275\" data-element_type=\"container\" data-e-type=\"container\">\n\t\t\t\t<div class=\"elementor-element elementor-element-44f72746 elementor-widget elementor-widget-heading\" data-id=\"44f72746\" data-element_type=\"widget\" data-e-type=\"widget\" data-widget_type=\"heading.default\">\n\t\t\t\t\t<h1 class=\"elementor-heading-title elementor-size-default\">Impronta<\/h1>\t\t\t\t<\/div>\n\t\t\t\t<div class=\"elementor-element elementor-element-1b6ba259 elementor-widget__width-initial elementor-widget-mobile__width-inherit make-text-mobile-sm elementor-widget elementor-widget-text-editor\" data-id=\"1b6ba259\" data-element_type=\"widget\" data-e-type=\"widget\" data-widget_type=\"text-editor.default\">\n\t\t\t\t\t\t\t\t\t<p>LABREVA<br>Dinardstra\u00dfe 6<br>82319 Starnberg<br>Deutschland<\/p><p>Telefono: <a title=\"Call +498151996960 via 3CX\" href=\"tel:+498151996960\" target=\"_blank\" rel=\"noopener\">+49 8151 996960<\/a><br><span style=\"font-family: -apple-system, BlinkMacSystemFont, 'Segoe UI', Roboto, 'Helvetica Neue', Arial, 'Noto Sans', sans-serif, 'Apple Color Emoji', 'Segoe UI Emoji', 'Segoe UI Symbol', 'Noto Color Emoji';\">E-Mail: <\/span><a style=\"font-family: -apple-system, BlinkMacSystemFont, 'Segoe UI', Roboto, 'Helvetica Neue', Arial, 'Noto Sans', sans-serif, 'Apple Color Emoji', 'Segoe UI Emoji', 'Segoe UI Symbol', 'Noto Color Emoji';\" href=\"mailto:info@labreva.com\" target=\"_blank\" rel=\"noopener\">info@labreva.com<\/a><\/p><p>Proprietario: J\u00fcrgen Bauer<br>Sede legale: 82319 Starnberg<br>Partita IVA DE 332703256 \/ Ufficio delle imposte: Starnberg <\/p><div><p>Responsabile dei contenuti secondo il \u00a7 55 RStV: J\u00fcrgen Bauer<\/p><p>Autorizzazione ai sensi del \u00a7 34c Gewerbeordnung (GewO): Numero di fascicolo 51-826\/M-1 Bb del 27.10.93<br>Regione: Lago di Como<\/p><\/div><p>La Commissione europea mette a disposizione una piattaforma per la risoluzione delle controversie online (OS), che potete trovare qui <a href=\"https:\/\/ec.europa.eu\/consumers\/odr\/\" target=\"_blank\" rel=\"nofollow noopener\">https:\/\/ec.europa.eu\/consumers\/odr\/ .<\/a><br>Siamo pronti a partecipare a una procedura di arbitrato extragiudiziale davanti a un collegio arbitrale dei consumatori.<br>Responsabile \u00e8 il Consiglio generale di arbitrato dei consumatori del Zentrum f\u00fcr Schlichtung e.V., Stra\u00dfburger Stra\u00dfe 8, 77694 Kehl am Rhein, <a href=\"http:\/\/www.verbraucher-schlichter.de\/\" target=\"_blank\" rel=\"nofollow noopener\">www.verbraucher-schlichter.de<\/a><\/p><p>Copyright e diritti di propriet\u00e0:<br><br>Si prega di notare che i contenuti di questo sito web sono protetti da copyright.<br>I nomi delle societ\u00e0 e\/o dei prodotti, nonch\u00e9 i loghi, le immagini, i caratteri e altre denominazioni possono essere protetti, oltre che dal diritto d\u2019autore, anche dal diritto dei marchi di fabbrica o di commercio (\u00ae o TM). <\/p><p>Sul nostro sito web abbiamo inserito dei link ad altre pagine Internet.<br>Sul nostro sito web abbiamo inserito dei link ad altre pagine Internet. Per tutti questi link vale quanto segue<br>\u201cSottolineiamo espressamente che non abbiamo alcuna influenza sulla struttura e sul contenuto delle pagine collegate. Pertanto prendiamo espressamente le distanze da tutti i contenuti di tutte le pagine collegate del nostro intero sito web, comprese tutte le sottopagine. Questa dichiarazione vale per tutti i link presenti sul nostro sito e per tutti i contenuti delle pagine a cui rimandano i link o i banner\u201d. (questa sentenza pu\u00f2 essere consultata su <a href=\"http:\/\/www.online-recht.de\" target=\"_blank\" rel=\"noopener\">www.online-recht.de<\/a>).<br>La presente clausola di esclusione della responsabilit\u00e0 deve essere considerata come parte integrante della pubblicazione internet da cui si \u00e8 stati indirizzati.<br>Se sezioni o singoli termini di questa dichiarazione non sono legali o corretti, il contenuto o la validit\u00e0 delle altre parti non sono influenzati da questo fatto.  <\/p><p><strong><br>Diritti d\u2019immagine<br><\/strong>\u00a9 Sailko \u2013 wikimedia.org<br>\u00a9 ipq7 \u2013 fotolia.com<br>\u00a9 pixdeluxe \u2013 istockphoto.com<br>\u00a9 kzenon \u2013 istockphoto.com<br>\u00a9 MaszaS \u2013 istockphoto.com<br>\u00a9 Ladiras \u2013 istockphoto.com<br>\u00a9 Imgorthand \u2013 istockphoto.com<br>\u00a9 SolStock \u2013 istockphoto.com<br>\u00a9 swissmediavision \u2013 istockphoto.com<br>\u00a9 franckreporter \u2013 istockphoto.com<br>\u00a9 THEPALMER \u2013 istockphoto.com<br>\u00a9 Bicho_raro \u2013 istockphoto.com<br>\u00a9 pkstock \u2013 istockphoto.com<br>\u00a9 LeoPatrizi \u2013 istockphoto.com<br>\u00a9 dsabo \u2013 istockphoto.com<br>\u00a9 Knape urlaub-prosecco.jpg istockphoto.com<br>\u00a9 argegno-golfplatz-g-Ar.jpg \u2013 golflanzo.it<br>\u00a9 argegno-golfplatz-g-Ar.jpg \u2013 golflanzo.it<br>\u00a9 bellagio-sportingclub-be.jpg \u2013 bellagiosportingclub.com<br>\u00a9 como-wasserflugzeug-co.jpg \u2013 aeroclubcomo.com<br>\u00a9 menaggio-golf-me.jpg \u2013 menaggio.it<br>\u00a9 bernina-express-be.jpg \u2013 glacierexpress.ch<br>\u00a9 lierna-feste-li.jpg \u2013 prolocolario.it<br>\u00a9 kasha_malasha \u2013 shutterstock.com<br>\u00a9 oneinchpunch \u2013 shutterstock.com<br>\u00a9 Iakov Filimonov \u2013 shutterstock.com<br>\u00a9 Marco Saracco \u2013 shutterstock.com<br>\u00a9 COLOMBO NICOLA \u2013 shutterstock.com<br>\u00a9 Jack Frog \u2013 shutterstock.com<\/p><p>Concezione, progettazione e programmazione:<br>be-on! GmbH<br>Natruper Str. 24<br>49076 Osnabr\u00fcck<br>Telefono: <a href=\"tel:+495415079720\" target=\"_blank\" rel=\"noopener\">+49 541 507 972 \u2013 0<\/a> <br><a href=\"http:\/\/be-on.de\" target=\"_blank\" rel=\"noopener\">be-on.de<\/a><\/p><p>Software di prenotazione \/ PMS:<br>vOffice GmbH<br>Untere Querstra\u00dfe 3<br>23730 Neustadt\/Holstein<br><a href=\"http:\/\/www.v-office.com\" target=\"_blank\" rel=\"noopener\">www.v-office.com<\/a><\/p>\t\t\t\t\t\t\t\t<\/div>\n\t\t\t\t<\/div>\n\t\t\t\t<\/div>\n\t\t","protected":false},"excerpt":{"rendered":"<p>Impronta LABREVADinardstra\u00dfe 682319 StarnbergDeutschland Telefono: +49 8151 996960E-Mail: info@labreva.com Proprietario: J\u00fcrgen BauerSede legale: 82319 StarnbergPartita IVA DE 332703256 \/ Ufficio delle imposte: Starnberg Responsabile dei contenuti secondo il \u00a7 55 RStV: J\u00fcrgen Bauer Autorizzazione ai sensi del \u00a7 34c Gewerbeordnung (GewO): Numero di fascicolo 51-826\/M-1 Bb del 27.10.93Regione: Lago di Como La Commissione europea mette [&hellip;]<\/p>\n","protected":false},"author":1,"featured_media":79496,"parent":0,"menu_order":0,"comment_status":"closed","ping_status":"closed","template":"","meta":{"_acf_changed":false,"footnotes":""},"seitenart":[37],"class_list":["post-83038","page","type-page","status-publish","has-post-thumbnail","hentry","seitenart-content-page-without-slider"],"acf":[],"yoast_head":"<!-- This site is optimized with the Yoast SEO plugin v27.3 - https:\/\/yoast.com\/product\/yoast-seo-wordpress\/ -->\n<title>Impronta - LABREVA - Feriendomizile am Comer See<\/title>\n<meta name=\"robots\" content=\"index, follow, max-snippet:-1, max-image-preview:large, max-video-preview:-1\" \/>\n<link rel=\"canonical\" href=\"https:\/\/labreva.com\/it\/impronta\/\" \/>\n<meta property=\"og:locale\" content=\"it_IT\" \/>\n<meta property=\"og:type\" content=\"article\" \/>\n<meta property=\"og:title\" content=\"Impronta - LABREVA - Feriendomizile am Comer See\" \/>\n<meta property=\"og:description\" content=\"Impronta LABREVADinardstra\u00dfe 682319 StarnbergDeutschland Telefono: +49 8151 996960E-Mail: info@labreva.com Proprietario: J\u00fcrgen BauerSede legale: 82319 StarnbergPartita IVA DE 332703256 \/ Ufficio delle imposte: Starnberg Responsabile dei contenuti secondo il \u00a7 55 RStV: J\u00fcrgen Bauer Autorizzazione ai sensi del \u00a7 34c Gewerbeordnung (GewO): Numero di fascicolo 51-826\/M-1 Bb del 27.10.93Regione: Lago di Como La Commissione europea mette [&hellip;]\" \/>\n<meta property=\"og:url\" content=\"https:\/\/labreva.com\/it\/impronta\/\" \/>\n<meta property=\"og:site_name\" content=\"LABREVA - Feriendomizile am Comer See\" \/>\n<meta property=\"article:modified_time\" content=\"2026-01-29T13:20:41+00:00\" \/>\n<meta property=\"og:image\" content=\"https:\/\/labreva.com\/wp-content\/uploads\/2025\/12\/K1024_K1600_AdobeStock_157793731-scaled-1.jpg\" \/>\n\t<meta property=\"og:image:width\" content=\"1152\" \/>\n\t<meta property=\"og:image:height\" content=\"768\" \/>\n\t<meta property=\"og:image:type\" content=\"image\/jpeg\" \/>\n<meta name=\"twitter:card\" content=\"summary_large_image\" \/>\n<meta name=\"twitter:label1\" content=\"Tempo di lettura stimato\" \/>\n\t<meta name=\"twitter:data1\" content=\"2 minuti\" \/>\n<script type=\"application\/ld+json\" class=\"yoast-schema-graph\">{\"@context\":\"https:\\\/\\\/schema.org\",\"@graph\":[{\"@type\":\"WebPage\",\"@id\":\"https:\\\/\\\/labreva.com\\\/it\\\/impronta\\\/\",\"url\":\"https:\\\/\\\/labreva.com\\\/it\\\/impronta\\\/\",\"name\":\"Impronta - LABREVA - Feriendomizile am Comer See\",\"isPartOf\":{\"@id\":\"https:\\\/\\\/labreva.com\\\/it\\\/#website\"},\"primaryImageOfPage\":{\"@id\":\"https:\\\/\\\/labreva.com\\\/it\\\/impronta\\\/#primaryimage\"},\"image\":{\"@id\":\"https:\\\/\\\/labreva.com\\\/it\\\/impronta\\\/#primaryimage\"},\"thumbnailUrl\":\"https:\\\/\\\/labreva.com\\\/wp-content\\\/uploads\\\/2025\\\/12\\\/K1024_K1600_AdobeStock_157793731-scaled-1.jpg\",\"datePublished\":\"2025-12-03T14:03:00+00:00\",\"dateModified\":\"2026-01-29T13:20:41+00:00\",\"breadcrumb\":{\"@id\":\"https:\\\/\\\/labreva.com\\\/it\\\/impronta\\\/#breadcrumb\"},\"inLanguage\":\"it-IT\",\"potentialAction\":[{\"@type\":\"ReadAction\",\"target\":[\"https:\\\/\\\/labreva.com\\\/it\\\/impronta\\\/\"]}]},{\"@type\":\"ImageObject\",\"inLanguage\":\"it-IT\",\"@id\":\"https:\\\/\\\/labreva.com\\\/it\\\/impronta\\\/#primaryimage\",\"url\":\"https:\\\/\\\/labreva.com\\\/wp-content\\\/uploads\\\/2025\\\/12\\\/K1024_K1600_AdobeStock_157793731-scaled-1.jpg\",\"contentUrl\":\"https:\\\/\\\/labreva.com\\\/wp-content\\\/uploads\\\/2025\\\/12\\\/K1024_K1600_AdobeStock_157793731-scaled-1.jpg\",\"width\":1152,\"height\":768},{\"@type\":\"BreadcrumbList\",\"@id\":\"https:\\\/\\\/labreva.com\\\/it\\\/impronta\\\/#breadcrumb\",\"itemListElement\":[{\"@type\":\"ListItem\",\"position\":1,\"name\":\"Startseite\",\"item\":\"https:\\\/\\\/labreva.com\\\/it\\\/\"},{\"@type\":\"ListItem\",\"position\":2,\"name\":\"Impronta\"}]},{\"@type\":\"WebSite\",\"@id\":\"https:\\\/\\\/labreva.com\\\/it\\\/#website\",\"url\":\"https:\\\/\\\/labreva.com\\\/it\\\/\",\"name\":\"LABREVA - Feriendomizile am Comer See\",\"description\":\"\",\"publisher\":{\"@id\":\"https:\\\/\\\/labreva.com\\\/it\\\/#organization\"},\"potentialAction\":[{\"@type\":\"SearchAction\",\"target\":{\"@type\":\"EntryPoint\",\"urlTemplate\":\"https:\\\/\\\/labreva.com\\\/it\\\/?s={search_term_string}\"},\"query-input\":{\"@type\":\"PropertyValueSpecification\",\"valueRequired\":true,\"valueName\":\"search_term_string\"}}],\"inLanguage\":\"it-IT\"},{\"@type\":\"Organization\",\"@id\":\"https:\\\/\\\/labreva.com\\\/it\\\/#organization\",\"name\":\"LABREVA - Feriendomizile am Comer See\",\"url\":\"https:\\\/\\\/labreva.com\\\/it\\\/\",\"logo\":{\"@type\":\"ImageObject\",\"inLanguage\":\"it-IT\",\"@id\":\"https:\\\/\\\/labreva.com\\\/it\\\/#\\\/schema\\\/logo\\\/image\\\/\",\"url\":\"https:\\\/\\\/labreva.com\\\/wp-content\\\/uploads\\\/2025\\\/11\\\/Labreva_Logo_RGB_5.svg\",\"contentUrl\":\"https:\\\/\\\/labreva.com\\\/wp-content\\\/uploads\\\/2025\\\/11\\\/Labreva_Logo_RGB_5.svg\",\"caption\":\"LABREVA - Feriendomizile am Comer See\"},\"image\":{\"@id\":\"https:\\\/\\\/labreva.com\\\/it\\\/#\\\/schema\\\/logo\\\/image\\\/\"}}]}<\/script>\n<!-- \/ Yoast SEO plugin. -->","yoast_head_json":{"title":"Impronta - LABREVA - Feriendomizile am Comer See","robots":{"index":"index","follow":"follow","max-snippet":"max-snippet:-1","max-image-preview":"max-image-preview:large","max-video-preview":"max-video-preview:-1"},"canonical":"https:\/\/labreva.com\/it\/impronta\/","og_locale":"it_IT","og_type":"article","og_title":"Impronta - LABREVA - Feriendomizile am Comer See","og_description":"Impronta LABREVADinardstra\u00dfe 682319 StarnbergDeutschland Telefono: +49 8151 996960E-Mail: info@labreva.com Proprietario: J\u00fcrgen BauerSede legale: 82319 StarnbergPartita IVA DE 332703256 \/ Ufficio delle imposte: Starnberg Responsabile dei contenuti secondo il \u00a7 55 RStV: J\u00fcrgen Bauer Autorizzazione ai sensi del \u00a7 34c Gewerbeordnung (GewO): Numero di fascicolo 51-826\/M-1 Bb del 27.10.93Regione: Lago di Como La Commissione europea mette [&hellip;]","og_url":"https:\/\/labreva.com\/it\/impronta\/","og_site_name":"LABREVA - Feriendomizile am Comer See","article_modified_time":"2026-01-29T13:20:41+00:00","og_image":[{"width":1152,"height":768,"url":"https:\/\/labreva.com\/wp-content\/uploads\/2025\/12\/K1024_K1600_AdobeStock_157793731-scaled-1.jpg","type":"image\/jpeg"}],"twitter_card":"summary_large_image","twitter_misc":{"Tempo di lettura stimato":"2 minuti"},"schema":{"@context":"https:\/\/schema.org","@graph":[{"@type":"WebPage","@id":"https:\/\/labreva.com\/it\/impronta\/","url":"https:\/\/labreva.com\/it\/impronta\/","name":"Impronta - LABREVA - Feriendomizile am Comer See","isPartOf":{"@id":"https:\/\/labreva.com\/it\/#website"},"primaryImageOfPage":{"@id":"https:\/\/labreva.com\/it\/impronta\/#primaryimage"},"image":{"@id":"https:\/\/labreva.com\/it\/impronta\/#primaryimage"},"thumbnailUrl":"https:\/\/labreva.com\/wp-content\/uploads\/2025\/12\/K1024_K1600_AdobeStock_157793731-scaled-1.jpg","datePublished":"2025-12-03T14:03:00+00:00","dateModified":"2026-01-29T13:20:41+00:00","breadcrumb":{"@id":"https:\/\/labreva.com\/it\/impronta\/#breadcrumb"},"inLanguage":"it-IT","potentialAction":[{"@type":"ReadAction","target":["https:\/\/labreva.com\/it\/impronta\/"]}]},{"@type":"ImageObject","inLanguage":"it-IT","@id":"https:\/\/labreva.com\/it\/impronta\/#primaryimage","url":"https:\/\/labreva.com\/wp-content\/uploads\/2025\/12\/K1024_K1600_AdobeStock_157793731-scaled-1.jpg","contentUrl":"https:\/\/labreva.com\/wp-content\/uploads\/2025\/12\/K1024_K1600_AdobeStock_157793731-scaled-1.jpg","width":1152,"height":768},{"@type":"BreadcrumbList","@id":"https:\/\/labreva.com\/it\/impronta\/#breadcrumb","itemListElement":[{"@type":"ListItem","position":1,"name":"Startseite","item":"https:\/\/labreva.com\/it\/"},{"@type":"ListItem","position":2,"name":"Impronta"}]},{"@type":"WebSite","@id":"https:\/\/labreva.com\/it\/#website","url":"https:\/\/labreva.com\/it\/","name":"LABREVA - Feriendomizile am Comer See","description":"","publisher":{"@id":"https:\/\/labreva.com\/it\/#organization"},"potentialAction":[{"@type":"SearchAction","target":{"@type":"EntryPoint","urlTemplate":"https:\/\/labreva.com\/it\/?s={search_term_string}"},"query-input":{"@type":"PropertyValueSpecification","valueRequired":true,"valueName":"search_term_string"}}],"inLanguage":"it-IT"},{"@type":"Organization","@id":"https:\/\/labreva.com\/it\/#organization","name":"LABREVA - Feriendomizile am Comer See","url":"https:\/\/labreva.com\/it\/","logo":{"@type":"ImageObject","inLanguage":"it-IT","@id":"https:\/\/labreva.com\/it\/#\/schema\/logo\/image\/","url":"https:\/\/labreva.com\/wp-content\/uploads\/2025\/11\/Labreva_Logo_RGB_5.svg","contentUrl":"https:\/\/labreva.com\/wp-content\/uploads\/2025\/11\/Labreva_Logo_RGB_5.svg","caption":"LABREVA - Feriendomizile am Comer See"},"image":{"@id":"https:\/\/labreva.com\/it\/#\/schema\/logo\/image\/"}}]}},"_links":{"self":[{"href":"https:\/\/labreva.com\/it\/wp-json\/wp\/v2\/pages\/83038","targetHints":{"allow":["GET"]}}],"collection":[{"href":"https:\/\/labreva.com\/it\/wp-json\/wp\/v2\/pages"}],"about":[{"href":"https:\/\/labreva.com\/it\/wp-json\/wp\/v2\/types\/page"}],"author":[{"embeddable":true,"href":"https:\/\/labreva.com\/it\/wp-json\/wp\/v2\/users\/1"}],"replies":[{"embeddable":true,"href":"https:\/\/labreva.com\/it\/wp-json\/wp\/v2\/comments?post=83038"}],"version-history":[{"count":1,"href":"https:\/\/labreva.com\/it\/wp-json\/wp\/v2\/pages\/83038\/revisions"}],"predecessor-version":[{"id":83039,"href":"https:\/\/labreva.com\/it\/wp-json\/wp\/v2\/pages\/83038\/revisions\/83039"}],"wp:featuredmedia":[{"embeddable":true,"href":"https:\/\/labreva.com\/it\/wp-json\/wp\/v2\/media\/79496"}],"wp:attachment":[{"href":"https:\/\/labreva.com\/it\/wp-json\/wp\/v2\/media?parent=83038"}],"wp:term":[{"taxonomy":"seitenart","embeddable":true,"href":"https:\/\/labreva.com\/it\/wp-json\/wp\/v2\/seitenart?post=83038"}],"curies":[{"name":"wp","href":"https:\/\/api.w.org\/{rel}","templated":true}]}}