{"id":82878,"date":"2026-01-13T12:31:33","date_gmt":"2026-01-13T11:31:33","guid":{"rendered":"https:\/\/labreva.com\/casa-vacanze-con-piscina-sul-lago-di-como\/"},"modified":"2026-01-29T14:32:44","modified_gmt":"2026-01-29T13:32:44","slug":"casa-vacanze-con-piscina-sul-lago-di-como","status":"publish","type":"page","link":"https:\/\/labreva.com\/it\/casa-vacanze-con-piscina-sul-lago-di-como\/","title":{"rendered":"Casa vacanze con piscina sul Lago di Como"},"content":{"rendered":"\t\t<div data-elementor-type=\"wp-page\" data-elementor-id=\"82878\" class=\"elementor elementor-82878 elementor-79047\" data-elementor-post-type=\"page\">\n\t\t\t\t<div class=\"elementor-element elementor-element-348f2a9 e-flex e-con-boxed e-con e-parent\" data-id=\"348f2a9\" data-element_type=\"container\" data-e-type=\"container\">\n\t\t\t\t\t<div class=\"e-con-inner\">\n\t\t<div class=\"elementor-element elementor-element-c81201a e-con-full e-flex e-con e-child\" data-id=\"c81201a\" data-element_type=\"container\" data-e-type=\"container\">\n\t\t\t\t<div class=\"elementor-element elementor-element-00bcd73 elementor-widget elementor-widget-image\" data-id=\"00bcd73\" data-element_type=\"widget\" data-e-type=\"widget\" data-widget_type=\"image.default\">\n\t\t\t\t\t\t\t\t\t\t\t\t\t\t\t<img fetchpriority=\"high\" decoding=\"async\" width=\"768\" height=\"512\" src=\"https:\/\/labreva.com\/wp-content\/uploads\/2025\/12\/Pool-mit-See-und-Bergblick-768x512-1.jpg\" class=\"attachment-large size-large wp-image-81467\" alt=\"\" \/>\t\t\t\t\t\t\t\t\t\t\t\t\t\t\t<\/div>\n\t\t\t\t<\/div>\n\t\t\t\t\t<\/div>\n\t\t\t\t<\/div>\n\t\t<div class=\"elementor-element elementor-element-48a5dae4 e-con-full e-flex e-con e-child\" data-id=\"48a5dae4\" data-element_type=\"container\" data-e-type=\"container\">\n\t\t\t\t<div class=\"elementor-element elementor-element-74021e47 elementor-widget elementor-widget-heading\" data-id=\"74021e47\" data-element_type=\"widget\" data-e-type=\"widget\" data-widget_type=\"heading.default\">\n\t\t\t\t\t<h1 class=\"elementor-heading-title elementor-size-default\">Casa vacanze con piscina sul Lago di Como<\/h1>\t\t\t\t<\/div>\n\t\t\t\t<div class=\"elementor-element elementor-element-7f309f8c elementor-widget__width-initial elementor-widget-mobile__width-inherit make-text-mobile-sm elementor-widget elementor-widget-text-editor\" data-id=\"7f309f8c\" data-element_type=\"widget\" data-e-type=\"widget\" data-widget_type=\"text-editor.default\">\n\t\t\t\t\t\t\t\t\t<p class=\"lazyloaded\">State programmando una vacanza in una <strong>casa vacanze sul Lago di Como con piscina<\/strong> e cercate ancora una sistemazione adeguata?<\/p>\n<p>Vi offriamo appartamenti, ville e case vacanza in diverse fasce di prezzo, tutti dotati di piscina esterna. Scegliete voi stessi e trovate<strong> la casa vacanza sul Lago di Como con piscina<\/strong> che soddisfa le vostre esigenze. Scegliete tra una <a href=\"https:\/\/labreva.com\/it\/cerca-prenota\/?s=&#038;nights_min=0&#038;nights_max=0&#038;from=&#038;to=&#038;adults=2&#038;children=0&#038;babys=0&#038;petsCount=0&#038;order=random&#038;type=&#038;region=&#038;filter%5Bpool%5D=on\">vasta gamma di propriet\u00e0.<\/a>  <\/p>\n<p class=\"nitro-offscreen\">Scoprite le nostre case vacanza nell&#8217;entroterra per ammirare il panorama completo del lago e delle montagne. Oppure rimanete al centro dell&#8217;azione e prenotate una <strong>casa vacanza sul Lago di Como con piscina.<\/strong> <strong> <\/strong> e siate vicini al lungomare. <\/p>\n<p class=\"nitro-offscreen\">Una cosa \u00e8 certa: una vacanza in una <strong>casa vacanze sul Lago di Como con piscina<\/strong><strong> <\/strong> \u00e8 un&#8217;esperienza meravigliosa che ricorderete a lungo dopo la vostra vacanza. Scoprite gli alloggi nelle localit\u00e0 pi\u00f9 disparate e in molti luoghi intorno al Lago di Como. <\/p>\t\t\t\t\t\t\t\t<\/div>\n\t\t\t\t<\/div>\n\t\t<div class=\"elementor-element elementor-element-44fe61b e-flex e-con-boxed e-con e-parent\" data-id=\"44fe61b\" data-element_type=\"container\" data-e-type=\"container\">\n\t\t\t\t\t<div class=\"e-con-inner\">\n\t\t<div class=\"elementor-element elementor-element-6e814041 e-con-full e-flex e-con e-child\" data-id=\"6e814041\" data-element_type=\"container\" data-e-type=\"container\">\n\t\t<div class=\"elementor-element elementor-element-3e5b9c1f e-con-full e-flex e-con e-child\" data-id=\"3e5b9c1f\" data-element_type=\"container\" data-e-type=\"container\" data-settings=\"{&quot;background_background&quot;:&quot;classic&quot;}\">\n\t\t\t\t<\/div>\n\t\t<div class=\"elementor-element elementor-element-3ac4248c e-con-full e-flex e-con e-child\" data-id=\"3ac4248c\" data-element_type=\"container\" data-e-type=\"container\">\n\t\t\t\t<div class=\"elementor-element elementor-element-33aeae2 elementor-widget elementor-widget-heading\" data-id=\"33aeae2\" data-element_type=\"widget\" data-e-type=\"widget\" data-widget_type=\"heading.default\">\n\t\t\t\t\t<h2 class=\"elementor-heading-title elementor-size-default\">Pretore Rustico - Casa vacanze<\/h2>\t\t\t\t<\/div>\n\t\t\t\t<div class=\"elementor-element elementor-element-7e3e16dc elementor-widget__width-inherit elementor-widget-tablet__width-inherit elementor-widget elementor-widget-text-editor\" data-id=\"7e3e16dc\" data-element_type=\"widget\" data-e-type=\"widget\" data-widget_type=\"text-editor.default\">\n\t\t\t\t\t\t\t\t\t<p>Il romantico <a href=\"https:\/\/labreva.com\/de\/unterkuenfte\/pretore-rustico-ferienhaus\/\">Rustico Pretore<\/a> \u00e8 una <strong>casa vacanze sul Lago di Como con piscina<\/strong>. Si trova sopra il pittoresco paese lacustre di Gravedona, nel villaggio montano di Cerviano, su un pendio soleggiato e circondato da tanta natura, pochi vicini, vigneti e uliveti. In auto si raggiunge in soli 3-5 minuti Gravedona, uno dei numerosi paesi qui sulle rive del Lago di Como. <a href=\"https:\/\/labreva.com\/it\/villaggi-turistici-sul-lago-di-como\/gravedona-e-dintorni\/\">Gravedona<\/a> offre numerosi negozi, caff\u00e8, bar, un bel lungolago e un molo con collegamenti verso molte delle affascinanti citt\u00e0 del Lago di Como. Il punto forte di questa <strong>casa vacanze sul Lago di Como<\/strong> con piscina \u00e8 la terrazza di circa 36 m\u00b2 con pergola in muratura, una zona soggiorno aperta e coperta con camino e mobili da giardino, che offre un&#8217;atmosfera da sogno. Con doccia esterna. Le due camere da letto al piano superiore e mansardato hanno ciascuna un balcone sul lato del lago. La piscina si trova a pochi gradini pi\u00f9 in basso. Nel giardino sottostante crescono ortaggi locali, frutta come mele, prugne, fichi ed erbe aromatiche, che potrete raccogliere previo accordo.       <\/p>\t\t\t\t\t\t\t\t<\/div>\n\t\t\t\t<\/div>\n\t\t\t\t<\/div>\n\t\t<div class=\"elementor-element elementor-element-2c2d807f e-con-full e-flex e-con e-child\" data-id=\"2c2d807f\" data-element_type=\"container\" data-e-type=\"container\">\n\t\t\t\t<div class=\"elementor-element elementor-element-48d7ee7d elementor-widget elementor-widget-spacer\" data-id=\"48d7ee7d\" data-element_type=\"widget\" data-e-type=\"widget\" data-widget_type=\"spacer.default\">\n\t\t\t\t\t\t\t<div class=\"elementor-spacer\">\n\t\t\t<div class=\"elementor-spacer-inner\"><\/div>\n\t\t<\/div>\n\t\t\t\t\t\t<\/div>\n\t\t\t\t<\/div>\n\t\t<div class=\"elementor-element elementor-element-565f58c6 e-con-full e-flex e-con e-child\" data-id=\"565f58c6\" data-element_type=\"container\" data-e-type=\"container\">\n\t\t<div class=\"elementor-element elementor-element-19fc468 e-con-full e-flex e-con e-child\" data-id=\"19fc468\" data-element_type=\"container\" data-e-type=\"container\" data-settings=\"{&quot;background_background&quot;:&quot;classic&quot;}\">\n\t\t\t\t<\/div>\n\t\t<div class=\"elementor-element elementor-element-b8b3fca e-con-full e-flex e-con e-child\" data-id=\"b8b3fca\" data-element_type=\"container\" data-e-type=\"container\">\n\t\t\t\t<div class=\"elementor-element elementor-element-65f4acc3 elementor-widget elementor-widget-heading\" data-id=\"65f4acc3\" data-element_type=\"widget\" data-e-type=\"widget\" data-widget_type=\"heading.default\">\n\t\t\t\t\t<h2 class=\"elementor-heading-title elementor-size-default\">Casa vacanze Lago di Como con piscina <\/h2>\t\t\t\t<\/div>\n\t\t\t\t<div class=\"elementor-element elementor-element-3bb6a411 elementor-widget-tablet__width-inherit elementor-widget elementor-widget-text-editor\" data-id=\"3bb6a411\" data-element_type=\"widget\" data-e-type=\"widget\" data-widget_type=\"text-editor.default\">\n\t\t\t\t\t\t\t\t\t<p>Una <strong>casa vacanze sul Lago di Como con piscina<\/strong> vi dar\u00e0 quasi la sensazione di fare il bagno direttamente nel lago. Godetevi l&#8217;aria di mare dalla vostra piscina privata e godetevi la vostra privacy con gli amici o la famiglia. Inoltre, questo vi offre una vista spettacolare sul lago e sui suoi pittoreschi dintorni. Allo stesso tempo, potrete naturalmente fare una gita al lago e provare uno <a href=\"https:\/\/labreva.com\/it\/idee-per-le-vacanze\/surf-sul-lago-di-como\/\">sport acquatico<\/a>, se lo desiderate. Non dovrete preoccuparvi di spiagge o stabilimenti balneari affollati. Potrete quindi utilizzare la vostra piscina in qualsiasi momento a vostro piacimento e non dovrete rispettare alcun orario di apertura. Soprattutto nelle calde giornate estive, un tuffo spontaneo in piscina pu\u00f2 fare miracoli.      <\/p>\n<p>Se viaggiate con la famiglia, potrete godervi il sole a bordo piscina mentre i vostri bambini si divertono in acqua. Una <strong>casa vacanze sul Lago di Como con piscina<\/strong> \u00e8 per molti bambini un vero e proprio highlight, che pu\u00f2 rendere la vacanza ancora pi\u00f9 speciale. <\/p>\n<p>Alcune delle <strong>case vacanza sul Lago di Como con piscina<\/strong><strong> <\/strong> sono inoltre dotate di vasca idromassaggio e trasmettono un&#8217;atmosfera molto esclusiva. Le nostre ville, appartamenti e <strong>case vacanza sul Lago di Como con piscina<\/strong> <strong> <\/strong> sono prenotabili in diverse fasce di prezzo e sono distribuiti intorno al Lago di Como. <a href=\"https:\/\/labreva.com\/it\/cerca-prenota\/?s=&#038;nights_min=0&#038;nights_max=0&#038;from=&#038;to=&#038;adults=1&#038;children=0&#038;babys=0&#038;petsCount=0&#038;order=random&#038;type=&#038;region=&#038;filter%5Bpool%5D=on\">Qui <\/a>ognuno trover\u00e0 la sistemazione giusta per le proprie vacanze.<\/p>\t\t\t\t\t\t\t\t<\/div>\n\t\t\t\t<\/div>\n\t\t\t\t<\/div>\n\t\t<div class=\"elementor-element elementor-element-673cc7c e-con-full e-flex e-con e-child\" data-id=\"673cc7c\" data-element_type=\"container\" data-e-type=\"container\">\n\t\t<div class=\"elementor-element elementor-element-f0dac31 e-con-full e-flex e-con e-child\" data-id=\"f0dac31\" data-element_type=\"container\" data-e-type=\"container\" data-settings=\"{&quot;background_background&quot;:&quot;classic&quot;}\">\n\t\t\t\t<\/div>\n\t\t<div class=\"elementor-element elementor-element-01de372 e-con-full e-flex e-con e-child\" data-id=\"01de372\" data-element_type=\"container\" data-e-type=\"container\">\n\t\t\t\t<div class=\"elementor-element elementor-element-fa4ddf1 elementor-widget elementor-widget-heading\" data-id=\"fa4ddf1\" data-element_type=\"widget\" data-e-type=\"widget\" data-widget_type=\"heading.default\">\n\t\t\t\t\t<h2 class=\"elementor-heading-title elementor-size-default\">Collina Margherita \u2013 Case vacanza sul Lago di Como con piscina <\/h2>\t\t\t\t<\/div>\n\t\t\t\t<div class=\"elementor-element elementor-element-bf0c577 elementor-widget__width-inherit elementor-widget-tablet__width-inherit elementor-widget elementor-widget-text-editor\" data-id=\"bf0c577\" data-element_type=\"widget\" data-e-type=\"widget\" data-widget_type=\"text-editor.default\">\n\t\t\t\t\t\t\t\t\t<p>La <strong>casa vacanze sul Lago di Como con piscina<\/strong> si chiama <a href=\"https:\/\/labreva.com\/de\/unterkuenfte\/collina-margherita-ferienhaus\/?adults=1\">\u201cCollina Margherita\u201d<\/a> ed \u00e8 la casa sulla destra delle 3 case vacanze di lusso nel villaggio montano di Vercana, sopra <a href=\"https:\/\/labreva.com\/it\/villaggi-turistici-sul-lago-di-como\/domaso-e-dintorni\/\">Domaso<\/a>, in un pittoresco villaggio sulla sponda occidentale del Lago di Como, a 3 km dal lago.<\/p>\n<p>Un panorama mozzafiato su un pendio soleggiato che si estende a sud del lago e contrasta con le maestose montagne circostanti rende questo affascinante villaggio dal clima mediterraneo un luogo ideale per una vacanza in ogni stagione dell&#8217;anno. Sopra si trovano la residenza Collina, il giardino, il parco giochi per bambini e la sala giochi per hobby, che possono essere utilizzati in comune. Sul lato del lago si trova la terrazza parzialmente coperta con grande barbecue, tavolo da pranzo e sedie a sdraio. Questa <strong>casa vacanze sul Lago di Como con piscina<\/strong> aspetta solo di essere scoperta. Clicca <a href=\"https:\/\/labreva.com\/de\/unterkuenfte\/collina-margherita-ferienhaus\/?adults=1\">qui<\/a> per vedere la propriet\u00e0.   <\/p>\t\t\t\t\t\t\t\t<\/div>\n\t\t\t\t<\/div>\n\t\t\t\t<\/div>\n\t\t\t\t\t<\/div>\n\t\t\t\t<\/div>\n\t\t<div class=\"elementor-element elementor-element-58050ab e-flex e-con-boxed e-con e-parent\" data-id=\"58050ab\" data-element_type=\"container\" data-e-type=\"container\">\n\t\t\t\t\t<div class=\"e-con-inner\">\n\t\t\t\t<div class=\"elementor-element elementor-element-a3bd25b elementor-widget elementor-widget-spacer\" data-id=\"a3bd25b\" data-element_type=\"widget\" data-e-type=\"widget\" data-widget_type=\"spacer.default\">\n\t\t\t\t\t\t\t<div class=\"elementor-spacer\">\n\t\t\t<div class=\"elementor-spacer-inner\"><\/div>\n\t\t<\/div>\n\t\t\t\t\t\t<\/div>\n\t\t\t\t\t<\/div>\n\t\t\t\t<\/div>\n\t\t<div class=\"elementor-element elementor-element-2108fb8 e-flex e-con-boxed e-con e-parent\" data-id=\"2108fb8\" data-element_type=\"container\" data-e-type=\"container\">\n\t\t\t\t\t<div class=\"e-con-inner\">\n\t\t\t\t<div class=\"elementor-element elementor-element-57c3953 elementor-widget elementor-widget-heading\" data-id=\"57c3953\" data-element_type=\"widget\" data-e-type=\"widget\" data-widget_type=\"heading.default\">\n\t\t\t\t\t<h2 class=\"elementor-heading-title elementor-size-default\">Prenota ora la tua vacanza con piscina privata sul Lago di Como<\/h2>\t\t\t\t<\/div>\n\t\t\t\t<div class=\"elementor-element elementor-element-d35fd94 elementor-widget elementor-widget-text-editor\" data-id=\"d35fd94\" data-element_type=\"widget\" data-e-type=\"widget\" data-widget_type=\"text-editor.default\">\n\t\t\t\t\t\t\t\t\t<p>Scoprite la nostra ampia selezione di <strong>case vacanza con piscina<\/strong> sul Lago di Como e prenotate la vostra vacanza da sogno. Siamo il vostro referente per una vacanza indimenticabile sul Lago di Como. <\/p><p>Per ulteriori domande o per una consulenza personalizzata, siamo a vostra disposizione tutti i giorni telefonicamente o tramite il nostro <a href=\"https:\/\/labreva.com\/it\/contatti\/\">modulo di contatto<\/a>. Il nostro team sar\u00e0 lieto di aiutarvi a scegliere la sistemazione perfetta e di rendere la vostra <strong>vacanza sul Lago di Como<\/strong> un&#8217;esperienza davvero speciale. <\/p>\t\t\t\t\t\t\t\t<\/div>\n\t\t\t\t\t<\/div>\n\t\t\t\t<\/div>\n\t\t\t\t<\/div>\n\t\t","protected":false},"excerpt":{"rendered":"<p>State programmando una vacanza in una casa vacanze sul Lago di Como con piscina e cercate ancora una sistemazione adeguata? Vi offriamo appartamenti, ville e case vacanza in diverse fasce di prezzo, tutti dotati di piscina esterna. Scegliete voi stessi e trovate la casa vacanza sul Lago di Como con piscina che soddisfa le vostre [&hellip;]<\/p>\n","protected":false},"author":1,"featured_media":79542,"parent":0,"menu_order":0,"comment_status":"closed","ping_status":"closed","template":"","meta":{"_acf_changed":false,"footnotes":""},"seitenart":[77],"class_list":["post-82878","page","type-page","status-publish","has-post-thumbnail","hentry","seitenart-landing-page-custom-template"],"acf":[],"yoast_head":"<!-- This site is optimized with the Yoast SEO plugin v27.3 - https:\/\/yoast.com\/product\/yoast-seo-wordpress\/ -->\n<title>Casa vacanze con piscina sul Lago di Como - LABREVA - Feriendomizile am Comer See<\/title>\n<meta name=\"description\" content=\"Da LABREVA troverete un&#039;ampia scelta di case vacanza con piscina sul Lago di Como: venite a scoprirle voi stessi!\" \/>\n<meta name=\"robots\" content=\"index, follow, max-snippet:-1, max-image-preview:large, max-video-preview:-1\" \/>\n<link rel=\"canonical\" href=\"https:\/\/labreva.com\/it\/casa-vacanze-con-piscina-sul-lago-di-como\/\" \/>\n<meta property=\"og:locale\" content=\"it_IT\" \/>\n<meta property=\"og:type\" content=\"article\" \/>\n<meta property=\"og:title\" content=\"Casa vacanze con piscina sul Lago di Como - LABREVA - Feriendomizile am Comer See\" \/>\n<meta property=\"og:description\" content=\"Da LABREVA troverete un&#039;ampia scelta di case vacanza con piscina sul Lago di Como: venite a scoprirle voi stessi!\" \/>\n<meta property=\"og:url\" content=\"https:\/\/labreva.com\/it\/casa-vacanze-con-piscina-sul-lago-di-como\/\" \/>\n<meta property=\"og:site_name\" content=\"LABREVA - Feriendomizile am Comer See\" \/>\n<meta property=\"article:modified_time\" content=\"2026-01-29T13:32:44+00:00\" \/>\n<meta property=\"og:image\" content=\"https:\/\/labreva.com\/wp-content\/uploads\/2026\/01\/Headerbild-Ort-Colico-scaled-1.jpg\" \/>\n\t<meta property=\"og:image:width\" content=\"2560\" \/>\n\t<meta property=\"og:image:height\" content=\"1919\" \/>\n\t<meta property=\"og:image:type\" content=\"image\/jpeg\" \/>\n<meta name=\"twitter:card\" content=\"summary_large_image\" \/>\n<meta name=\"twitter:label1\" content=\"Tempo di lettura stimato\" \/>\n\t<meta name=\"twitter:data1\" content=\"4 minuti\" \/>\n<script type=\"application\/ld+json\" class=\"yoast-schema-graph\">{\"@context\":\"https:\\\/\\\/schema.org\",\"@graph\":[{\"@type\":\"WebPage\",\"@id\":\"https:\\\/\\\/labreva.com\\\/it\\\/casa-vacanze-con-piscina-sul-lago-di-como\\\/\",\"url\":\"https:\\\/\\\/labreva.com\\\/it\\\/casa-vacanze-con-piscina-sul-lago-di-como\\\/\",\"name\":\"Casa vacanze con piscina sul Lago di Como - LABREVA - Feriendomizile am Comer See\",\"isPartOf\":{\"@id\":\"https:\\\/\\\/labreva.com\\\/it\\\/#website\"},\"primaryImageOfPage\":{\"@id\":\"https:\\\/\\\/labreva.com\\\/it\\\/casa-vacanze-con-piscina-sul-lago-di-como\\\/#primaryimage\"},\"image\":{\"@id\":\"https:\\\/\\\/labreva.com\\\/it\\\/casa-vacanze-con-piscina-sul-lago-di-como\\\/#primaryimage\"},\"thumbnailUrl\":\"https:\\\/\\\/labreva.com\\\/wp-content\\\/uploads\\\/2026\\\/01\\\/Headerbild-Ort-Colico-scaled-1.jpg\",\"datePublished\":\"2026-01-13T11:31:33+00:00\",\"dateModified\":\"2026-01-29T13:32:44+00:00\",\"description\":\"Da LABREVA troverete un'ampia scelta di case vacanza con piscina sul Lago di Como: venite a scoprirle voi stessi!\",\"breadcrumb\":{\"@id\":\"https:\\\/\\\/labreva.com\\\/it\\\/casa-vacanze-con-piscina-sul-lago-di-como\\\/#breadcrumb\"},\"inLanguage\":\"it-IT\",\"potentialAction\":[{\"@type\":\"ReadAction\",\"target\":[\"https:\\\/\\\/labreva.com\\\/it\\\/casa-vacanze-con-piscina-sul-lago-di-como\\\/\"]}]},{\"@type\":\"ImageObject\",\"inLanguage\":\"it-IT\",\"@id\":\"https:\\\/\\\/labreva.com\\\/it\\\/casa-vacanze-con-piscina-sul-lago-di-como\\\/#primaryimage\",\"url\":\"https:\\\/\\\/labreva.com\\\/wp-content\\\/uploads\\\/2026\\\/01\\\/Headerbild-Ort-Colico-scaled-1.jpg\",\"contentUrl\":\"https:\\\/\\\/labreva.com\\\/wp-content\\\/uploads\\\/2026\\\/01\\\/Headerbild-Ort-Colico-scaled-1.jpg\",\"width\":2560,\"height\":1919},{\"@type\":\"BreadcrumbList\",\"@id\":\"https:\\\/\\\/labreva.com\\\/it\\\/casa-vacanze-con-piscina-sul-lago-di-como\\\/#breadcrumb\",\"itemListElement\":[{\"@type\":\"ListItem\",\"position\":1,\"name\":\"Startseite\",\"item\":\"https:\\\/\\\/labreva.com\\\/it\\\/\"},{\"@type\":\"ListItem\",\"position\":2,\"name\":\"Casa vacanze con piscina sul Lago di Como\"}]},{\"@type\":\"WebSite\",\"@id\":\"https:\\\/\\\/labreva.com\\\/it\\\/#website\",\"url\":\"https:\\\/\\\/labreva.com\\\/it\\\/\",\"name\":\"LABREVA - Feriendomizile am Comer See\",\"description\":\"\",\"publisher\":{\"@id\":\"https:\\\/\\\/labreva.com\\\/it\\\/#organization\"},\"potentialAction\":[{\"@type\":\"SearchAction\",\"target\":{\"@type\":\"EntryPoint\",\"urlTemplate\":\"https:\\\/\\\/labreva.com\\\/it\\\/?s={search_term_string}\"},\"query-input\":{\"@type\":\"PropertyValueSpecification\",\"valueRequired\":true,\"valueName\":\"search_term_string\"}}],\"inLanguage\":\"it-IT\"},{\"@type\":\"Organization\",\"@id\":\"https:\\\/\\\/labreva.com\\\/it\\\/#organization\",\"name\":\"LABREVA - Feriendomizile am Comer See\",\"url\":\"https:\\\/\\\/labreva.com\\\/it\\\/\",\"logo\":{\"@type\":\"ImageObject\",\"inLanguage\":\"it-IT\",\"@id\":\"https:\\\/\\\/labreva.com\\\/it\\\/#\\\/schema\\\/logo\\\/image\\\/\",\"url\":\"https:\\\/\\\/labreva.com\\\/wp-content\\\/uploads\\\/2025\\\/11\\\/Labreva_Logo_RGB_5.svg\",\"contentUrl\":\"https:\\\/\\\/labreva.com\\\/wp-content\\\/uploads\\\/2025\\\/11\\\/Labreva_Logo_RGB_5.svg\",\"caption\":\"LABREVA - Feriendomizile am Comer See\"},\"image\":{\"@id\":\"https:\\\/\\\/labreva.com\\\/it\\\/#\\\/schema\\\/logo\\\/image\\\/\"}}]}<\/script>\n<!-- \/ Yoast SEO plugin. -->","yoast_head_json":{"title":"Casa vacanze con piscina sul Lago di Como - LABREVA - Feriendomizile am Comer See","description":"Da LABREVA troverete un'ampia scelta di case vacanza con piscina sul Lago di Como: venite a scoprirle voi stessi!","robots":{"index":"index","follow":"follow","max-snippet":"max-snippet:-1","max-image-preview":"max-image-preview:large","max-video-preview":"max-video-preview:-1"},"canonical":"https:\/\/labreva.com\/it\/casa-vacanze-con-piscina-sul-lago-di-como\/","og_locale":"it_IT","og_type":"article","og_title":"Casa vacanze con piscina sul Lago di Como - LABREVA - Feriendomizile am Comer See","og_description":"Da LABREVA troverete un'ampia scelta di case vacanza con piscina sul Lago di Como: venite a scoprirle voi stessi!","og_url":"https:\/\/labreva.com\/it\/casa-vacanze-con-piscina-sul-lago-di-como\/","og_site_name":"LABREVA - Feriendomizile am Comer See","article_modified_time":"2026-01-29T13:32:44+00:00","og_image":[{"width":2560,"height":1919,"url":"https:\/\/labreva.com\/wp-content\/uploads\/2026\/01\/Headerbild-Ort-Colico-scaled-1.jpg","type":"image\/jpeg"}],"twitter_card":"summary_large_image","twitter_misc":{"Tempo di lettura stimato":"4 minuti"},"schema":{"@context":"https:\/\/schema.org","@graph":[{"@type":"WebPage","@id":"https:\/\/labreva.com\/it\/casa-vacanze-con-piscina-sul-lago-di-como\/","url":"https:\/\/labreva.com\/it\/casa-vacanze-con-piscina-sul-lago-di-como\/","name":"Casa vacanze con piscina sul Lago di Como - LABREVA - Feriendomizile am Comer See","isPartOf":{"@id":"https:\/\/labreva.com\/it\/#website"},"primaryImageOfPage":{"@id":"https:\/\/labreva.com\/it\/casa-vacanze-con-piscina-sul-lago-di-como\/#primaryimage"},"image":{"@id":"https:\/\/labreva.com\/it\/casa-vacanze-con-piscina-sul-lago-di-como\/#primaryimage"},"thumbnailUrl":"https:\/\/labreva.com\/wp-content\/uploads\/2026\/01\/Headerbild-Ort-Colico-scaled-1.jpg","datePublished":"2026-01-13T11:31:33+00:00","dateModified":"2026-01-29T13:32:44+00:00","description":"Da LABREVA troverete un'ampia scelta di case vacanza con piscina sul Lago di Como: venite a scoprirle voi stessi!","breadcrumb":{"@id":"https:\/\/labreva.com\/it\/casa-vacanze-con-piscina-sul-lago-di-como\/#breadcrumb"},"inLanguage":"it-IT","potentialAction":[{"@type":"ReadAction","target":["https:\/\/labreva.com\/it\/casa-vacanze-con-piscina-sul-lago-di-como\/"]}]},{"@type":"ImageObject","inLanguage":"it-IT","@id":"https:\/\/labreva.com\/it\/casa-vacanze-con-piscina-sul-lago-di-como\/#primaryimage","url":"https:\/\/labreva.com\/wp-content\/uploads\/2026\/01\/Headerbild-Ort-Colico-scaled-1.jpg","contentUrl":"https:\/\/labreva.com\/wp-content\/uploads\/2026\/01\/Headerbild-Ort-Colico-scaled-1.jpg","width":2560,"height":1919},{"@type":"BreadcrumbList","@id":"https:\/\/labreva.com\/it\/casa-vacanze-con-piscina-sul-lago-di-como\/#breadcrumb","itemListElement":[{"@type":"ListItem","position":1,"name":"Startseite","item":"https:\/\/labreva.com\/it\/"},{"@type":"ListItem","position":2,"name":"Casa vacanze con piscina sul Lago di Como"}]},{"@type":"WebSite","@id":"https:\/\/labreva.com\/it\/#website","url":"https:\/\/labreva.com\/it\/","name":"LABREVA - Feriendomizile am Comer See","description":"","publisher":{"@id":"https:\/\/labreva.com\/it\/#organization"},"potentialAction":[{"@type":"SearchAction","target":{"@type":"EntryPoint","urlTemplate":"https:\/\/labreva.com\/it\/?s={search_term_string}"},"query-input":{"@type":"PropertyValueSpecification","valueRequired":true,"valueName":"search_term_string"}}],"inLanguage":"it-IT"},{"@type":"Organization","@id":"https:\/\/labreva.com\/it\/#organization","name":"LABREVA - Feriendomizile am Comer See","url":"https:\/\/labreva.com\/it\/","logo":{"@type":"ImageObject","inLanguage":"it-IT","@id":"https:\/\/labreva.com\/it\/#\/schema\/logo\/image\/","url":"https:\/\/labreva.com\/wp-content\/uploads\/2025\/11\/Labreva_Logo_RGB_5.svg","contentUrl":"https:\/\/labreva.com\/wp-content\/uploads\/2025\/11\/Labreva_Logo_RGB_5.svg","caption":"LABREVA - Feriendomizile am Comer See"},"image":{"@id":"https:\/\/labreva.com\/it\/#\/schema\/logo\/image\/"}}]}},"_links":{"self":[{"href":"https:\/\/labreva.com\/it\/wp-json\/wp\/v2\/pages\/82878","targetHints":{"allow":["GET"]}}],"collection":[{"href":"https:\/\/labreva.com\/it\/wp-json\/wp\/v2\/pages"}],"about":[{"href":"https:\/\/labreva.com\/it\/wp-json\/wp\/v2\/types\/page"}],"author":[{"embeddable":true,"href":"https:\/\/labreva.com\/it\/wp-json\/wp\/v2\/users\/1"}],"replies":[{"embeddable":true,"href":"https:\/\/labreva.com\/it\/wp-json\/wp\/v2\/comments?post=82878"}],"version-history":[{"count":2,"href":"https:\/\/labreva.com\/it\/wp-json\/wp\/v2\/pages\/82878\/revisions"}],"predecessor-version":[{"id":83081,"href":"https:\/\/labreva.com\/it\/wp-json\/wp\/v2\/pages\/82878\/revisions\/83081"}],"wp:featuredmedia":[{"embeddable":true,"href":"https:\/\/labreva.com\/it\/wp-json\/wp\/v2\/media\/79542"}],"wp:attachment":[{"href":"https:\/\/labreva.com\/it\/wp-json\/wp\/v2\/media?parent=82878"}],"wp:term":[{"taxonomy":"seitenart","embeddable":true,"href":"https:\/\/labreva.com\/it\/wp-json\/wp\/v2\/seitenart?post=82878"}],"curies":[{"name":"wp","href":"https:\/\/api.w.org\/{rel}","templated":true}]}}