{"id":82857,"date":"2026-01-13T12:17:45","date_gmt":"2026-01-13T11:17:45","guid":{"rendered":"https:\/\/labreva.com\/comprare-una-casa-vacanze-sul-lago-di-como\/"},"modified":"2026-01-29T14:18:52","modified_gmt":"2026-01-29T13:18:52","slug":"comprare-una-casa-vacanze-sul-lago-di-como","status":"publish","type":"page","link":"https:\/\/labreva.com\/it\/comprare-una-casa-vacanze-sul-lago-di-como\/","title":{"rendered":"Comprare una casa vacanze sul Lago di Como"},"content":{"rendered":"\t\t<div data-elementor-type=\"wp-page\" data-elementor-id=\"82857\" class=\"elementor elementor-82857 elementor-79010\" data-elementor-post-type=\"page\">\n\t\t\t\t<div class=\"elementor-element elementor-element-348f2a9 e-flex e-con-boxed e-con e-parent\" data-id=\"348f2a9\" data-element_type=\"container\" data-e-type=\"container\">\n\t\t\t\t\t<div class=\"e-con-inner\">\n\t\t<div class=\"elementor-element elementor-element-c81201a e-con-full e-flex e-con e-child\" data-id=\"c81201a\" data-element_type=\"container\" data-e-type=\"container\">\n\t\t\t\t<div class=\"elementor-element elementor-element-00bcd73 elementor-widget elementor-widget-image\" data-id=\"00bcd73\" data-element_type=\"widget\" data-e-type=\"widget\" data-widget_type=\"image.default\">\n\t\t\t\t\t\t\t\t\t\t\t\t\t\t\t<img fetchpriority=\"high\" decoding=\"async\" width=\"1920\" height=\"1094\" src=\"https:\/\/labreva.com\/wp-content\/uploads\/2026\/01\/K1600_village-g4d5e34279_1920.jpg\" class=\"attachment-large size-large wp-image-79611\" alt=\"\" srcset=\"https:\/\/labreva.com\/wp-content\/uploads\/2026\/01\/K1600_village-g4d5e34279_1920.jpg 1920w, https:\/\/labreva.com\/wp-content\/uploads\/2026\/01\/K1600_village-g4d5e34279_1920-768x438.jpg 768w, https:\/\/labreva.com\/wp-content\/uploads\/2026\/01\/K1600_village-g4d5e34279_1920-1536x875.jpg 1536w\" sizes=\"(max-width: 1920px) 100vw, 1920px\" \/>\t\t\t\t\t\t\t\t\t\t\t\t\t\t\t<\/div>\n\t\t\t\t<\/div>\n\t\t\t\t\t<\/div>\n\t\t\t\t<\/div>\n\t\t<div class=\"elementor-element elementor-element-48a5dae4 e-flex e-con-boxed e-con e-child\" data-id=\"48a5dae4\" data-element_type=\"container\" data-e-type=\"container\">\n\t\t\t\t\t<div class=\"e-con-inner\">\n\t\t\t\t<div class=\"elementor-element elementor-element-2552c576 elementor-widget elementor-widget-heading\" data-id=\"2552c576\" data-element_type=\"widget\" data-e-type=\"widget\" data-widget_type=\"heading.default\">\n\t\t\t\t\t<div class=\"elementor-heading-title elementor-size-default\">Comprare una casa vacanze sul Lago di Como<\/div>\t\t\t\t<\/div>\n\t\t\t\t<div class=\"elementor-element elementor-element-74021e47 elementor-widget elementor-widget-heading\" data-id=\"74021e47\" data-element_type=\"widget\" data-e-type=\"widget\" data-widget_type=\"heading.default\">\n\t\t\t\t\t<div class=\"elementor-heading-title elementor-size-default\">Comprare una casa vacanze sul Lago di Como<\/div>\t\t\t\t<\/div>\n\t\t\t\t<div class=\"elementor-element elementor-element-7f309f8c elementor-widget__width-initial elementor-widget-mobile__width-inherit make-text-mobile-sm elementor-widget elementor-widget-text-editor\" data-id=\"7f309f8c\" data-element_type=\"widget\" data-e-type=\"widget\" data-widget_type=\"text-editor.default\">\n\t\t\t\t\t\t\t\t\t<p>Il Lago di Como \u00e8 una meta turistica molto amata. A differenza del pi\u00f9 famoso Lago di Garda, che non \u00e8 lontano, il Lago di Como pu\u00f2 essere considerato quasi un gioiello nascosto. Qui si pu\u00f2 vivere la dolce vita in modo autentico e immersi in un mondo fiabesco fatto di stile di vita italiano. Particolarmente caratteristici della zona sono i piccoli paesi e le citt\u00e0 tradizionali che conservano il fascino medievale e offrono un\u2019evasione dalla vita quotidiana. Una delle attivit\u00e0 pi\u00f9 popolari sul Lago di Como \u00e8 la visita a <a href=\"https:\/\/labreva.com\/it\/suggerimenti-per-le-escursioni\/fortezze-e-castelli-sul-lago-di-como\/\">antiche fortezze<\/a> e <a href=\"https:\/\/labreva.com\/it\/suggerimenti-per-le-escursioni\/ville-e-giardini-botanici-sul-lago-di-como\/\">ville<\/a>. Dal punto di vista degli acquirenti, queste ville sono naturalmente tra le propriet\u00e0 pi\u00f9 ambite, con alcune che raggiungono prezzi di diversi milioni di euro. I proprietari di queste ville non sono raramente celebrit\u00e0 di Hollywood, come George Clooney, che ha scelto il Lago di Como come residenza estiva.      <\/p>\t\t\t\t\t\t\t\t<\/div>\n\t\t\t\t\t<\/div>\n\t\t\t\t<\/div>\n\t\t<div class=\"elementor-element elementor-element-44fe61b e-flex e-con-boxed e-con e-parent\" data-id=\"44fe61b\" data-element_type=\"container\" data-e-type=\"container\">\n\t\t\t\t\t<div class=\"e-con-inner\">\n\t\t<div class=\"elementor-element elementor-element-6e814041 e-con-full e-flex e-con e-child\" data-id=\"6e814041\" data-element_type=\"container\" data-e-type=\"container\">\n\t\t<div class=\"elementor-element elementor-element-3e5b9c1f e-con-full e-flex e-con e-child\" data-id=\"3e5b9c1f\" data-element_type=\"container\" data-e-type=\"container\" data-settings=\"{&quot;background_background&quot;:&quot;classic&quot;}\">\n\t\t\t\t<\/div>\n\t\t<div class=\"elementor-element elementor-element-3ac4248c e-con-full e-flex e-con e-child\" data-id=\"3ac4248c\" data-element_type=\"container\" data-e-type=\"container\">\n\t\t\t\t<div class=\"elementor-element elementor-element-33aeae2 elementor-widget elementor-widget-heading\" data-id=\"33aeae2\" data-element_type=\"widget\" data-e-type=\"widget\" data-widget_type=\"heading.default\">\n\t\t\t\t\t<h2 class=\"elementor-heading-title elementor-size-default\">Immobilienmarkt am Comer See<\/h2>\t\t\t\t<\/div>\n\t\t\t\t<div class=\"elementor-element elementor-element-7e3e16dc elementor-widget__width-inherit elementor-widget-tablet__width-inherit elementor-widget elementor-widget-text-editor\" data-id=\"7e3e16dc\" data-element_type=\"widget\" data-e-type=\"widget\" data-widget_type=\"text-editor.default\">\n\t\t\t\t\t\t\t\t\t<p>La scelta di <strong>case vacanze sul Lago di Como<\/strong> \u00e8 molto variegata. Che si tratti di una piccola casa tradizionale, di una costruzione moderna o di una villa di lusso, chi desidera acquistare una <strong>casa vacanze sul Lago di Como<\/strong> trover\u00e0 un\u2019offerta quasi illimitata. La posizione privilegiata delle <strong>case vacanze<\/strong> rende l\u2019acquisto ancora pi\u00f9 interessante. Citt\u00e0 importanti e localit\u00e0 rinomate come Milano, Lugano o St. Moritz sono facilmente raggiungibili. Questo attrae non solo acquirenti italiani, ma anche molti interessati internazionali, con una consistente quota di tedeschi.    <\/p><p>Negli ultimi anni, il mercato immobiliare ha mostrato un trend positivo, con una domanda in costante aumento. Naturalmente, ci\u00f2 influisce anche sui prezzi. All\u2019inizio del 2023, il prezzo medio al metro quadro per un immobile \u00e8 di circa 2.705 \u20ac. Il prezzo di una singola <strong>casa vacanze<\/strong> varia in base a diversi fattori. Uno dei principali \u00e8 la vicinanza al lago: le propriet\u00e0 direttamente <strong>sul Lago di Como<\/strong> hanno prezzi naturalmente pi\u00f9 alti rispetto a quelle situate a qualche chilometro di distanza. Anche lo stato e le caratteristiche dell\u2019immobile giocano un ruolo fondamentale. Che sia in perfette condizioni o necessiti di ristrutturazione, lo stato attuale incide significativamente sul prezzo di acquisto.      <\/p>\t\t\t\t\t\t\t\t<\/div>\n\t\t\t\t<\/div>\n\t\t\t\t<\/div>\n\t\t<div class=\"elementor-element elementor-element-2c2d807f e-con-full e-flex e-con e-child\" data-id=\"2c2d807f\" data-element_type=\"container\" data-e-type=\"container\">\n\t\t\t\t<div class=\"elementor-element elementor-element-48d7ee7d elementor-widget elementor-widget-spacer\" data-id=\"48d7ee7d\" data-element_type=\"widget\" data-e-type=\"widget\" data-widget_type=\"spacer.default\">\n\t\t\t\t\t\t\t<div class=\"elementor-spacer\">\n\t\t\t<div class=\"elementor-spacer-inner\"><\/div>\n\t\t<\/div>\n\t\t\t\t\t\t<\/div>\n\t\t\t\t<\/div>\n\t\t<div class=\"elementor-element elementor-element-565f58c6 e-con-full e-flex e-con e-child\" data-id=\"565f58c6\" data-element_type=\"container\" data-e-type=\"container\">\n\t\t<div class=\"elementor-element elementor-element-19fc468 e-con-full e-flex e-con e-child\" data-id=\"19fc468\" data-element_type=\"container\" data-e-type=\"container\" data-settings=\"{&quot;background_background&quot;:&quot;classic&quot;}\">\n\t\t\t\t<\/div>\n\t\t<div class=\"elementor-element elementor-element-b8b3fca e-con-full e-flex e-con e-child\" data-id=\"b8b3fca\" data-element_type=\"container\" data-e-type=\"container\">\n\t\t\t\t<div class=\"elementor-element elementor-element-65f4acc3 elementor-widget elementor-widget-heading\" data-id=\"65f4acc3\" data-element_type=\"widget\" data-e-type=\"widget\" data-widget_type=\"heading.default\">\n\t\t\t\t\t<h2 class=\"elementor-heading-title elementor-size-default\">Perch\u00e9 comprare una casa vacanze sul Lago di Como<\/h2>\t\t\t\t<\/div>\n\t\t\t\t<div class=\"elementor-element elementor-element-3bb6a411 elementor-widget-tablet__width-inherit elementor-widget elementor-widget-text-editor\" data-id=\"3bb6a411\" data-element_type=\"widget\" data-e-type=\"widget\" data-widget_type=\"text-editor.default\">\n\t\t\t\t\t\t\t\t\t<p>Acquistare una <strong>casa vacanze sul Lago di Como<\/strong> non significa solo usarla per s\u00e9. Come proprietario, \u00e8 possibile affittarla direttamente o tramite servizi di gestione esperti. Una casa vacanze \u00e8 perfetta come fonte di reddito extra. La popolarit\u00e0 del Lago di Como come meta turistica \u00e8 indiscutibile, e il flusso di turisti \u00e8 elevato. Dalla nostra lunga esperienza nella gestione di case vacanze sul Lago di Como, possedere e affittare un immobile qui \u00e8 davvero conveniente.<br>Il tipo di casa vacanze sul Lago di Como da acquistare dipende dai vostri gusti personali. Naturalmente, non devono mancare i vostri soggiorni nella propriet\u00e0. Personalizzate la casa in base alle vostre esigenze: preferite una villa di lusso o una piccola casa accogliente? Forse una spaziosa casa vacanze per voi e la vostra famiglia? La domanda \u00e8 comunque elevata, quindi non avrete difficolt\u00e0 a affittare con successo il vostro immobile.          <\/p>\t\t\t\t\t\t\t\t<\/div>\n\t\t\t\t<\/div>\n\t\t\t\t<\/div>\n\t\t<div class=\"elementor-element elementor-element-9081049 e-con-full e-flex e-con e-child\" data-id=\"9081049\" data-element_type=\"container\" data-e-type=\"container\">\n\t\t<div class=\"elementor-element elementor-element-923d825 e-con-full e-flex e-con e-child\" data-id=\"923d825\" data-element_type=\"container\" data-e-type=\"container\" data-settings=\"{&quot;background_background&quot;:&quot;classic&quot;}\">\n\t\t\t\t<\/div>\n\t\t<div class=\"elementor-element elementor-element-802ceb0 e-con-full e-flex e-con e-child\" data-id=\"802ceb0\" data-element_type=\"container\" data-e-type=\"container\">\n\t\t\t\t<div class=\"elementor-element elementor-element-b4f0c94 elementor-widget elementor-widget-heading\" data-id=\"b4f0c94\" data-element_type=\"widget\" data-e-type=\"widget\" data-widget_type=\"heading.default\">\n\t\t\t\t\t<h2 class=\"elementor-heading-title elementor-size-default\">Attivit\u00e0 sul Lago di Como<\/h2>\t\t\t\t<\/div>\n\t\t\t\t<div class=\"elementor-element elementor-element-18c8665 elementor-widget__width-inherit elementor-widget-tablet__width-inherit elementor-widget elementor-widget-text-editor\" data-id=\"18c8665\" data-element_type=\"widget\" data-e-type=\"widget\" data-widget_type=\"text-editor.default\">\n\t\t\t\t\t\t\t\t\t<p>Le <a href=\"https:\/\/labreva.com\/it\/suggerimenti-per-le-escursioni\/\">attivit\u00e0 ricreative<\/a> sul Lago di Como sono numerose: la noia qui \u00e8 sconosciuta. Le offerte spaziano dalle avventure sportive ai <a href=\"https:\/\/labreva.com\/it\/suggerimenti-per-le-escursioni\/musei-intorno-al-lago-di-como\/\">musei tradizionali<\/a>, fino al puro relax immersi nella natura e nel clima mediterraneo. Ogni visitatore pu\u00f2 trovare ci\u00f2 che fa per lui. Ad esempio, \u00e8 possibile provare un\u2019ampia gamma di sport acquatici, con varie scuole di surf, noleggio barche e pesca. Un classico sempre apprezzato sono le escursioni a piedi o in <a href=\"https:\/\/labreva.com\/it\/idee-per-le-vacanze\/mountain-bike-sul-lago-di-como\/\">bicicletta<\/a> tra i paesaggi montani circostanti.     <\/p>\t\t\t\t\t\t\t\t<\/div>\n\t\t\t\t<\/div>\n\t\t\t\t<\/div>\n\t\t\t\t\t<\/div>\n\t\t\t\t<\/div>\n\t\t<div class=\"elementor-element elementor-element-7a784fe0 e-flex e-con-boxed e-con e-parent\" data-id=\"7a784fe0\" data-element_type=\"container\" data-e-type=\"container\">\n\t\t\t\t\t<div class=\"e-con-inner\">\n\t\t<div class=\"elementor-element elementor-element-1f358c20 e-con-full e-flex e-con e-child\" data-id=\"1f358c20\" data-element_type=\"container\" data-e-type=\"container\" data-settings=\"{&quot;background_background&quot;:&quot;classic&quot;}\">\n\t\t<div class=\"elementor-element elementor-element-65644bea e-con-full e-flex e-con e-child\" data-id=\"65644bea\" data-element_type=\"container\" data-e-type=\"container\">\n\t\t\t\t<div class=\"elementor-element elementor-element-1d128efc elementor-widget elementor-widget-heading\" data-id=\"1d128efc\" data-element_type=\"widget\" data-e-type=\"widget\" data-widget_type=\"heading.default\">\n\t\t\t\t\t<h2 class=\"elementor-heading-title elementor-size-default\">Interesse?<\/h2>\t\t\t\t<\/div>\n\t\t\t\t<div class=\"elementor-element elementor-element-558bf4eb elementor-align-center elementor-widget elementor-widget-button\" data-id=\"558bf4eb\" data-element_type=\"widget\" data-e-type=\"widget\" data-widget_type=\"button.default\">\n\t\t\t\t\t\t\t\t\t\t<a class=\"elementor-button elementor-button-link elementor-size-sm\" href=\"https:\/\/labreva.com\/it\/immobili\/\">\n\t\t\t\t\t\t<span class=\"elementor-button-content-wrapper\">\n\t\t\t\t\t\t<span class=\"elementor-button-icon\">\n\t\t\t\t<svg aria-hidden=\"true\" class=\"e-font-icon-svg e-fas-chevron-right\" viewBox=\"0 0 320 512\" xmlns=\"http:\/\/www.w3.org\/2000\/svg\"><path d=\"M285.476 272.971L91.132 467.314c-9.373 9.373-24.569 9.373-33.941 0l-22.667-22.667c-9.357-9.357-9.375-24.522-.04-33.901L188.505 256 34.484 101.255c-9.335-9.379-9.317-24.544.04-33.901l22.667-22.667c9.373-9.373 24.569-9.373 33.941 0L285.475 239.03c9.373 9.372 9.373 24.568.001 33.941z\"><\/path><\/svg>\t\t\t<\/span>\n\t\t\t\t\t\t\t\t\t<span class=\"elementor-button-text\">Mehr Infos<\/span>\n\t\t\t\t\t<\/span>\n\t\t\t\t\t<\/a>\n\t\t\t\t\t\t\t\t<\/div>\n\t\t\t\t<\/div>\n\t\t<div class=\"elementor-element elementor-element-58db697f e-con-full e-flex e-con e-child\" data-id=\"58db697f\" data-element_type=\"container\" data-e-type=\"container\" data-settings=\"{&quot;background_background&quot;:&quot;classic&quot;}\">\n\t\t\t\t<\/div>\n\t\t\t\t<\/div>\n\t\t\t\t\t<\/div>\n\t\t\t\t<\/div>\n\t\t\t\t<\/div>\n\t\t","protected":false},"excerpt":{"rendered":"<p>Comprare una casa vacanze sul Lago di Como Il Lago di Como \u00e8 una meta turistica molto amata. A differenza del pi\u00f9 famoso Lago di Garda, che non \u00e8 lontano, il Lago di Como pu\u00f2 essere considerato quasi un gioiello nascosto. Qui si pu\u00f2 vivere la dolce vita in modo autentico e immersi in un [&hellip;]<\/p>\n","protected":false},"author":1,"featured_media":79611,"parent":0,"menu_order":0,"comment_status":"closed","ping_status":"closed","template":"","meta":{"_acf_changed":false,"footnotes":""},"seitenart":[77],"class_list":["post-82857","page","type-page","status-publish","has-post-thumbnail","hentry","seitenart-landing-page-custom-template"],"acf":[],"yoast_head":"<!-- This site is optimized with the Yoast SEO plugin v27.3 - https:\/\/yoast.com\/product\/yoast-seo-wordpress\/ -->\n<title>Comprare una casa vacanze sul Lago di Como - LABREVA - Feriendomizile am Comer See<\/title>\n<meta name=\"description\" content=\"Sie wollen ein Ferienhaus am Comer See kaufen? Wir sind Ihr Ansprechpartner direkt vor Ort. Contattaci\" \/>\n<meta name=\"robots\" content=\"index, follow, max-snippet:-1, max-image-preview:large, max-video-preview:-1\" \/>\n<link rel=\"canonical\" href=\"https:\/\/labreva.com\/it\/comprare-una-casa-vacanze-sul-lago-di-como\/\" \/>\n<meta property=\"og:locale\" content=\"it_IT\" \/>\n<meta property=\"og:type\" content=\"article\" \/>\n<meta property=\"og:title\" content=\"Comprare una casa vacanze sul Lago di Como - LABREVA - Feriendomizile am Comer See\" \/>\n<meta property=\"og:description\" content=\"Sie wollen ein Ferienhaus am Comer See kaufen? Wir sind Ihr Ansprechpartner direkt vor Ort. Contattaci\" \/>\n<meta property=\"og:url\" content=\"https:\/\/labreva.com\/it\/comprare-una-casa-vacanze-sul-lago-di-como\/\" \/>\n<meta property=\"og:site_name\" content=\"LABREVA - Feriendomizile am Comer See\" \/>\n<meta property=\"article:modified_time\" content=\"2026-01-29T13:18:52+00:00\" \/>\n<meta property=\"og:image\" content=\"https:\/\/labreva.com\/wp-content\/uploads\/2026\/01\/K1600_village-g4d5e34279_1920.jpg\" \/>\n\t<meta property=\"og:image:width\" content=\"1920\" \/>\n\t<meta property=\"og:image:height\" content=\"1094\" \/>\n\t<meta property=\"og:image:type\" content=\"image\/jpeg\" \/>\n<meta name=\"twitter:card\" content=\"summary_large_image\" \/>\n<meta name=\"twitter:label1\" content=\"Tempo di lettura stimato\" \/>\n\t<meta name=\"twitter:data1\" content=\"3 minuti\" \/>\n<script type=\"application\/ld+json\" class=\"yoast-schema-graph\">{\"@context\":\"https:\\\/\\\/schema.org\",\"@graph\":[{\"@type\":\"WebPage\",\"@id\":\"https:\\\/\\\/labreva.com\\\/it\\\/comprare-una-casa-vacanze-sul-lago-di-como\\\/\",\"url\":\"https:\\\/\\\/labreva.com\\\/it\\\/comprare-una-casa-vacanze-sul-lago-di-como\\\/\",\"name\":\"Comprare una casa vacanze sul Lago di Como - LABREVA - Feriendomizile am Comer See\",\"isPartOf\":{\"@id\":\"https:\\\/\\\/labreva.com\\\/it\\\/#website\"},\"primaryImageOfPage\":{\"@id\":\"https:\\\/\\\/labreva.com\\\/it\\\/comprare-una-casa-vacanze-sul-lago-di-como\\\/#primaryimage\"},\"image\":{\"@id\":\"https:\\\/\\\/labreva.com\\\/it\\\/comprare-una-casa-vacanze-sul-lago-di-como\\\/#primaryimage\"},\"thumbnailUrl\":\"https:\\\/\\\/labreva.com\\\/wp-content\\\/uploads\\\/2026\\\/01\\\/K1600_village-g4d5e34279_1920.jpg\",\"datePublished\":\"2026-01-13T11:17:45+00:00\",\"dateModified\":\"2026-01-29T13:18:52+00:00\",\"description\":\"Sie wollen ein Ferienhaus am Comer See kaufen? Wir sind Ihr Ansprechpartner direkt vor Ort. Contattaci\",\"breadcrumb\":{\"@id\":\"https:\\\/\\\/labreva.com\\\/it\\\/comprare-una-casa-vacanze-sul-lago-di-como\\\/#breadcrumb\"},\"inLanguage\":\"it-IT\",\"potentialAction\":[{\"@type\":\"ReadAction\",\"target\":[\"https:\\\/\\\/labreva.com\\\/it\\\/comprare-una-casa-vacanze-sul-lago-di-como\\\/\"]}]},{\"@type\":\"ImageObject\",\"inLanguage\":\"it-IT\",\"@id\":\"https:\\\/\\\/labreva.com\\\/it\\\/comprare-una-casa-vacanze-sul-lago-di-como\\\/#primaryimage\",\"url\":\"https:\\\/\\\/labreva.com\\\/wp-content\\\/uploads\\\/2026\\\/01\\\/K1600_village-g4d5e34279_1920.jpg\",\"contentUrl\":\"https:\\\/\\\/labreva.com\\\/wp-content\\\/uploads\\\/2026\\\/01\\\/K1600_village-g4d5e34279_1920.jpg\",\"width\":1920,\"height\":1094},{\"@type\":\"BreadcrumbList\",\"@id\":\"https:\\\/\\\/labreva.com\\\/it\\\/comprare-una-casa-vacanze-sul-lago-di-como\\\/#breadcrumb\",\"itemListElement\":[{\"@type\":\"ListItem\",\"position\":1,\"name\":\"Startseite\",\"item\":\"https:\\\/\\\/labreva.com\\\/it\\\/\"},{\"@type\":\"ListItem\",\"position\":2,\"name\":\"Comprare una casa vacanze sul Lago di Como\"}]},{\"@type\":\"WebSite\",\"@id\":\"https:\\\/\\\/labreva.com\\\/it\\\/#website\",\"url\":\"https:\\\/\\\/labreva.com\\\/it\\\/\",\"name\":\"LABREVA - Feriendomizile am Comer See\",\"description\":\"\",\"publisher\":{\"@id\":\"https:\\\/\\\/labreva.com\\\/it\\\/#organization\"},\"potentialAction\":[{\"@type\":\"SearchAction\",\"target\":{\"@type\":\"EntryPoint\",\"urlTemplate\":\"https:\\\/\\\/labreva.com\\\/it\\\/?s={search_term_string}\"},\"query-input\":{\"@type\":\"PropertyValueSpecification\",\"valueRequired\":true,\"valueName\":\"search_term_string\"}}],\"inLanguage\":\"it-IT\"},{\"@type\":\"Organization\",\"@id\":\"https:\\\/\\\/labreva.com\\\/it\\\/#organization\",\"name\":\"LABREVA - Feriendomizile am Comer See\",\"url\":\"https:\\\/\\\/labreva.com\\\/it\\\/\",\"logo\":{\"@type\":\"ImageObject\",\"inLanguage\":\"it-IT\",\"@id\":\"https:\\\/\\\/labreva.com\\\/it\\\/#\\\/schema\\\/logo\\\/image\\\/\",\"url\":\"https:\\\/\\\/labreva.com\\\/wp-content\\\/uploads\\\/2025\\\/11\\\/Labreva_Logo_RGB_5.svg\",\"contentUrl\":\"https:\\\/\\\/labreva.com\\\/wp-content\\\/uploads\\\/2025\\\/11\\\/Labreva_Logo_RGB_5.svg\",\"caption\":\"LABREVA - Feriendomizile am Comer See\"},\"image\":{\"@id\":\"https:\\\/\\\/labreva.com\\\/it\\\/#\\\/schema\\\/logo\\\/image\\\/\"}}]}<\/script>\n<!-- \/ Yoast SEO plugin. -->","yoast_head_json":{"title":"Comprare una casa vacanze sul Lago di Como - LABREVA - Feriendomizile am Comer See","description":"Sie wollen ein Ferienhaus am Comer See kaufen? Wir sind Ihr Ansprechpartner direkt vor Ort. Contattaci","robots":{"index":"index","follow":"follow","max-snippet":"max-snippet:-1","max-image-preview":"max-image-preview:large","max-video-preview":"max-video-preview:-1"},"canonical":"https:\/\/labreva.com\/it\/comprare-una-casa-vacanze-sul-lago-di-como\/","og_locale":"it_IT","og_type":"article","og_title":"Comprare una casa vacanze sul Lago di Como - LABREVA - Feriendomizile am Comer See","og_description":"Sie wollen ein Ferienhaus am Comer See kaufen? Wir sind Ihr Ansprechpartner direkt vor Ort. Contattaci","og_url":"https:\/\/labreva.com\/it\/comprare-una-casa-vacanze-sul-lago-di-como\/","og_site_name":"LABREVA - Feriendomizile am Comer See","article_modified_time":"2026-01-29T13:18:52+00:00","og_image":[{"width":1920,"height":1094,"url":"https:\/\/labreva.com\/wp-content\/uploads\/2026\/01\/K1600_village-g4d5e34279_1920.jpg","type":"image\/jpeg"}],"twitter_card":"summary_large_image","twitter_misc":{"Tempo di lettura stimato":"3 minuti"},"schema":{"@context":"https:\/\/schema.org","@graph":[{"@type":"WebPage","@id":"https:\/\/labreva.com\/it\/comprare-una-casa-vacanze-sul-lago-di-como\/","url":"https:\/\/labreva.com\/it\/comprare-una-casa-vacanze-sul-lago-di-como\/","name":"Comprare una casa vacanze sul Lago di Como - LABREVA - Feriendomizile am Comer See","isPartOf":{"@id":"https:\/\/labreva.com\/it\/#website"},"primaryImageOfPage":{"@id":"https:\/\/labreva.com\/it\/comprare-una-casa-vacanze-sul-lago-di-como\/#primaryimage"},"image":{"@id":"https:\/\/labreva.com\/it\/comprare-una-casa-vacanze-sul-lago-di-como\/#primaryimage"},"thumbnailUrl":"https:\/\/labreva.com\/wp-content\/uploads\/2026\/01\/K1600_village-g4d5e34279_1920.jpg","datePublished":"2026-01-13T11:17:45+00:00","dateModified":"2026-01-29T13:18:52+00:00","description":"Sie wollen ein Ferienhaus am Comer See kaufen? Wir sind Ihr Ansprechpartner direkt vor Ort. Contattaci","breadcrumb":{"@id":"https:\/\/labreva.com\/it\/comprare-una-casa-vacanze-sul-lago-di-como\/#breadcrumb"},"inLanguage":"it-IT","potentialAction":[{"@type":"ReadAction","target":["https:\/\/labreva.com\/it\/comprare-una-casa-vacanze-sul-lago-di-como\/"]}]},{"@type":"ImageObject","inLanguage":"it-IT","@id":"https:\/\/labreva.com\/it\/comprare-una-casa-vacanze-sul-lago-di-como\/#primaryimage","url":"https:\/\/labreva.com\/wp-content\/uploads\/2026\/01\/K1600_village-g4d5e34279_1920.jpg","contentUrl":"https:\/\/labreva.com\/wp-content\/uploads\/2026\/01\/K1600_village-g4d5e34279_1920.jpg","width":1920,"height":1094},{"@type":"BreadcrumbList","@id":"https:\/\/labreva.com\/it\/comprare-una-casa-vacanze-sul-lago-di-como\/#breadcrumb","itemListElement":[{"@type":"ListItem","position":1,"name":"Startseite","item":"https:\/\/labreva.com\/it\/"},{"@type":"ListItem","position":2,"name":"Comprare una casa vacanze sul Lago di Como"}]},{"@type":"WebSite","@id":"https:\/\/labreva.com\/it\/#website","url":"https:\/\/labreva.com\/it\/","name":"LABREVA - Feriendomizile am Comer See","description":"","publisher":{"@id":"https:\/\/labreva.com\/it\/#organization"},"potentialAction":[{"@type":"SearchAction","target":{"@type":"EntryPoint","urlTemplate":"https:\/\/labreva.com\/it\/?s={search_term_string}"},"query-input":{"@type":"PropertyValueSpecification","valueRequired":true,"valueName":"search_term_string"}}],"inLanguage":"it-IT"},{"@type":"Organization","@id":"https:\/\/labreva.com\/it\/#organization","name":"LABREVA - Feriendomizile am Comer See","url":"https:\/\/labreva.com\/it\/","logo":{"@type":"ImageObject","inLanguage":"it-IT","@id":"https:\/\/labreva.com\/it\/#\/schema\/logo\/image\/","url":"https:\/\/labreva.com\/wp-content\/uploads\/2025\/11\/Labreva_Logo_RGB_5.svg","contentUrl":"https:\/\/labreva.com\/wp-content\/uploads\/2025\/11\/Labreva_Logo_RGB_5.svg","caption":"LABREVA - Feriendomizile am Comer See"},"image":{"@id":"https:\/\/labreva.com\/it\/#\/schema\/logo\/image\/"}}]}},"_links":{"self":[{"href":"https:\/\/labreva.com\/it\/wp-json\/wp\/v2\/pages\/82857","targetHints":{"allow":["GET"]}}],"collection":[{"href":"https:\/\/labreva.com\/it\/wp-json\/wp\/v2\/pages"}],"about":[{"href":"https:\/\/labreva.com\/it\/wp-json\/wp\/v2\/types\/page"}],"author":[{"embeddable":true,"href":"https:\/\/labreva.com\/it\/wp-json\/wp\/v2\/users\/1"}],"replies":[{"embeddable":true,"href":"https:\/\/labreva.com\/it\/wp-json\/wp\/v2\/comments?post=82857"}],"version-history":[{"count":2,"href":"https:\/\/labreva.com\/it\/wp-json\/wp\/v2\/pages\/82857\/revisions"}],"predecessor-version":[{"id":83035,"href":"https:\/\/labreva.com\/it\/wp-json\/wp\/v2\/pages\/82857\/revisions\/83035"}],"wp:featuredmedia":[{"embeddable":true,"href":"https:\/\/labreva.com\/it\/wp-json\/wp\/v2\/media\/79611"}],"wp:attachment":[{"href":"https:\/\/labreva.com\/it\/wp-json\/wp\/v2\/media?parent=82857"}],"wp:term":[{"taxonomy":"seitenart","embeddable":true,"href":"https:\/\/labreva.com\/it\/wp-json\/wp\/v2\/seitenart?post=82857"}],"curies":[{"name":"wp","href":"https:\/\/api.w.org\/{rel}","templated":true}]}}