{"id":83036,"date":"2025-12-03T15:03:00","date_gmt":"2025-12-03T14:03:00","guid":{"rendered":"https:\/\/labreva.com\/imprint\/"},"modified":"2026-01-29T14:20:31","modified_gmt":"2026-01-29T13:20:31","slug":"imprint","status":"publish","type":"page","link":"https:\/\/labreva.com\/en\/imprint\/","title":{"rendered":"Imprint"},"content":{"rendered":"\t\t<div data-elementor-type=\"wp-page\" data-elementor-id=\"83036\" class=\"elementor elementor-83036 elementor-8719\" data-elementor-post-type=\"page\">\n\t\t\t\t<div class=\"elementor-element elementor-element-22679275 e-con-full e-flex e-con e-child\" data-id=\"22679275\" data-element_type=\"container\" data-e-type=\"container\">\n\t\t\t\t<div class=\"elementor-element elementor-element-44f72746 elementor-widget elementor-widget-heading\" data-id=\"44f72746\" data-element_type=\"widget\" data-e-type=\"widget\" data-widget_type=\"heading.default\">\n\t\t\t\t\t<h1 class=\"elementor-heading-title elementor-size-default\">Imprint<\/h1>\t\t\t\t<\/div>\n\t\t\t\t<div class=\"elementor-element elementor-element-1b6ba259 elementor-widget__width-initial elementor-widget-mobile__width-inherit make-text-mobile-sm elementor-widget elementor-widget-text-editor\" data-id=\"1b6ba259\" data-element_type=\"widget\" data-e-type=\"widget\" data-widget_type=\"text-editor.default\">\n\t\t\t\t\t\t\t\t\t<p>LABREVA<br>Dinardstra\u00dfe 6<br>82319 Starnberg<br>Deutschland<\/p><p>phone: <a title=\"Call +498151996960 via 3CX\" href=\"tel:+498151996960\" target=\"_blank\" rel=\"noopener\">+49 8151 996960<\/a><br><span style=\"font-family: -apple-system, BlinkMacSystemFont, 'Segoe UI', Roboto, 'Helvetica Neue', Arial, 'Noto Sans', sans-serif, 'Apple Color Emoji', 'Segoe UI Emoji', 'Segoe UI Symbol', 'Noto Color Emoji';\">E-Mail: <\/span><a style=\"font-family: -apple-system, BlinkMacSystemFont, 'Segoe UI', Roboto, 'Helvetica Neue', Arial, 'Noto Sans', sans-serif, 'Apple Color Emoji', 'Segoe UI Emoji', 'Segoe UI Symbol', 'Noto Color Emoji';\" href=\"mailto:info@labreva.com\" target=\"_blank\" rel=\"noopener\">info@labreva.com<\/a><\/p><p>Owner: J\u00fcrgen Bauer<br>Headoffice: 82319 Starnberg<br>VAT ID no. DE 332703256 \/ Tax office: Starnberg <\/p><div><p>Responsible for content according to \u00a7 55 RStV: J\u00fcrgen Bauer<\/p><p>Permission according to \u00a7 34c Gewerbeordnung (GewO): File number 51-826\/M-1 Bb of 27.10.93<br>Region: Lake Como<\/p><\/div><p>The European Commission provides a platform for online dispute resolution (OS), which you can find here <a href=\"https:\/\/ec.europa.eu\/consumers\/odr\/\" target=\"_blank\" rel=\"nofollow noopener\">https:\/\/ec.europa.eu\/consumers\/odr\/<\/a><br>We are willing to take part in an arbitration procedure outside of court before a consumers\u2019 arbitration authority.<br>The competent body is the General Consumer Arbitration Board of the Zentrum f\u00fcr Schlichtung e.V., Stra\u00dfburger Stra\u00dfe 8, 77694 Kehl am Rhein, <a href=\"http:\/\/www.verbraucher-schlichter.de\/\" target=\"_blank\" rel=\"nofollow noopener\">www.verbraucher-schlichter.de.<\/a><\/p><p>Copyright and property rights:<br>Please note that the contents of this website are protected by copyright.<br>Company and\/or product names as well as logos, images, fonts and other designations may \u2013 in addition to copyright \u2013 also be protected by trademark or trade mark law (\u00ae or TM). <\/p><p>Liability for links:<br>We have placed links to other pages on the Internet on our website. For all these links applies:<br>\u201cWe expressly emphasise that we have no influence whatsoever on the design and content of the linked pages. We therefore hereby expressly distance ourselves from all content of all linked pages on our entire website, including all sub-pages. This declaration applies to all links on our website and to all content of the pages to which links or banners lead.\u201d (this judgement can be viewed at <a href=\"http:\/\/www.online-recht.de\" target=\"_blank\" rel=\"noopener\">www.online-recht.de<\/a>).<br>This disclaimer is to be regarded as part of the internet publication which you were referred from.<br>If sections or individual terms of this statement are not legal or correct, the content or validity of the other parts remain uninfluenced by this fact.  <\/p><p><strong><br>Image rights<br><\/strong>\u00a9 Sailko \u2013 wikimedia.org<br>\u00a9 ipq7 \u2013 fotolia.com<br>\u00a9 pixdeluxe \u2013 istockphoto.com<br>\u00a9 kzenon \u2013 istockphoto.com<br>\u00a9 MaszaS \u2013 istockphoto.com<br>\u00a9 Ladiras \u2013 istockphoto.com<br>\u00a9 Imgorthand \u2013 istockphoto.com<br>\u00a9 SolStock \u2013 istockphoto.com<br>\u00a9 swissmediavision \u2013 istockphoto.com<br>\u00a9 franckreporter \u2013 istockphoto.com<br>\u00a9 THEPALMER \u2013 istockphoto.com<br>\u00a9 Bicho_raro \u2013 istockphoto.com<br>\u00a9 pkstock \u2013 istockphoto.com<br>\u00a9 LeoPatrizi \u2013 istockphoto.com<br>\u00a9 dsabo \u2013 istockphoto.com<br>\u00a9 Knape urlaub-prosecco.jpg istockphoto.com<br>\u00a9 argegno-golfplatz-g-Ar.jpg \u2013 golflanzo.it<br>\u00a9 argegno-golfplatz-g-Ar.jpg \u2013 golflanzo.it<br>\u00a9 bellagio-sportingclub-be.jpg \u2013 bellagiosportingclub.com<br>\u00a9 como-wasserflugzeug-co.jpg \u2013 aeroclubcomo.com<br>\u00a9 menaggio-golf-me.jpg \u2013 menaggio.it<br>\u00a9 bernina-express-be.jpg \u2013 glacierexpress.ch<br>\u00a9 lierna-feste-li.jpg \u2013 prolocolario.it<br>\u00a9 kasha_malasha \u2013 shutterstock.com<br>\u00a9 oneinchpunch \u2013 shutterstock.com<br>\u00a9 Iakov Filimonov \u2013 shutterstock.com<br>\u00a9 Marco Saracco \u2013 shutterstock.com<br>\u00a9 COLOMBO NICOLA \u2013 shutterstock.com<br>\u00a9 Jack Frog \u2013 shutterstock.com<\/p><p><strong>Concept, Design &amp; Programming:<\/strong><br>be-on! GmbH<br>Natruper Str. 24<br>49076 Osnabr\u00fcck<br>Phone: <a href=\"tel:+495415079720\" target=\"_blank\" rel=\"noopener\">+49 541 507 972 \u2013 0<\/a> <br><a href=\"http:\/\/be-on.de\" target=\"_blank\" rel=\"noopener\">be-on.de<\/a><\/p><p><strong>Booking Software \/ PMS:<\/strong><br>vOffice GmbH<br>Untere Querstra\u00dfe 3<br>23730 Neustadt\/Holstein<br><a href=\"http:\/\/www.v-office.com\" target=\"_blank\" rel=\"noopener\">www.v-office.com<\/a><\/p>\t\t\t\t\t\t\t\t<\/div>\n\t\t\t\t<\/div>\n\t\t\t\t<\/div>\n\t\t","protected":false},"excerpt":{"rendered":"<p>Imprint LABREVADinardstra\u00dfe 682319 StarnbergDeutschland phone: +49 8151 996960E-Mail: info@labreva.com Owner: J\u00fcrgen BauerHeadoffice: 82319 StarnbergVAT ID no. DE 332703256 \/ Tax office: Starnberg Responsible for content according to \u00a7 55 RStV: J\u00fcrgen Bauer Permission according to \u00a7 34c Gewerbeordnung (GewO): File number 51-826\/M-1 Bb of 27.10.93Region: Lake Como The European Commission provides a platform for online [&hellip;]<\/p>\n","protected":false},"author":1,"featured_media":79493,"parent":0,"menu_order":0,"comment_status":"closed","ping_status":"closed","template":"","meta":{"_acf_changed":false,"footnotes":""},"seitenart":[37],"class_list":["post-83036","page","type-page","status-publish","has-post-thumbnail","hentry","seitenart-content-page-without-slider"],"acf":[],"yoast_head":"<!-- This site is optimized with the Yoast SEO plugin v27.3 - https:\/\/yoast.com\/product\/yoast-seo-wordpress\/ -->\n<title>Imprint - LABREVA - Feriendomizile am Comer See<\/title>\n<meta name=\"robots\" content=\"index, follow, max-snippet:-1, max-image-preview:large, max-video-preview:-1\" \/>\n<link rel=\"canonical\" href=\"https:\/\/labreva.com\/en\/imprint\/\" \/>\n<meta property=\"og:locale\" content=\"en_US\" \/>\n<meta property=\"og:type\" content=\"article\" \/>\n<meta property=\"og:title\" content=\"Imprint - LABREVA - Feriendomizile am Comer See\" \/>\n<meta property=\"og:description\" content=\"Imprint LABREVADinardstra\u00dfe 682319 StarnbergDeutschland phone: +49 8151 996960E-Mail: info@labreva.com Owner: J\u00fcrgen BauerHeadoffice: 82319 StarnbergVAT ID no. DE 332703256 \/ Tax office: Starnberg Responsible for content according to \u00a7 55 RStV: J\u00fcrgen Bauer Permission according to \u00a7 34c Gewerbeordnung (GewO): File number 51-826\/M-1 Bb of 27.10.93Region: Lake Como The European Commission provides a platform for online [&hellip;]\" \/>\n<meta property=\"og:url\" content=\"https:\/\/labreva.com\/en\/imprint\/\" \/>\n<meta property=\"og:site_name\" content=\"LABREVA - Feriendomizile am Comer See\" \/>\n<meta property=\"article:modified_time\" content=\"2026-01-29T13:20:31+00:00\" \/>\n<meta property=\"og:image\" content=\"https:\/\/labreva.com\/wp-content\/uploads\/2025\/12\/K1024_K1600_AdobeStock_157793731-scaled-1.jpg\" \/>\n\t<meta property=\"og:image:width\" content=\"1152\" \/>\n\t<meta property=\"og:image:height\" content=\"768\" \/>\n\t<meta property=\"og:image:type\" content=\"image\/jpeg\" \/>\n<meta name=\"twitter:card\" content=\"summary_large_image\" \/>\n<meta name=\"twitter:label1\" content=\"Est. reading time\" \/>\n\t<meta name=\"twitter:data1\" content=\"2 minutes\" \/>\n<script type=\"application\/ld+json\" class=\"yoast-schema-graph\">{\"@context\":\"https:\\\/\\\/schema.org\",\"@graph\":[{\"@type\":\"WebPage\",\"@id\":\"https:\\\/\\\/labreva.com\\\/en\\\/imprint\\\/\",\"url\":\"https:\\\/\\\/labreva.com\\\/en\\\/imprint\\\/\",\"name\":\"Imprint - LABREVA - Feriendomizile am Comer See\",\"isPartOf\":{\"@id\":\"https:\\\/\\\/labreva.com\\\/en\\\/#website\"},\"primaryImageOfPage\":{\"@id\":\"https:\\\/\\\/labreva.com\\\/en\\\/imprint\\\/#primaryimage\"},\"image\":{\"@id\":\"https:\\\/\\\/labreva.com\\\/en\\\/imprint\\\/#primaryimage\"},\"thumbnailUrl\":\"https:\\\/\\\/labreva.com\\\/wp-content\\\/uploads\\\/2025\\\/12\\\/K1024_K1600_AdobeStock_157793731-scaled-1.jpg\",\"datePublished\":\"2025-12-03T14:03:00+00:00\",\"dateModified\":\"2026-01-29T13:20:31+00:00\",\"breadcrumb\":{\"@id\":\"https:\\\/\\\/labreva.com\\\/en\\\/imprint\\\/#breadcrumb\"},\"inLanguage\":\"en-US\",\"potentialAction\":[{\"@type\":\"ReadAction\",\"target\":[\"https:\\\/\\\/labreva.com\\\/en\\\/imprint\\\/\"]}]},{\"@type\":\"ImageObject\",\"inLanguage\":\"en-US\",\"@id\":\"https:\\\/\\\/labreva.com\\\/en\\\/imprint\\\/#primaryimage\",\"url\":\"https:\\\/\\\/labreva.com\\\/wp-content\\\/uploads\\\/2025\\\/12\\\/K1024_K1600_AdobeStock_157793731-scaled-1.jpg\",\"contentUrl\":\"https:\\\/\\\/labreva.com\\\/wp-content\\\/uploads\\\/2025\\\/12\\\/K1024_K1600_AdobeStock_157793731-scaled-1.jpg\",\"width\":1152,\"height\":768},{\"@type\":\"BreadcrumbList\",\"@id\":\"https:\\\/\\\/labreva.com\\\/en\\\/imprint\\\/#breadcrumb\",\"itemListElement\":[{\"@type\":\"ListItem\",\"position\":1,\"name\":\"Startseite\",\"item\":\"https:\\\/\\\/labreva.com\\\/en\\\/\"},{\"@type\":\"ListItem\",\"position\":2,\"name\":\"Imprint\"}]},{\"@type\":\"WebSite\",\"@id\":\"https:\\\/\\\/labreva.com\\\/en\\\/#website\",\"url\":\"https:\\\/\\\/labreva.com\\\/en\\\/\",\"name\":\"LABREVA - Feriendomizile am Comer See\",\"description\":\"\",\"publisher\":{\"@id\":\"https:\\\/\\\/labreva.com\\\/en\\\/#organization\"},\"potentialAction\":[{\"@type\":\"SearchAction\",\"target\":{\"@type\":\"EntryPoint\",\"urlTemplate\":\"https:\\\/\\\/labreva.com\\\/en\\\/?s={search_term_string}\"},\"query-input\":{\"@type\":\"PropertyValueSpecification\",\"valueRequired\":true,\"valueName\":\"search_term_string\"}}],\"inLanguage\":\"en-US\"},{\"@type\":\"Organization\",\"@id\":\"https:\\\/\\\/labreva.com\\\/en\\\/#organization\",\"name\":\"LABREVA - Feriendomizile am Comer See\",\"url\":\"https:\\\/\\\/labreva.com\\\/en\\\/\",\"logo\":{\"@type\":\"ImageObject\",\"inLanguage\":\"en-US\",\"@id\":\"https:\\\/\\\/labreva.com\\\/en\\\/#\\\/schema\\\/logo\\\/image\\\/\",\"url\":\"https:\\\/\\\/labreva.com\\\/wp-content\\\/uploads\\\/2025\\\/11\\\/Labreva_Logo_RGB_5.svg\",\"contentUrl\":\"https:\\\/\\\/labreva.com\\\/wp-content\\\/uploads\\\/2025\\\/11\\\/Labreva_Logo_RGB_5.svg\",\"caption\":\"LABREVA - Feriendomizile am Comer See\"},\"image\":{\"@id\":\"https:\\\/\\\/labreva.com\\\/en\\\/#\\\/schema\\\/logo\\\/image\\\/\"}}]}<\/script>\n<!-- \/ Yoast SEO plugin. -->","yoast_head_json":{"title":"Imprint - LABREVA - Feriendomizile am Comer See","robots":{"index":"index","follow":"follow","max-snippet":"max-snippet:-1","max-image-preview":"max-image-preview:large","max-video-preview":"max-video-preview:-1"},"canonical":"https:\/\/labreva.com\/en\/imprint\/","og_locale":"en_US","og_type":"article","og_title":"Imprint - LABREVA - Feriendomizile am Comer See","og_description":"Imprint LABREVADinardstra\u00dfe 682319 StarnbergDeutschland phone: +49 8151 996960E-Mail: info@labreva.com Owner: J\u00fcrgen BauerHeadoffice: 82319 StarnbergVAT ID no. DE 332703256 \/ Tax office: Starnberg Responsible for content according to \u00a7 55 RStV: J\u00fcrgen Bauer Permission according to \u00a7 34c Gewerbeordnung (GewO): File number 51-826\/M-1 Bb of 27.10.93Region: Lake Como The European Commission provides a platform for online [&hellip;]","og_url":"https:\/\/labreva.com\/en\/imprint\/","og_site_name":"LABREVA - Feriendomizile am Comer See","article_modified_time":"2026-01-29T13:20:31+00:00","og_image":[{"width":1152,"height":768,"url":"https:\/\/labreva.com\/wp-content\/uploads\/2025\/12\/K1024_K1600_AdobeStock_157793731-scaled-1.jpg","type":"image\/jpeg"}],"twitter_card":"summary_large_image","twitter_misc":{"Est. reading time":"2 minutes"},"schema":{"@context":"https:\/\/schema.org","@graph":[{"@type":"WebPage","@id":"https:\/\/labreva.com\/en\/imprint\/","url":"https:\/\/labreva.com\/en\/imprint\/","name":"Imprint - LABREVA - Feriendomizile am Comer See","isPartOf":{"@id":"https:\/\/labreva.com\/en\/#website"},"primaryImageOfPage":{"@id":"https:\/\/labreva.com\/en\/imprint\/#primaryimage"},"image":{"@id":"https:\/\/labreva.com\/en\/imprint\/#primaryimage"},"thumbnailUrl":"https:\/\/labreva.com\/wp-content\/uploads\/2025\/12\/K1024_K1600_AdobeStock_157793731-scaled-1.jpg","datePublished":"2025-12-03T14:03:00+00:00","dateModified":"2026-01-29T13:20:31+00:00","breadcrumb":{"@id":"https:\/\/labreva.com\/en\/imprint\/#breadcrumb"},"inLanguage":"en-US","potentialAction":[{"@type":"ReadAction","target":["https:\/\/labreva.com\/en\/imprint\/"]}]},{"@type":"ImageObject","inLanguage":"en-US","@id":"https:\/\/labreva.com\/en\/imprint\/#primaryimage","url":"https:\/\/labreva.com\/wp-content\/uploads\/2025\/12\/K1024_K1600_AdobeStock_157793731-scaled-1.jpg","contentUrl":"https:\/\/labreva.com\/wp-content\/uploads\/2025\/12\/K1024_K1600_AdobeStock_157793731-scaled-1.jpg","width":1152,"height":768},{"@type":"BreadcrumbList","@id":"https:\/\/labreva.com\/en\/imprint\/#breadcrumb","itemListElement":[{"@type":"ListItem","position":1,"name":"Startseite","item":"https:\/\/labreva.com\/en\/"},{"@type":"ListItem","position":2,"name":"Imprint"}]},{"@type":"WebSite","@id":"https:\/\/labreva.com\/en\/#website","url":"https:\/\/labreva.com\/en\/","name":"LABREVA - Feriendomizile am Comer See","description":"","publisher":{"@id":"https:\/\/labreva.com\/en\/#organization"},"potentialAction":[{"@type":"SearchAction","target":{"@type":"EntryPoint","urlTemplate":"https:\/\/labreva.com\/en\/?s={search_term_string}"},"query-input":{"@type":"PropertyValueSpecification","valueRequired":true,"valueName":"search_term_string"}}],"inLanguage":"en-US"},{"@type":"Organization","@id":"https:\/\/labreva.com\/en\/#organization","name":"LABREVA - Feriendomizile am Comer See","url":"https:\/\/labreva.com\/en\/","logo":{"@type":"ImageObject","inLanguage":"en-US","@id":"https:\/\/labreva.com\/en\/#\/schema\/logo\/image\/","url":"https:\/\/labreva.com\/wp-content\/uploads\/2025\/11\/Labreva_Logo_RGB_5.svg","contentUrl":"https:\/\/labreva.com\/wp-content\/uploads\/2025\/11\/Labreva_Logo_RGB_5.svg","caption":"LABREVA - Feriendomizile am Comer See"},"image":{"@id":"https:\/\/labreva.com\/en\/#\/schema\/logo\/image\/"}}]}},"_links":{"self":[{"href":"https:\/\/labreva.com\/en\/wp-json\/wp\/v2\/pages\/83036","targetHints":{"allow":["GET"]}}],"collection":[{"href":"https:\/\/labreva.com\/en\/wp-json\/wp\/v2\/pages"}],"about":[{"href":"https:\/\/labreva.com\/en\/wp-json\/wp\/v2\/types\/page"}],"author":[{"embeddable":true,"href":"https:\/\/labreva.com\/en\/wp-json\/wp\/v2\/users\/1"}],"replies":[{"embeddable":true,"href":"https:\/\/labreva.com\/en\/wp-json\/wp\/v2\/comments?post=83036"}],"version-history":[{"count":1,"href":"https:\/\/labreva.com\/en\/wp-json\/wp\/v2\/pages\/83036\/revisions"}],"predecessor-version":[{"id":83037,"href":"https:\/\/labreva.com\/en\/wp-json\/wp\/v2\/pages\/83036\/revisions\/83037"}],"wp:featuredmedia":[{"embeddable":true,"href":"https:\/\/labreva.com\/en\/wp-json\/wp\/v2\/media\/79493"}],"wp:attachment":[{"href":"https:\/\/labreva.com\/en\/wp-json\/wp\/v2\/media?parent=83036"}],"wp:term":[{"taxonomy":"seitenart","embeddable":true,"href":"https:\/\/labreva.com\/en\/wp-json\/wp\/v2\/seitenart?post=83036"}],"curies":[{"name":"wp","href":"https:\/\/api.w.org\/{rel}","templated":true}]}}