{"id":8719,"date":"2025-12-03T15:03:00","date_gmt":"2025-12-03T14:03:00","guid":{"rendered":"https:\/\/labreva.com\/?page_id=8719"},"modified":"2026-01-27T14:57:26","modified_gmt":"2026-01-27T13:57:26","slug":"impressum","status":"publish","type":"page","link":"https:\/\/labreva.com\/de\/impressum\/","title":{"rendered":"Impressum"},"content":{"rendered":"\t\t<div data-elementor-type=\"wp-page\" data-elementor-id=\"8719\" class=\"elementor elementor-8719\" data-elementor-post-type=\"page\">\n\t\t\t\t<div class=\"elementor-element elementor-element-22679275 e-con-full e-flex e-con e-child\" data-id=\"22679275\" data-element_type=\"container\" data-e-type=\"container\">\n\t\t\t\t<div class=\"elementor-element elementor-element-44f72746 elementor-widget elementor-widget-heading\" data-id=\"44f72746\" data-element_type=\"widget\" data-e-type=\"widget\" data-widget_type=\"heading.default\">\n\t\t\t\t\t<h1 class=\"elementor-heading-title elementor-size-default\">Impressum<\/h1>\t\t\t\t<\/div>\n\t\t\t\t<div class=\"elementor-element elementor-element-1b6ba259 elementor-widget__width-initial elementor-widget-mobile__width-inherit make-text-mobile-sm elementor-widget elementor-widget-text-editor\" data-id=\"1b6ba259\" data-element_type=\"widget\" data-e-type=\"widget\" data-widget_type=\"text-editor.default\">\n\t\t\t\t\t\t\t\t\t<p>LABREVA<br \/>Dinardstra\u00dfe 6<br \/>82319 Starnberg<br \/>Deutschland<\/p><p>Telefon:\u00a0<a title=\"Call +498151996960 via 3CX\" href=\"tel:+498151996960\" target=\"_blank\" rel=\"noopener\">+49 8151 996960<\/a><br \/><span style=\"font-family: -apple-system, BlinkMacSystemFont, 'Segoe UI', Roboto, 'Helvetica Neue', Arial, 'Noto Sans', sans-serif, 'Apple Color Emoji', 'Segoe UI Emoji', 'Segoe UI Symbol', 'Noto Color Emoji';\">E-Mail: <\/span><a style=\"font-family: -apple-system, BlinkMacSystemFont, 'Segoe UI', Roboto, 'Helvetica Neue', Arial, 'Noto Sans', sans-serif, 'Apple Color Emoji', 'Segoe UI Emoji', 'Segoe UI Symbol', 'Noto Color Emoji';\" href=\"mailto:info@labreva.com\" target=\"_blank\" rel=\"noopener\">info@labreva.com<\/a><\/p><p>Inhaber: J\u00fcrgen Bauer<br \/>Sitz: 82319 Starnberg<br \/>Ust-ID-Nr. DE\u00a0332703256\u00a0\/ Finanzamt: Starnberg<\/p><div><p>Inhaltlich Verantwortlicher gem\u00e4\u00df \u00a7 55 RStV: J\u00fcrgen Bauer<\/p><p>Erlaubnis nach \u00a7 34c Gewerbeordnung (GewO): Aktenzeichen 51-826\/M-1 Bb vom 27.10.93<br \/>Region: Lago di Como<\/p><\/div><p>Die Europ\u00e4ische Kommission stellt eine Plattform zur Online-Streitbeilegung (OS) bereit, die Sie hier finden\u00a0<a href=\"https:\/\/ec.europa.eu\/consumers\/odr\/\" target=\"_blank\" rel=\"nofollow noopener\">https:\/\/ec.europa.eu\/consumers\/odr\/<\/a>.<br \/>Wir sind bereit, an einem au\u00dfergerichtlichen Schlichtungsverfahren vor einer Verbraucherschlichtungsstelle teilzunehmen.<br \/>Zust\u00e4ndig ist die Allgemeine Verbraucherschlichtungsstelle des Zentrums f\u00fcr Schlichtung e.V., Stra\u00dfburger Stra\u00dfe 8, 77694 Kehl am Rhein,\u00a0<a href=\"http:\/\/www.verbraucher-schlichter.de\/\" target=\"_blank\" rel=\"nofollow noopener\">www.verbraucher-schlichter.de<\/a>.<\/p><p><strong><br \/>Copyright und Schutzrechte:<br \/><\/strong>Bitte beachten Sie, dass die auf dieser Website enthaltenen Inhalte urheberrechtlich gesch\u00fctzt sind. Auch Firmen- und\/oder Produktbezeichnungen sowie Logos, Bilder, Schriften und sonstige Bezeichnungen k\u00f6nnen \u2212 \u00fcber das Urheberrecht hinaus \u2212 auch marken- oder warenzeichenrechtlich gesch\u00fctzt sein (\u00ae bzw. TM).<\/p><p><strong><br \/>Haftung f\u00fcr Links:<br \/><\/strong>Wir haben auf unserer Website Links zu anderen Seiten im Internet gelegt. F\u00fcr all diese Links gilt: \u201eWir betonen ausdr\u00fccklich, dass wir keinerlei Einfluss auf die Gestaltung und die Inhalte der gelinkten Seiten haben. Deshalb distanzieren wir uns hiermit ausdr\u00fccklich von allen Inhalten aller gelinkten Seiten auf unserer gesamten Website inkl. aller Unterseiten. Diese Erkl\u00e4rung gilt f\u00fcr alle auf unserer Website angebrachten Links und f\u00fcr alle Inhalte der Seiten, zu denen Links oder Banner f\u00fchren.\u201c (dieses Urteil ist u. a. auf <a href=\"http:\/\/www.online-recht.de\" target=\"_blank\" rel=\"noopener\">www.online-recht.de<\/a> einsehbar).<br \/>Dieser Haftungsausschluss ist als Teil des Internetangebotes zu betrachten, von dem aus auf diese Seite verwiesen wurde. Sofern Teile oder einzelne Formulierungen dieses Textes der geltenden Rechtslage nicht, nicht mehr oder nicht vollst\u00e4ndig entsprechen sollten, bleiben die \u00fcbrigen Teile des Dokumentes in ihrem Inhalt und ihrer G\u00fcltigkeit davon unber\u00fchrt.<\/p><p><strong><br \/>Bildrechte:<br \/><\/strong>\u00a9 Sailko \u2013 wikimedia.org<br \/>\u00a9 ipq7 \u2013 fotolia.com<br \/>\u00a9 pixdeluxe \u2013 istockphoto.com<br \/>\u00a9 kzenon \u2013 istockphoto.com<br \/>\u00a9 MaszaS \u2013 istockphoto.com<br \/>\u00a9 Ladiras \u2013 istockphoto.com<br \/>\u00a9 Imgorthand \u2013 istockphoto.com<br \/>\u00a9 SolStock \u2013 istockphoto.com<br \/>\u00a9 swissmediavision \u2013 istockphoto.com<br \/>\u00a9 franckreporter \u2013 istockphoto.com<br \/>\u00a9 THEPALMER \u2013 istockphoto.com<br \/>\u00a9 Bicho_raro \u2013 istockphoto.com<br \/>\u00a9 pkstock \u2013 istockphoto.com<br \/>\u00a9 LeoPatrizi \u2013 istockphoto.com<br \/>\u00a9 dsabo \u2013 istockphoto.com<br \/>\u00a9 Knape urlaub-prosecco.jpg istockphoto.com<br \/>\u00a9 argegno-golfplatz-g-Ar.jpg \u2013 golflanzo.it<br \/>\u00a9 argegno-golfplatz-g-Ar.jpg \u2013 golflanzo.it<br \/>\u00a9 bellagio-sportingclub-be.jpg \u2013 bellagiosportingclub.com<br \/>\u00a9 como-wasserflugzeug-co.jpg \u2013 aeroclubcomo.com<br \/>\u00a9 menaggio-golf-me.jpg \u2013 menaggio.it<br \/>\u00a9 bernina-express-be.jpg \u2013 glacierexpress.ch<br \/>\u00a9 lierna-feste-li.jpg \u2013 prolocolario.it<br \/>\u00a9 kasha_malasha \u2013 shutterstock.com<br \/>\u00a9 oneinchpunch \u2013 shutterstock.com<br \/>\u00a9 Iakov Filimonov \u2013 shutterstock.com<br \/>\u00a9 Marco Saracco \u2013 shutterstock.com<br \/>\u00a9 COLOMBO NICOLA \u2013 shutterstock.com<br \/>\u00a9 Jack Frog \u2013 shutterstock.com<\/p><p><strong><br \/>Konzeption, Gestaltung &amp; Programmierung:<br \/><\/strong>be-on! GmbH<br \/>Natruper Str. 24<br \/>49076 Osnabr\u00fcck<br \/>Telefon: <a href=\"tel:+495415079720\" target=\"_blank\" rel=\"noopener\">+49 541 507 972 \u2013 0<\/a><br \/><a href=\"http:\/\/be-on.de\" target=\"_blank\" rel=\"noopener\">be-on.de<\/a><\/p><p><strong><br \/>Buchungssoftware \/ PMS:<br \/><\/strong>vOffice GmbH<br \/>Untere Querstra\u00dfe 3<br \/>23730 Neustadt\/Holstein<br \/><a href=\"http:\/\/www.v-office.com\" target=\"_blank\" rel=\"noopener\">www.v-office.com<\/a><\/p>\t\t\t\t\t\t\t\t<\/div>\n\t\t\t\t<\/div>\n\t\t\t\t<\/div>\n\t\t","protected":false},"excerpt":{"rendered":"<p>Impressum LABREVADinardstra\u00dfe 682319 StarnbergDeutschland Telefon:\u00a0+49 8151 996960E-Mail: info@labreva.com Inhaber: J\u00fcrgen BauerSitz: 82319 StarnbergUst-ID-Nr. DE\u00a0332703256\u00a0\/ Finanzamt: Starnberg Inhaltlich Verantwortlicher gem\u00e4\u00df \u00a7 55 RStV: J\u00fcrgen Bauer Erlaubnis nach \u00a7 34c Gewerbeordnung (GewO): Aktenzeichen 51-826\/M-1 Bb vom 27.10.93Region: Lago di Como Die Europ\u00e4ische Kommission stellt eine Plattform zur Online-Streitbeilegung (OS) bereit, die Sie hier finden\u00a0https:\/\/ec.europa.eu\/consumers\/odr\/.Wir sind bereit, an [&hellip;]<\/p>\n","protected":false},"author":1,"featured_media":8693,"parent":0,"menu_order":0,"comment_status":"closed","ping_status":"closed","template":"","meta":{"_acf_changed":false,"footnotes":""},"seitenart":[37],"class_list":["post-8719","page","type-page","status-publish","has-post-thumbnail","hentry","seitenart-content-page-without-slider"],"acf":[],"yoast_head":"<!-- This site is optimized with the Yoast SEO plugin v27.3 - https:\/\/yoast.com\/product\/yoast-seo-wordpress\/ -->\n<title>Impressum - LABREVA - Feriendomizile am Comer See<\/title>\n<meta name=\"robots\" content=\"index, follow, max-snippet:-1, max-image-preview:large, max-video-preview:-1\" \/>\n<link rel=\"canonical\" href=\"https:\/\/labreva.com\/de\/impressum\/\" \/>\n<meta property=\"og:locale\" content=\"de_DE\" \/>\n<meta property=\"og:type\" content=\"article\" \/>\n<meta property=\"og:title\" content=\"Impressum - LABREVA - Feriendomizile am Comer See\" \/>\n<meta property=\"og:description\" content=\"Impressum LABREVADinardstra\u00dfe 682319 StarnbergDeutschland Telefon:\u00a0+49 8151 996960E-Mail: info@labreva.com Inhaber: J\u00fcrgen BauerSitz: 82319 StarnbergUst-ID-Nr. DE\u00a0332703256\u00a0\/ Finanzamt: Starnberg Inhaltlich Verantwortlicher gem\u00e4\u00df \u00a7 55 RStV: J\u00fcrgen Bauer Erlaubnis nach \u00a7 34c Gewerbeordnung (GewO): Aktenzeichen 51-826\/M-1 Bb vom 27.10.93Region: Lago di Como Die Europ\u00e4ische Kommission stellt eine Plattform zur Online-Streitbeilegung (OS) bereit, die Sie hier finden\u00a0https:\/\/ec.europa.eu\/consumers\/odr\/.Wir sind bereit, an [&hellip;]\" \/>\n<meta property=\"og:url\" content=\"https:\/\/labreva.com\/de\/impressum\/\" \/>\n<meta property=\"og:site_name\" content=\"LABREVA - Feriendomizile am Comer See\" \/>\n<meta property=\"article:modified_time\" content=\"2026-01-27T13:57:26+00:00\" \/>\n<meta property=\"og:image\" content=\"https:\/\/labreva.com\/wp-content\/uploads\/2025\/12\/K1024_K1600_AdobeStock_157793731-scaled-1.jpg\" \/>\n\t<meta property=\"og:image:width\" content=\"1152\" \/>\n\t<meta property=\"og:image:height\" content=\"768\" \/>\n\t<meta property=\"og:image:type\" content=\"image\/jpeg\" \/>\n<meta name=\"twitter:card\" content=\"summary_large_image\" \/>\n<meta name=\"twitter:label1\" content=\"Gesch\u00e4tzte Lesezeit\" \/>\n\t<meta name=\"twitter:data1\" content=\"3\u00a0Minuten\" \/>\n<script type=\"application\/ld+json\" class=\"yoast-schema-graph\">{\"@context\":\"https:\\\/\\\/schema.org\",\"@graph\":[{\"@type\":\"WebPage\",\"@id\":\"https:\\\/\\\/labreva.com\\\/de\\\/impressum\\\/\",\"url\":\"https:\\\/\\\/labreva.com\\\/de\\\/impressum\\\/\",\"name\":\"Impressum - LABREVA - Feriendomizile am Comer See\",\"isPartOf\":{\"@id\":\"https:\\\/\\\/labreva.com\\\/de\\\/#website\"},\"primaryImageOfPage\":{\"@id\":\"https:\\\/\\\/labreva.com\\\/de\\\/impressum\\\/#primaryimage\"},\"image\":{\"@id\":\"https:\\\/\\\/labreva.com\\\/de\\\/impressum\\\/#primaryimage\"},\"thumbnailUrl\":\"https:\\\/\\\/labreva.com\\\/wp-content\\\/uploads\\\/2025\\\/12\\\/K1024_K1600_AdobeStock_157793731-scaled-1.jpg\",\"datePublished\":\"2025-12-03T14:03:00+00:00\",\"dateModified\":\"2026-01-27T13:57:26+00:00\",\"breadcrumb\":{\"@id\":\"https:\\\/\\\/labreva.com\\\/de\\\/impressum\\\/#breadcrumb\"},\"inLanguage\":\"de\",\"potentialAction\":[{\"@type\":\"ReadAction\",\"target\":[\"https:\\\/\\\/labreva.com\\\/de\\\/impressum\\\/\"]}]},{\"@type\":\"ImageObject\",\"inLanguage\":\"de\",\"@id\":\"https:\\\/\\\/labreva.com\\\/de\\\/impressum\\\/#primaryimage\",\"url\":\"https:\\\/\\\/labreva.com\\\/wp-content\\\/uploads\\\/2025\\\/12\\\/K1024_K1600_AdobeStock_157793731-scaled-1.jpg\",\"contentUrl\":\"https:\\\/\\\/labreva.com\\\/wp-content\\\/uploads\\\/2025\\\/12\\\/K1024_K1600_AdobeStock_157793731-scaled-1.jpg\",\"width\":1152,\"height\":768},{\"@type\":\"BreadcrumbList\",\"@id\":\"https:\\\/\\\/labreva.com\\\/de\\\/impressum\\\/#breadcrumb\",\"itemListElement\":[{\"@type\":\"ListItem\",\"position\":1,\"name\":\"Startseite\",\"item\":\"https:\\\/\\\/labreva.com\\\/de\\\/\"},{\"@type\":\"ListItem\",\"position\":2,\"name\":\"Impressum\"}]},{\"@type\":\"WebSite\",\"@id\":\"https:\\\/\\\/labreva.com\\\/de\\\/#website\",\"url\":\"https:\\\/\\\/labreva.com\\\/de\\\/\",\"name\":\"LABREVA - Feriendomizile am Comer See\",\"description\":\"\",\"publisher\":{\"@id\":\"https:\\\/\\\/labreva.com\\\/de\\\/#organization\"},\"potentialAction\":[{\"@type\":\"SearchAction\",\"target\":{\"@type\":\"EntryPoint\",\"urlTemplate\":\"https:\\\/\\\/labreva.com\\\/de\\\/?s={search_term_string}\"},\"query-input\":{\"@type\":\"PropertyValueSpecification\",\"valueRequired\":true,\"valueName\":\"search_term_string\"}}],\"inLanguage\":\"de\"},{\"@type\":\"Organization\",\"@id\":\"https:\\\/\\\/labreva.com\\\/de\\\/#organization\",\"name\":\"LABREVA - Feriendomizile am Comer See\",\"url\":\"https:\\\/\\\/labreva.com\\\/de\\\/\",\"logo\":{\"@type\":\"ImageObject\",\"inLanguage\":\"de\",\"@id\":\"https:\\\/\\\/labreva.com\\\/de\\\/#\\\/schema\\\/logo\\\/image\\\/\",\"url\":\"https:\\\/\\\/labreva.com\\\/wp-content\\\/uploads\\\/2025\\\/11\\\/Labreva_Logo_RGB_5.svg\",\"contentUrl\":\"https:\\\/\\\/labreva.com\\\/wp-content\\\/uploads\\\/2025\\\/11\\\/Labreva_Logo_RGB_5.svg\",\"caption\":\"LABREVA - Feriendomizile am Comer See\"},\"image\":{\"@id\":\"https:\\\/\\\/labreva.com\\\/de\\\/#\\\/schema\\\/logo\\\/image\\\/\"}}]}<\/script>\n<!-- \/ Yoast SEO plugin. -->","yoast_head_json":{"title":"Impressum - LABREVA - Feriendomizile am Comer See","robots":{"index":"index","follow":"follow","max-snippet":"max-snippet:-1","max-image-preview":"max-image-preview:large","max-video-preview":"max-video-preview:-1"},"canonical":"https:\/\/labreva.com\/de\/impressum\/","og_locale":"de_DE","og_type":"article","og_title":"Impressum - LABREVA - Feriendomizile am Comer See","og_description":"Impressum LABREVADinardstra\u00dfe 682319 StarnbergDeutschland Telefon:\u00a0+49 8151 996960E-Mail: info@labreva.com Inhaber: J\u00fcrgen BauerSitz: 82319 StarnbergUst-ID-Nr. DE\u00a0332703256\u00a0\/ Finanzamt: Starnberg Inhaltlich Verantwortlicher gem\u00e4\u00df \u00a7 55 RStV: J\u00fcrgen Bauer Erlaubnis nach \u00a7 34c Gewerbeordnung (GewO): Aktenzeichen 51-826\/M-1 Bb vom 27.10.93Region: Lago di Como Die Europ\u00e4ische Kommission stellt eine Plattform zur Online-Streitbeilegung (OS) bereit, die Sie hier finden\u00a0https:\/\/ec.europa.eu\/consumers\/odr\/.Wir sind bereit, an [&hellip;]","og_url":"https:\/\/labreva.com\/de\/impressum\/","og_site_name":"LABREVA - Feriendomizile am Comer See","article_modified_time":"2026-01-27T13:57:26+00:00","og_image":[{"width":1152,"height":768,"url":"https:\/\/labreva.com\/wp-content\/uploads\/2025\/12\/K1024_K1600_AdobeStock_157793731-scaled-1.jpg","type":"image\/jpeg"}],"twitter_card":"summary_large_image","twitter_misc":{"Gesch\u00e4tzte Lesezeit":"3\u00a0Minuten"},"schema":{"@context":"https:\/\/schema.org","@graph":[{"@type":"WebPage","@id":"https:\/\/labreva.com\/de\/impressum\/","url":"https:\/\/labreva.com\/de\/impressum\/","name":"Impressum - LABREVA - Feriendomizile am Comer See","isPartOf":{"@id":"https:\/\/labreva.com\/de\/#website"},"primaryImageOfPage":{"@id":"https:\/\/labreva.com\/de\/impressum\/#primaryimage"},"image":{"@id":"https:\/\/labreva.com\/de\/impressum\/#primaryimage"},"thumbnailUrl":"https:\/\/labreva.com\/wp-content\/uploads\/2025\/12\/K1024_K1600_AdobeStock_157793731-scaled-1.jpg","datePublished":"2025-12-03T14:03:00+00:00","dateModified":"2026-01-27T13:57:26+00:00","breadcrumb":{"@id":"https:\/\/labreva.com\/de\/impressum\/#breadcrumb"},"inLanguage":"de","potentialAction":[{"@type":"ReadAction","target":["https:\/\/labreva.com\/de\/impressum\/"]}]},{"@type":"ImageObject","inLanguage":"de","@id":"https:\/\/labreva.com\/de\/impressum\/#primaryimage","url":"https:\/\/labreva.com\/wp-content\/uploads\/2025\/12\/K1024_K1600_AdobeStock_157793731-scaled-1.jpg","contentUrl":"https:\/\/labreva.com\/wp-content\/uploads\/2025\/12\/K1024_K1600_AdobeStock_157793731-scaled-1.jpg","width":1152,"height":768},{"@type":"BreadcrumbList","@id":"https:\/\/labreva.com\/de\/impressum\/#breadcrumb","itemListElement":[{"@type":"ListItem","position":1,"name":"Startseite","item":"https:\/\/labreva.com\/de\/"},{"@type":"ListItem","position":2,"name":"Impressum"}]},{"@type":"WebSite","@id":"https:\/\/labreva.com\/de\/#website","url":"https:\/\/labreva.com\/de\/","name":"LABREVA - Feriendomizile am Comer See","description":"","publisher":{"@id":"https:\/\/labreva.com\/de\/#organization"},"potentialAction":[{"@type":"SearchAction","target":{"@type":"EntryPoint","urlTemplate":"https:\/\/labreva.com\/de\/?s={search_term_string}"},"query-input":{"@type":"PropertyValueSpecification","valueRequired":true,"valueName":"search_term_string"}}],"inLanguage":"de"},{"@type":"Organization","@id":"https:\/\/labreva.com\/de\/#organization","name":"LABREVA - Feriendomizile am Comer See","url":"https:\/\/labreva.com\/de\/","logo":{"@type":"ImageObject","inLanguage":"de","@id":"https:\/\/labreva.com\/de\/#\/schema\/logo\/image\/","url":"https:\/\/labreva.com\/wp-content\/uploads\/2025\/11\/Labreva_Logo_RGB_5.svg","contentUrl":"https:\/\/labreva.com\/wp-content\/uploads\/2025\/11\/Labreva_Logo_RGB_5.svg","caption":"LABREVA - Feriendomizile am Comer See"},"image":{"@id":"https:\/\/labreva.com\/de\/#\/schema\/logo\/image\/"}}]}},"_links":{"self":[{"href":"https:\/\/labreva.com\/de\/wp-json\/wp\/v2\/pages\/8719","targetHints":{"allow":["GET"]}}],"collection":[{"href":"https:\/\/labreva.com\/de\/wp-json\/wp\/v2\/pages"}],"about":[{"href":"https:\/\/labreva.com\/de\/wp-json\/wp\/v2\/types\/page"}],"author":[{"embeddable":true,"href":"https:\/\/labreva.com\/de\/wp-json\/wp\/v2\/users\/1"}],"replies":[{"embeddable":true,"href":"https:\/\/labreva.com\/de\/wp-json\/wp\/v2\/comments?post=8719"}],"version-history":[{"count":30,"href":"https:\/\/labreva.com\/de\/wp-json\/wp\/v2\/pages\/8719\/revisions"}],"predecessor-version":[{"id":82417,"href":"https:\/\/labreva.com\/de\/wp-json\/wp\/v2\/pages\/8719\/revisions\/82417"}],"wp:featuredmedia":[{"embeddable":true,"href":"https:\/\/labreva.com\/de\/wp-json\/wp\/v2\/media\/8693"}],"wp:attachment":[{"href":"https:\/\/labreva.com\/de\/wp-json\/wp\/v2\/media?parent=8719"}],"wp:term":[{"taxonomy":"seitenart","embeddable":true,"href":"https:\/\/labreva.com\/de\/wp-json\/wp\/v2\/seitenart?post=8719"}],"curies":[{"name":"wp","href":"https:\/\/api.w.org\/{rel}","templated":true}]}}