{"id":8286,"date":"2025-11-24T12:20:48","date_gmt":"2025-11-24T11:20:48","guid":{"rendered":"https:\/\/labreva.com\/?page_id=8286"},"modified":"2026-01-16T11:21:36","modified_gmt":"2026-01-16T10:21:36","slug":"urlaub-mit-hund","status":"publish","type":"page","link":"https:\/\/labreva.com\/de\/urlaub-mit-hund\/","title":{"rendered":"Hundeurlaub"},"content":{"rendered":"","protected":false},"excerpt":{"rendered":"","protected":false},"author":1,"featured_media":8752,"parent":0,"menu_order":0,"comment_status":"closed","ping_status":"closed","template":"","meta":{"_acf_changed":false,"footnotes":""},"seitenart":[23],"class_list":["post-8286","page","type-page","status-publish","has-post-thumbnail","hentry","seitenart-landing-page"],"acf":[],"yoast_head":"<!-- This site is optimized with the Yoast SEO plugin v27.3 - https:\/\/yoast.com\/product\/yoast-seo-wordpress\/ -->\n<title>Hundeurlaub - LABREVA - Feriendomizile am Comer See<\/title>\n<meta name=\"description\" content=\"Bei LABREVA finden Sie \u00fcber 100 Domizile f\u00fcr einen Urlaub am Comer See mit Hund. Wir haben viele Tipps f\u00fcr entspannte Ferien f\u00fcr alle.\" \/>\n<meta name=\"robots\" content=\"index, follow, max-snippet:-1, max-image-preview:large, max-video-preview:-1\" \/>\n<link rel=\"canonical\" href=\"https:\/\/labreva.com\/de\/urlaub-mit-hund\/\" \/>\n<meta property=\"og:locale\" content=\"de_DE\" \/>\n<meta property=\"og:type\" content=\"article\" \/>\n<meta property=\"og:title\" content=\"Hundeurlaub - LABREVA - Feriendomizile am Comer See\" \/>\n<meta property=\"og:description\" content=\"Bei LABREVA finden Sie \u00fcber 100 Domizile f\u00fcr einen Urlaub am Comer See mit Hund. Wir haben viele Tipps f\u00fcr entspannte Ferien f\u00fcr alle.\" \/>\n<meta property=\"og:url\" content=\"https:\/\/labreva.com\/de\/urlaub-mit-hund\/\" \/>\n<meta property=\"og:site_name\" content=\"LABREVA - Feriendomizile am Comer See\" \/>\n<meta property=\"article:modified_time\" content=\"2026-01-16T10:21:36+00:00\" \/>\n<meta property=\"og:image\" content=\"https:\/\/labreva.com\/wp-content\/uploads\/2025\/12\/Hundeurlaub2.png\" \/>\n\t<meta property=\"og:image:width\" content=\"900\" \/>\n\t<meta property=\"og:image:height\" content=\"600\" \/>\n\t<meta property=\"og:image:type\" content=\"image\/png\" \/>\n<meta name=\"twitter:card\" content=\"summary_large_image\" \/>\n<meta name=\"twitter:label1\" content=\"Gesch\u00e4tzte Lesezeit\" \/>\n\t<meta name=\"twitter:data1\" content=\"1\u00a0Minute\" \/>\n<script type=\"application\/ld+json\" class=\"yoast-schema-graph\">{\"@context\":\"https:\\\/\\\/schema.org\",\"@graph\":[{\"@type\":\"WebPage\",\"@id\":\"https:\\\/\\\/labreva.com\\\/de\\\/urlaub-mit-hund\\\/\",\"url\":\"https:\\\/\\\/labreva.com\\\/de\\\/urlaub-mit-hund\\\/\",\"name\":\"Hundeurlaub - LABREVA - Feriendomizile am Comer See\",\"isPartOf\":{\"@id\":\"https:\\\/\\\/labreva.com\\\/de\\\/#website\"},\"primaryImageOfPage\":{\"@id\":\"https:\\\/\\\/labreva.com\\\/de\\\/urlaub-mit-hund\\\/#primaryimage\"},\"image\":{\"@id\":\"https:\\\/\\\/labreva.com\\\/de\\\/urlaub-mit-hund\\\/#primaryimage\"},\"thumbnailUrl\":\"https:\\\/\\\/labreva.com\\\/wp-content\\\/uploads\\\/2025\\\/12\\\/Hundeurlaub2.png\",\"datePublished\":\"2025-11-24T11:20:48+00:00\",\"dateModified\":\"2026-01-16T10:21:36+00:00\",\"description\":\"Bei LABREVA finden Sie \u00fcber 100 Domizile f\u00fcr einen Urlaub am Comer See mit Hund. Wir haben viele Tipps f\u00fcr entspannte Ferien f\u00fcr alle.\",\"breadcrumb\":{\"@id\":\"https:\\\/\\\/labreva.com\\\/de\\\/urlaub-mit-hund\\\/#breadcrumb\"},\"inLanguage\":\"de\",\"potentialAction\":[{\"@type\":\"ReadAction\",\"target\":[\"https:\\\/\\\/labreva.com\\\/de\\\/urlaub-mit-hund\\\/\"]}]},{\"@type\":\"ImageObject\",\"inLanguage\":\"de\",\"@id\":\"https:\\\/\\\/labreva.com\\\/de\\\/urlaub-mit-hund\\\/#primaryimage\",\"url\":\"https:\\\/\\\/labreva.com\\\/wp-content\\\/uploads\\\/2025\\\/12\\\/Hundeurlaub2.png\",\"contentUrl\":\"https:\\\/\\\/labreva.com\\\/wp-content\\\/uploads\\\/2025\\\/12\\\/Hundeurlaub2.png\",\"width\":900,\"height\":600},{\"@type\":\"BreadcrumbList\",\"@id\":\"https:\\\/\\\/labreva.com\\\/de\\\/urlaub-mit-hund\\\/#breadcrumb\",\"itemListElement\":[{\"@type\":\"ListItem\",\"position\":1,\"name\":\"Startseite\",\"item\":\"https:\\\/\\\/labreva.com\\\/de\\\/\"},{\"@type\":\"ListItem\",\"position\":2,\"name\":\"Hundeurlaub\"}]},{\"@type\":\"WebSite\",\"@id\":\"https:\\\/\\\/labreva.com\\\/de\\\/#website\",\"url\":\"https:\\\/\\\/labreva.com\\\/de\\\/\",\"name\":\"LABREVA - Feriendomizile am Comer See\",\"description\":\"\",\"publisher\":{\"@id\":\"https:\\\/\\\/labreva.com\\\/de\\\/#organization\"},\"potentialAction\":[{\"@type\":\"SearchAction\",\"target\":{\"@type\":\"EntryPoint\",\"urlTemplate\":\"https:\\\/\\\/labreva.com\\\/de\\\/?s={search_term_string}\"},\"query-input\":{\"@type\":\"PropertyValueSpecification\",\"valueRequired\":true,\"valueName\":\"search_term_string\"}}],\"inLanguage\":\"de\"},{\"@type\":\"Organization\",\"@id\":\"https:\\\/\\\/labreva.com\\\/de\\\/#organization\",\"name\":\"LABREVA - Feriendomizile am Comer See\",\"url\":\"https:\\\/\\\/labreva.com\\\/de\\\/\",\"logo\":{\"@type\":\"ImageObject\",\"inLanguage\":\"de\",\"@id\":\"https:\\\/\\\/labreva.com\\\/de\\\/#\\\/schema\\\/logo\\\/image\\\/\",\"url\":\"https:\\\/\\\/labreva.com\\\/wp-content\\\/uploads\\\/2025\\\/11\\\/Labreva_Logo_RGB_5.svg\",\"contentUrl\":\"https:\\\/\\\/labreva.com\\\/wp-content\\\/uploads\\\/2025\\\/11\\\/Labreva_Logo_RGB_5.svg\",\"caption\":\"LABREVA - Feriendomizile am Comer See\"},\"image\":{\"@id\":\"https:\\\/\\\/labreva.com\\\/de\\\/#\\\/schema\\\/logo\\\/image\\\/\"}}]}<\/script>\n<!-- \/ Yoast SEO plugin. -->","yoast_head_json":{"title":"Hundeurlaub - LABREVA - Feriendomizile am Comer See","description":"Bei LABREVA finden Sie \u00fcber 100 Domizile f\u00fcr einen Urlaub am Comer See mit Hund. Wir haben viele Tipps f\u00fcr entspannte Ferien f\u00fcr alle.","robots":{"index":"index","follow":"follow","max-snippet":"max-snippet:-1","max-image-preview":"max-image-preview:large","max-video-preview":"max-video-preview:-1"},"canonical":"https:\/\/labreva.com\/de\/urlaub-mit-hund\/","og_locale":"de_DE","og_type":"article","og_title":"Hundeurlaub - LABREVA - Feriendomizile am Comer See","og_description":"Bei LABREVA finden Sie \u00fcber 100 Domizile f\u00fcr einen Urlaub am Comer See mit Hund. Wir haben viele Tipps f\u00fcr entspannte Ferien f\u00fcr alle.","og_url":"https:\/\/labreva.com\/de\/urlaub-mit-hund\/","og_site_name":"LABREVA - Feriendomizile am Comer See","article_modified_time":"2026-01-16T10:21:36+00:00","og_image":[{"width":900,"height":600,"url":"https:\/\/labreva.com\/wp-content\/uploads\/2025\/12\/Hundeurlaub2.png","type":"image\/png"}],"twitter_card":"summary_large_image","twitter_misc":{"Gesch\u00e4tzte Lesezeit":"1\u00a0Minute"},"schema":{"@context":"https:\/\/schema.org","@graph":[{"@type":"WebPage","@id":"https:\/\/labreva.com\/de\/urlaub-mit-hund\/","url":"https:\/\/labreva.com\/de\/urlaub-mit-hund\/","name":"Hundeurlaub - LABREVA - Feriendomizile am Comer See","isPartOf":{"@id":"https:\/\/labreva.com\/de\/#website"},"primaryImageOfPage":{"@id":"https:\/\/labreva.com\/de\/urlaub-mit-hund\/#primaryimage"},"image":{"@id":"https:\/\/labreva.com\/de\/urlaub-mit-hund\/#primaryimage"},"thumbnailUrl":"https:\/\/labreva.com\/wp-content\/uploads\/2025\/12\/Hundeurlaub2.png","datePublished":"2025-11-24T11:20:48+00:00","dateModified":"2026-01-16T10:21:36+00:00","description":"Bei LABREVA finden Sie \u00fcber 100 Domizile f\u00fcr einen Urlaub am Comer See mit Hund. Wir haben viele Tipps f\u00fcr entspannte Ferien f\u00fcr alle.","breadcrumb":{"@id":"https:\/\/labreva.com\/de\/urlaub-mit-hund\/#breadcrumb"},"inLanguage":"de","potentialAction":[{"@type":"ReadAction","target":["https:\/\/labreva.com\/de\/urlaub-mit-hund\/"]}]},{"@type":"ImageObject","inLanguage":"de","@id":"https:\/\/labreva.com\/de\/urlaub-mit-hund\/#primaryimage","url":"https:\/\/labreva.com\/wp-content\/uploads\/2025\/12\/Hundeurlaub2.png","contentUrl":"https:\/\/labreva.com\/wp-content\/uploads\/2025\/12\/Hundeurlaub2.png","width":900,"height":600},{"@type":"BreadcrumbList","@id":"https:\/\/labreva.com\/de\/urlaub-mit-hund\/#breadcrumb","itemListElement":[{"@type":"ListItem","position":1,"name":"Startseite","item":"https:\/\/labreva.com\/de\/"},{"@type":"ListItem","position":2,"name":"Hundeurlaub"}]},{"@type":"WebSite","@id":"https:\/\/labreva.com\/de\/#website","url":"https:\/\/labreva.com\/de\/","name":"LABREVA - Feriendomizile am Comer See","description":"","publisher":{"@id":"https:\/\/labreva.com\/de\/#organization"},"potentialAction":[{"@type":"SearchAction","target":{"@type":"EntryPoint","urlTemplate":"https:\/\/labreva.com\/de\/?s={search_term_string}"},"query-input":{"@type":"PropertyValueSpecification","valueRequired":true,"valueName":"search_term_string"}}],"inLanguage":"de"},{"@type":"Organization","@id":"https:\/\/labreva.com\/de\/#organization","name":"LABREVA - Feriendomizile am Comer See","url":"https:\/\/labreva.com\/de\/","logo":{"@type":"ImageObject","inLanguage":"de","@id":"https:\/\/labreva.com\/de\/#\/schema\/logo\/image\/","url":"https:\/\/labreva.com\/wp-content\/uploads\/2025\/11\/Labreva_Logo_RGB_5.svg","contentUrl":"https:\/\/labreva.com\/wp-content\/uploads\/2025\/11\/Labreva_Logo_RGB_5.svg","caption":"LABREVA - Feriendomizile am Comer See"},"image":{"@id":"https:\/\/labreva.com\/de\/#\/schema\/logo\/image\/"}}]}},"_links":{"self":[{"href":"https:\/\/labreva.com\/de\/wp-json\/wp\/v2\/pages\/8286","targetHints":{"allow":["GET"]}}],"collection":[{"href":"https:\/\/labreva.com\/de\/wp-json\/wp\/v2\/pages"}],"about":[{"href":"https:\/\/labreva.com\/de\/wp-json\/wp\/v2\/types\/page"}],"author":[{"embeddable":true,"href":"https:\/\/labreva.com\/de\/wp-json\/wp\/v2\/users\/1"}],"replies":[{"embeddable":true,"href":"https:\/\/labreva.com\/de\/wp-json\/wp\/v2\/comments?post=8286"}],"version-history":[{"count":7,"href":"https:\/\/labreva.com\/de\/wp-json\/wp\/v2\/pages\/8286\/revisions"}],"predecessor-version":[{"id":8796,"href":"https:\/\/labreva.com\/de\/wp-json\/wp\/v2\/pages\/8286\/revisions\/8796"}],"wp:featuredmedia":[{"embeddable":true,"href":"https:\/\/labreva.com\/de\/wp-json\/wp\/v2\/media\/8752"}],"wp:attachment":[{"href":"https:\/\/labreva.com\/de\/wp-json\/wp\/v2\/media?parent=8286"}],"wp:term":[{"taxonomy":"seitenart","embeddable":true,"href":"https:\/\/labreva.com\/de\/wp-json\/wp\/v2\/seitenart?post=8286"}],"curies":[{"name":"wp","href":"https:\/\/api.w.org\/{rel}","templated":true}]}}