{"id":79304,"date":"2026-01-13T15:02:50","date_gmt":"2026-01-13T14:02:50","guid":{"rendered":"https:\/\/labreva.com\/?page_id=79304"},"modified":"2026-01-27T16:08:09","modified_gmt":"2026-01-27T15:08:09","slug":"sporturlaub-aktivitaeten-am-comer-see","status":"publish","type":"page","link":"https:\/\/labreva.com\/de\/sporturlaub-aktivitaeten-am-comer-see\/","title":{"rendered":"Sporturlaub \u2013 Aktivit\u00e4ten am Comer See"},"content":{"rendered":"\t\t<div data-elementor-type=\"wp-page\" data-elementor-id=\"79304\" class=\"elementor elementor-79304\" data-elementor-post-type=\"page\">\n\t\t\t\t<div class=\"elementor-element elementor-element-348f2a9 e-flex e-con-boxed e-con e-parent\" data-id=\"348f2a9\" data-element_type=\"container\" data-e-type=\"container\">\n\t\t\t\t\t<div class=\"e-con-inner\">\n\t\t<div class=\"elementor-element elementor-element-c81201a e-con-full e-flex e-con e-child\" data-id=\"c81201a\" data-element_type=\"container\" data-e-type=\"container\">\n\t\t\t\t<div class=\"elementor-element elementor-element-00bcd73 elementor-widget elementor-widget-image\" data-id=\"00bcd73\" data-element_type=\"widget\" data-e-type=\"widget\" data-widget_type=\"image.default\">\n\t\t\t\t\t\t\t\t\t\t\t\t\t\t\t<img fetchpriority=\"high\" decoding=\"async\" width=\"1024\" height=\"683\" src=\"https:\/\/labreva.com\/wp-content\/uploads\/2026\/01\/kite-surfing-8674654_1920-1024x683-1.jpg\" class=\"attachment-large size-large wp-image-79310\" alt=\"\" srcset=\"https:\/\/labreva.com\/wp-content\/uploads\/2026\/01\/kite-surfing-8674654_1920-1024x683-1.jpg 1024w, https:\/\/labreva.com\/wp-content\/uploads\/2026\/01\/kite-surfing-8674654_1920-1024x683-1-768x512.jpg 768w\" sizes=\"(max-width: 1024px) 100vw, 1024px\" \/>\t\t\t\t\t\t\t\t\t\t\t\t\t\t\t<\/div>\n\t\t\t\t<\/div>\n\t\t\t\t\t<\/div>\n\t\t\t\t<\/div>\n\t\t<div class=\"elementor-element elementor-element-48a5dae4 e-con-full e-flex e-con e-child\" data-id=\"48a5dae4\" data-element_type=\"container\" data-e-type=\"container\">\n\t\t\t\t<div class=\"elementor-element elementor-element-74021e47 elementor-widget elementor-widget-heading\" data-id=\"74021e47\" data-element_type=\"widget\" data-e-type=\"widget\" data-widget_type=\"heading.default\">\n\t\t\t\t\t<h1 class=\"elementor-heading-title elementor-size-default\">Sporturlaub \u2013 Aktivit\u00e4ten am Comer See<\/h1>\t\t\t\t<\/div>\n\t\t\t\t<div class=\"elementor-element elementor-element-7f309f8c elementor-widget__width-initial elementor-widget-mobile__width-inherit make-text-mobile-sm elementor-widget elementor-widget-text-editor\" data-id=\"7f309f8c\" data-element_type=\"widget\" data-e-type=\"widget\" data-widget_type=\"text-editor.default\">\n\t\t\t\t\t\t\t\t\t<p class=\"lazyloaded\">Die Region Comer See ist ein Eldorado f\u00fcr Aktivurlauber und die Vielfalt der M\u00f6glichkeiten wird von Sportbegeisterten sehr gesch\u00e4tzt. Wer sich im Urlaub sportlich bet\u00e4tigen will, dem steht am Comer See ein breites Angebot an Sportarten zur Verf\u00fcgung. Wassersportler finden vor allem im n\u00f6rdlichen Teil des Sees ideale Windverh\u00e4ltnisse sowie zahlreiche Wassersport- und Surfschulen und Verleihe. Die Regionen um Colico, Dervio, Domaso und Gravedona sind besonders empfehlenswert zum\u00a0<a href=\"https:\/\/labreva.com\/de\/urlaubsideen\/surfen-am-comer-see\/\">Windsurfen, Kiten<\/a>, Segeln, und mehr.<\/p><p class=\"nitro-offscreen\">Auch\u00a0<a href=\"https:\/\/labreva.com\/de\/urlaubsideen\/wandern-am-comer-see\/\">Wanderer<\/a>\u00a0kommen durch die Lage in den Bergen voll auf Ihre Kosten, egal ob leichte Wanderungen oder Spazierg\u00e4nge in der Umgebung Ihrer Ferienwohnung. Auch Bergwandern am Comer See oder sogar Klettern ist sehr gefragt und es gibt zahlreiche beliebte Touren.<\/p><p class=\"nitro-offscreen\">Auch sehr beliebt ist der Comer See unter\u00a0<a href=\"https:\/\/labreva.com\/de\/urlaubsideen\/mountainbike-am-comer-see\/\">Fahrradfahrern und Mountainbikern<\/a>, denn es gibt Fahrradtouren f\u00fcr die ganze Familie bis hin zu Rennrad-Touren um den Comer See.<\/p><p class=\"nitro-offscreen\">Aber auch andere Sportarten sind in einem Aktivurlaub am Comer See m\u00f6glich: Egal ob Golf, Reiten, Schwimmen, Rudern oder Tennis, die M\u00f6glichkeiten sind vielf\u00e4ltig.<\/p><p class=\"nitro-offscreen\">Jede Sportart f\u00fcr sich ist ein Traum und eine absolute Empfehlung durch die atemberaubende Kulisse der See- und Bergwelt.<\/p>\t\t\t\t\t\t\t\t<\/div>\n\t\t\t\t<\/div>\n\t\t<div class=\"elementor-element elementor-element-44fe61b e-flex e-con-boxed e-con e-parent\" data-id=\"44fe61b\" data-element_type=\"container\" data-e-type=\"container\">\n\t\t\t\t\t<div class=\"e-con-inner\">\n\t\t<div class=\"elementor-element elementor-element-5816e10 e-con-full e-flex e-con e-child\" data-id=\"5816e10\" data-element_type=\"container\" data-e-type=\"container\">\n\t\t\t\t<div class=\"elementor-element elementor-element-de40bea elementor-widget elementor-widget-heading\" data-id=\"de40bea\" data-element_type=\"widget\" data-e-type=\"widget\" data-widget_type=\"heading.default\">\n\t\t\t\t\t<h2 class=\"elementor-heading-title elementor-size-default\">Die Beliebtesten Sportarten f\u00fcr den Aktivurlaub am Comer See<\/h2>\t\t\t\t<\/div>\n\t\t\t\t<\/div>\n\t\t<div class=\"elementor-element elementor-element-6e814041 e-con-full e-flex e-con e-child\" data-id=\"6e814041\" data-element_type=\"container\" data-e-type=\"container\">\n\t\t<div class=\"elementor-element elementor-element-3e5b9c1f e-con-full e-flex e-con e-child\" data-id=\"3e5b9c1f\" data-element_type=\"container\" data-e-type=\"container\" data-settings=\"{&quot;background_background&quot;:&quot;classic&quot;}\">\n\t\t\t\t<\/div>\n\t\t<div class=\"elementor-element elementor-element-3ac4248c e-con-full e-flex e-con e-child\" data-id=\"3ac4248c\" data-element_type=\"container\" data-e-type=\"container\">\n\t\t\t\t<div class=\"elementor-element elementor-element-33aeae2 elementor-widget elementor-widget-heading\" data-id=\"33aeae2\" data-element_type=\"widget\" data-e-type=\"widget\" data-widget_type=\"heading.default\">\n\t\t\t\t\t<h2 class=\"elementor-heading-title elementor-size-default\">Wandern am Comer See\n<\/h2>\t\t\t\t<\/div>\n\t\t\t\t<div class=\"elementor-element elementor-element-410565b4 elementor-widget elementor-widget-text-editor\" data-id=\"410565b4\" data-element_type=\"widget\" data-e-type=\"widget\" data-widget_type=\"text-editor.default\">\n\t\t\t\t\t\t\t\t\t<div class=\"elementor-element elementor-element-6801acb elementor-widget elementor-widget-text-editor\" data-id=\"6801acb\" data-element_type=\"widget\" data-widget_type=\"text-editor.default\"><div class=\"elementor-widget-container\"><p>Der Comer See ist ein abwechslungsreiches und landschaftlich wundersch\u00f6nes Wandergebiet. Bei LABREVA gibt es viele Unterk\u00fcnfte in idealer Lage als Ausgangspunkt f\u00fcr Wanderungen. Obendrauf bekommen Sie tolle Panorama Ausblicke auf die See- und Bergwelt.<\/p><p>Da der Comer See in eine gigantische Bergwelt eingebettet liegt, bietet die Region Wanderungen f\u00fcr jedes Level: Von leichten Spazierwegen und flachen Wanderungen beispielsweise im Naturschutzgebiet Pian di Spagnia oder Uferwegen um den See, \u00fcber kleinere Wandertouren, die auch gut f\u00fcr kleine Kinder geeignet sind, beispielsweise in Como verbunden mit der Seilbahn oder in der Schlucht von Nesso bis hin zu Wandertouren mit zahlreichen H\u00f6henwanderwegen.<\/p><\/div><\/div>\t\t\t\t\t\t\t\t<\/div>\n\t\t\t\t<\/div>\n\t\t\t\t<\/div>\n\t\t<div class=\"elementor-element elementor-element-2c2d807f e-con-full e-flex e-con e-child\" data-id=\"2c2d807f\" data-element_type=\"container\" data-e-type=\"container\">\n\t\t\t\t<div class=\"elementor-element elementor-element-48d7ee7d elementor-widget elementor-widget-spacer\" data-id=\"48d7ee7d\" data-element_type=\"widget\" data-e-type=\"widget\" data-widget_type=\"spacer.default\">\n\t\t\t\t\t\t\t<div class=\"elementor-spacer\">\n\t\t\t<div class=\"elementor-spacer-inner\"><\/div>\n\t\t<\/div>\n\t\t\t\t\t\t<\/div>\n\t\t<div class=\"elementor-element elementor-element-d45dc e-con-full e-flex e-con e-child\" data-id=\"d45dc\" data-element_type=\"container\" data-e-type=\"container\">\n\t\t<div class=\"elementor-element elementor-element-629c4c4c e-con-full e-flex e-con e-child\" data-id=\"629c4c4c\" data-element_type=\"container\" data-e-type=\"container\" data-settings=\"{&quot;background_background&quot;:&quot;classic&quot;}\">\n\t\t\t\t<\/div>\n\t\t<div class=\"elementor-element elementor-element-ff48c1d e-con-full e-flex e-con e-child\" data-id=\"ff48c1d\" data-element_type=\"container\" data-e-type=\"container\">\n\t\t\t\t<div class=\"elementor-element elementor-element-6c999296 elementor-widget elementor-widget-heading\" data-id=\"6c999296\" data-element_type=\"widget\" data-e-type=\"widget\" data-widget_type=\"heading.default\">\n\t\t\t\t\t<h2 class=\"elementor-heading-title elementor-size-default\">Radfahren am Comer See<\/h2>\t\t\t\t<\/div>\n\t\t\t\t<div class=\"elementor-element elementor-element-149d10d elementor-widget elementor-widget-text-editor\" data-id=\"149d10d\" data-element_type=\"widget\" data-e-type=\"widget\" data-widget_type=\"text-editor.default\">\n\t\t\t\t\t\t\t\t\t<div class=\"elementor-element elementor-element-6801acb elementor-widget elementor-widget-text-editor\" data-id=\"6801acb\" data-element_type=\"widget\" data-widget_type=\"text-editor.default\"><div class=\"elementor-widget-container\"><p>Der Comer See ist ein Paradies f\u00fcr Mountainbiker und Tourenbiker und bietet eine Vielzahl von Fahrradtouren unterschiedlichster Schwierigkeitsgrade, sowohl f\u00fcr Familien mit Kindern als auch f\u00fcr den passionierten Radprofi. Genie\u00dfen Sie beim Radfahren am Comer See tolle Aussichten und Landschaften.<\/p><p>Viele unserer Feriendomizile bieten Citybikes oder einfache Mountainbikes. Ideal, wenn Sie im Urlaub einfach mal das Auto stehen lassen und am Comer See Radfahren, um zum n\u00e4chsten Strand oder auch mal zum Einkaufen oder Restaurant zu kommen. Aber auch f\u00fcr die ambitionierten Mountainbiker oder Rennradfahrer finden Sie tolle Touren am und um den Comer See.<\/p><\/div><\/div><div class=\"elementor-element elementor-element-af1d88b elementor-widget elementor-widget-button\" data-id=\"af1d88b\" data-element_type=\"widget\" data-widget_type=\"button.default\"><div class=\"elementor-widget-container\"><div class=\"elementor-button-wrapper\">\u00a0<\/div><\/div><\/div>\t\t\t\t\t\t\t\t<\/div>\n\t\t\t\t<\/div>\n\t\t\t\t<\/div>\n\t\t<div class=\"elementor-element elementor-element-ed03b20 e-con-full e-flex e-con e-child\" data-id=\"ed03b20\" data-element_type=\"container\" data-e-type=\"container\">\n\t\t\t\t<div class=\"elementor-element elementor-element-a8edea2 elementor-widget elementor-widget-spacer\" data-id=\"a8edea2\" data-element_type=\"widget\" data-e-type=\"widget\" data-widget_type=\"spacer.default\">\n\t\t\t\t\t\t\t<div class=\"elementor-spacer\">\n\t\t\t<div class=\"elementor-spacer-inner\"><\/div>\n\t\t<\/div>\n\t\t\t\t\t\t<\/div>\n\t\t\t\t<\/div>\n\t\t\t\t<\/div>\n\t\t<div class=\"elementor-element elementor-element-673cc7c e-con-full e-flex e-con e-child\" data-id=\"673cc7c\" data-element_type=\"container\" data-e-type=\"container\">\n\t\t<div class=\"elementor-element elementor-element-f0dac31 e-con-full e-flex e-con e-child\" data-id=\"f0dac31\" data-element_type=\"container\" data-e-type=\"container\" data-settings=\"{&quot;background_background&quot;:&quot;classic&quot;}\">\n\t\t\t\t<\/div>\n\t\t<div class=\"elementor-element elementor-element-01de372 e-con-full e-flex e-con e-child\" data-id=\"01de372\" data-element_type=\"container\" data-e-type=\"container\">\n\t\t\t\t<div class=\"elementor-element elementor-element-fa4ddf1 elementor-widget elementor-widget-heading\" data-id=\"fa4ddf1\" data-element_type=\"widget\" data-e-type=\"widget\" data-widget_type=\"heading.default\">\n\t\t\t\t\t<h2 class=\"elementor-heading-title elementor-size-default\">Surfen am Comer See<\/h2>\t\t\t\t<\/div>\n\t\t\t\t<div class=\"elementor-element elementor-element-7d0f9e2 elementor-widget elementor-widget-text-editor\" data-id=\"7d0f9e2\" data-element_type=\"widget\" data-e-type=\"widget\" data-widget_type=\"text-editor.default\">\n\t\t\t\t\t\t\t\t\t<div class=\"elementor-element elementor-element-6801acb elementor-widget elementor-widget-text-editor\" data-id=\"6801acb\" data-element_type=\"widget\" data-widget_type=\"text-editor.default\"><div class=\"elementor-widget-container\"><p>Der Comer See ist durch seine Winde sehr beliebt zum\u00a0<a href=\"https:\/\/labreva.com\/de\/urlaubsideen\/surfen-am-comer-see\/\">Surfen<\/a>. Insbesondere der n\u00f6rdliche Teil des Sees mit den ab mittags best\u00e4ndigen Winden \u201eBreva\u201c und \u201eTivano\u201c werden von Wassersportlern zum Kiten und Surfen am Comer See gesch\u00e4tzt. Viele unserer Feriendomizile liegen in Seen\u00e4he oder direkt am See, als idealer Startpunkt zum Surfen am Comer See. Insbesondere im n\u00f6rdlichen Teil des Sees gibt es zahlreiche Surfschulen und Surfverleihe. Wenn Sie Ihre eigenen Surfboards zum Surfen am Comer See mitnehmen m\u00f6chten, gibt es Feriendomizile mit Surfdepots am See.<\/p><\/div><\/div>\t\t\t\t\t\t\t\t<\/div>\n\t\t\t\t<\/div>\n\t\t\t\t<\/div>\n\t\t\t\t\t<\/div>\n\t\t\t\t<\/div>\n\t\t<div class=\"elementor-element elementor-element-58050ab e-flex e-con-boxed e-con e-parent\" data-id=\"58050ab\" data-element_type=\"container\" data-e-type=\"container\">\n\t\t\t\t\t<div class=\"e-con-inner\">\n\t\t\t\t<div class=\"elementor-element elementor-element-a3bd25b elementor-widget elementor-widget-spacer\" data-id=\"a3bd25b\" data-element_type=\"widget\" data-e-type=\"widget\" data-widget_type=\"spacer.default\">\n\t\t\t\t\t\t\t<div class=\"elementor-spacer\">\n\t\t\t<div class=\"elementor-spacer-inner\"><\/div>\n\t\t<\/div>\n\t\t\t\t\t\t<\/div>\n\t\t\t\t\t<\/div>\n\t\t\t\t<\/div>\n\t\t<div class=\"elementor-element elementor-element-2108fb8 e-flex e-con-boxed e-con e-parent\" data-id=\"2108fb8\" data-element_type=\"container\" data-e-type=\"container\">\n\t\t\t\t\t<div class=\"e-con-inner\">\n\t\t\t\t<div class=\"elementor-element elementor-element-57c3953 elementor-widget elementor-widget-heading\" data-id=\"57c3953\" data-element_type=\"widget\" data-e-type=\"widget\" data-widget_type=\"heading.default\">\n\t\t\t\t\t<h2 class=\"elementor-heading-title elementor-size-default\">Jetzt Aktivurlaub am Comer See buchen<\/h2>\t\t\t\t<\/div>\n\t\t\t\t<div class=\"elementor-element elementor-element-d35fd94 elementor-widget elementor-widget-text-editor\" data-id=\"d35fd94\" data-element_type=\"widget\" data-e-type=\"widget\" data-widget_type=\"text-editor.default\">\n\t\t\t\t\t\t\t\t\t<p>Bei Labreva finden Sie Unterk\u00fcnfte f\u00fcr Ihren Aktivurlaub am Comer See: Egal ob Ferienh\u00e4user direkt am See mit Surfdepot oder nahe einer Surfschule mit Surfverleih, Rusticos oben am Berg als idealer Ausgangspunkt f\u00fcr Wandern am Comer See oder Ferienwohnungen mit Fahrr\u00e4dern oder sogar Bikewerkstatt.<\/p><p>\u00a0<\/p><p>Nennen Sie uns einfach Ihre Urlaubsw\u00fcnsche und wir finden ein Feriendomizil.<\/p>\t\t\t\t\t\t\t\t<\/div>\n\t\t\t\t\t<\/div>\n\t\t\t\t<\/div>\n\t\t<div class=\"elementor-element elementor-element-7704002a e-flex e-con-boxed e-con e-parent\" data-id=\"7704002a\" data-element_type=\"container\" data-e-type=\"container\">\n\t\t\t\t\t<div class=\"e-con-inner\">\n\t\t\t\t<div class=\"elementor-element elementor-element-29612017 elementor-widget elementor-widget-spacer\" data-id=\"29612017\" data-element_type=\"widget\" data-e-type=\"widget\" data-widget_type=\"spacer.default\">\n\t\t\t\t\t\t\t<div class=\"elementor-spacer\">\n\t\t\t<div class=\"elementor-spacer-inner\"><\/div>\n\t\t<\/div>\n\t\t\t\t\t\t<\/div>\n\t\t\t\t\t<\/div>\n\t\t\t\t<\/div>\n\t\t\t\t<\/div>\n\t\t","protected":false},"excerpt":{"rendered":"<p>Die Region Comer See ist ein Eldorado f\u00fcr Aktivurlauber und die Vielfalt der M\u00f6glichkeiten wird von Sportbegeisterten sehr gesch\u00e4tzt. Wer sich im Urlaub sportlich bet\u00e4tigen will, dem steht am Comer See ein breites Angebot an Sportarten zur Verf\u00fcgung. Wassersportler finden vor allem im n\u00f6rdlichen Teil des Sees ideale Windverh\u00e4ltnisse sowie zahlreiche Wassersport- und Surfschulen und [&hellip;]<\/p>\n","protected":false},"author":1,"featured_media":78839,"parent":0,"menu_order":0,"comment_status":"closed","ping_status":"closed","template":"","meta":{"_acf_changed":false,"footnotes":""},"seitenart":[77],"class_list":["post-79304","page","type-page","status-publish","has-post-thumbnail","hentry","seitenart-landing-page-custom-template"],"acf":[],"yoast_head":"<!-- This site is optimized with the Yoast SEO plugin v27.3 - https:\/\/yoast.com\/product\/yoast-seo-wordpress\/ -->\n<title>Sporturlaub \u2013 Aktivit\u00e4ten am Comer See - LABREVA - Feriendomizile am Comer See<\/title>\n<meta name=\"description\" content=\"Wer sich im Urlaub sportlich bet\u00e4tigen will, dem steht am Comer See ein breites Angebot an Sportarten zur Verf\u00fcgung.\" \/>\n<meta name=\"robots\" content=\"index, follow, max-snippet:-1, max-image-preview:large, max-video-preview:-1\" \/>\n<link rel=\"canonical\" href=\"https:\/\/labreva.com\/de\/sporturlaub-aktivitaeten-am-comer-see\/\" \/>\n<meta property=\"og:locale\" content=\"de_DE\" \/>\n<meta property=\"og:type\" content=\"article\" \/>\n<meta property=\"og:title\" content=\"Sporturlaub \u2013 Aktivit\u00e4ten am Comer See - LABREVA - Feriendomizile am Comer See\" \/>\n<meta property=\"og:description\" content=\"Wer sich im Urlaub sportlich bet\u00e4tigen will, dem steht am Comer See ein breites Angebot an Sportarten zur Verf\u00fcgung.\" \/>\n<meta property=\"og:url\" content=\"https:\/\/labreva.com\/de\/sporturlaub-aktivitaeten-am-comer-see\/\" \/>\n<meta property=\"og:site_name\" content=\"LABREVA - Feriendomizile am Comer See\" \/>\n<meta property=\"article:modified_time\" content=\"2026-01-27T15:08:09+00:00\" \/>\n<meta property=\"og:image\" content=\"https:\/\/labreva.com\/wp-content\/uploads\/2026\/01\/Headerbild-Ort-Colico-scaled-1.jpg\" \/>\n\t<meta property=\"og:image:width\" content=\"2560\" \/>\n\t<meta property=\"og:image:height\" content=\"1919\" \/>\n\t<meta property=\"og:image:type\" content=\"image\/jpeg\" \/>\n<meta name=\"twitter:card\" content=\"summary_large_image\" \/>\n<meta name=\"twitter:label1\" content=\"Gesch\u00e4tzte Lesezeit\" \/>\n\t<meta name=\"twitter:data1\" content=\"2\u00a0Minuten\" \/>\n<script type=\"application\/ld+json\" class=\"yoast-schema-graph\">{\"@context\":\"https:\\\/\\\/schema.org\",\"@graph\":[{\"@type\":\"WebPage\",\"@id\":\"https:\\\/\\\/labreva.com\\\/de\\\/sporturlaub-aktivitaeten-am-comer-see\\\/\",\"url\":\"https:\\\/\\\/labreva.com\\\/de\\\/sporturlaub-aktivitaeten-am-comer-see\\\/\",\"name\":\"Sporturlaub \u2013 Aktivit\u00e4ten am Comer See - LABREVA - Feriendomizile am Comer See\",\"isPartOf\":{\"@id\":\"https:\\\/\\\/labreva.com\\\/de\\\/#website\"},\"primaryImageOfPage\":{\"@id\":\"https:\\\/\\\/labreva.com\\\/de\\\/sporturlaub-aktivitaeten-am-comer-see\\\/#primaryimage\"},\"image\":{\"@id\":\"https:\\\/\\\/labreva.com\\\/de\\\/sporturlaub-aktivitaeten-am-comer-see\\\/#primaryimage\"},\"thumbnailUrl\":\"https:\\\/\\\/labreva.com\\\/wp-content\\\/uploads\\\/2026\\\/01\\\/Headerbild-Ort-Colico-scaled-1.jpg\",\"datePublished\":\"2026-01-13T14:02:50+00:00\",\"dateModified\":\"2026-01-27T15:08:09+00:00\",\"description\":\"Wer sich im Urlaub sportlich bet\u00e4tigen will, dem steht am Comer See ein breites Angebot an Sportarten zur Verf\u00fcgung.\",\"breadcrumb\":{\"@id\":\"https:\\\/\\\/labreva.com\\\/de\\\/sporturlaub-aktivitaeten-am-comer-see\\\/#breadcrumb\"},\"inLanguage\":\"de\",\"potentialAction\":[{\"@type\":\"ReadAction\",\"target\":[\"https:\\\/\\\/labreva.com\\\/de\\\/sporturlaub-aktivitaeten-am-comer-see\\\/\"]}]},{\"@type\":\"ImageObject\",\"inLanguage\":\"de\",\"@id\":\"https:\\\/\\\/labreva.com\\\/de\\\/sporturlaub-aktivitaeten-am-comer-see\\\/#primaryimage\",\"url\":\"https:\\\/\\\/labreva.com\\\/wp-content\\\/uploads\\\/2026\\\/01\\\/Headerbild-Ort-Colico-scaled-1.jpg\",\"contentUrl\":\"https:\\\/\\\/labreva.com\\\/wp-content\\\/uploads\\\/2026\\\/01\\\/Headerbild-Ort-Colico-scaled-1.jpg\",\"width\":2560,\"height\":1919},{\"@type\":\"BreadcrumbList\",\"@id\":\"https:\\\/\\\/labreva.com\\\/de\\\/sporturlaub-aktivitaeten-am-comer-see\\\/#breadcrumb\",\"itemListElement\":[{\"@type\":\"ListItem\",\"position\":1,\"name\":\"Startseite\",\"item\":\"https:\\\/\\\/labreva.com\\\/de\\\/\"},{\"@type\":\"ListItem\",\"position\":2,\"name\":\"Sporturlaub \u2013 Aktivit\u00e4ten am Comer See\"}]},{\"@type\":\"WebSite\",\"@id\":\"https:\\\/\\\/labreva.com\\\/de\\\/#website\",\"url\":\"https:\\\/\\\/labreva.com\\\/de\\\/\",\"name\":\"LABREVA - Feriendomizile am Comer See\",\"description\":\"\",\"publisher\":{\"@id\":\"https:\\\/\\\/labreva.com\\\/de\\\/#organization\"},\"potentialAction\":[{\"@type\":\"SearchAction\",\"target\":{\"@type\":\"EntryPoint\",\"urlTemplate\":\"https:\\\/\\\/labreva.com\\\/de\\\/?s={search_term_string}\"},\"query-input\":{\"@type\":\"PropertyValueSpecification\",\"valueRequired\":true,\"valueName\":\"search_term_string\"}}],\"inLanguage\":\"de\"},{\"@type\":\"Organization\",\"@id\":\"https:\\\/\\\/labreva.com\\\/de\\\/#organization\",\"name\":\"LABREVA - Feriendomizile am Comer See\",\"url\":\"https:\\\/\\\/labreva.com\\\/de\\\/\",\"logo\":{\"@type\":\"ImageObject\",\"inLanguage\":\"de\",\"@id\":\"https:\\\/\\\/labreva.com\\\/de\\\/#\\\/schema\\\/logo\\\/image\\\/\",\"url\":\"https:\\\/\\\/labreva.com\\\/wp-content\\\/uploads\\\/2025\\\/11\\\/Labreva_Logo_RGB_5.svg\",\"contentUrl\":\"https:\\\/\\\/labreva.com\\\/wp-content\\\/uploads\\\/2025\\\/11\\\/Labreva_Logo_RGB_5.svg\",\"caption\":\"LABREVA - Feriendomizile am Comer See\"},\"image\":{\"@id\":\"https:\\\/\\\/labreva.com\\\/de\\\/#\\\/schema\\\/logo\\\/image\\\/\"}}]}<\/script>\n<!-- \/ Yoast SEO plugin. -->","yoast_head_json":{"title":"Sporturlaub \u2013 Aktivit\u00e4ten am Comer See - LABREVA - Feriendomizile am Comer See","description":"Wer sich im Urlaub sportlich bet\u00e4tigen will, dem steht am Comer See ein breites Angebot an Sportarten zur Verf\u00fcgung.","robots":{"index":"index","follow":"follow","max-snippet":"max-snippet:-1","max-image-preview":"max-image-preview:large","max-video-preview":"max-video-preview:-1"},"canonical":"https:\/\/labreva.com\/de\/sporturlaub-aktivitaeten-am-comer-see\/","og_locale":"de_DE","og_type":"article","og_title":"Sporturlaub \u2013 Aktivit\u00e4ten am Comer See - LABREVA - Feriendomizile am Comer See","og_description":"Wer sich im Urlaub sportlich bet\u00e4tigen will, dem steht am Comer See ein breites Angebot an Sportarten zur Verf\u00fcgung.","og_url":"https:\/\/labreva.com\/de\/sporturlaub-aktivitaeten-am-comer-see\/","og_site_name":"LABREVA - Feriendomizile am Comer See","article_modified_time":"2026-01-27T15:08:09+00:00","og_image":[{"width":2560,"height":1919,"url":"https:\/\/labreva.com\/wp-content\/uploads\/2026\/01\/Headerbild-Ort-Colico-scaled-1.jpg","type":"image\/jpeg"}],"twitter_card":"summary_large_image","twitter_misc":{"Gesch\u00e4tzte Lesezeit":"2\u00a0Minuten"},"schema":{"@context":"https:\/\/schema.org","@graph":[{"@type":"WebPage","@id":"https:\/\/labreva.com\/de\/sporturlaub-aktivitaeten-am-comer-see\/","url":"https:\/\/labreva.com\/de\/sporturlaub-aktivitaeten-am-comer-see\/","name":"Sporturlaub \u2013 Aktivit\u00e4ten am Comer See - LABREVA - Feriendomizile am Comer See","isPartOf":{"@id":"https:\/\/labreva.com\/de\/#website"},"primaryImageOfPage":{"@id":"https:\/\/labreva.com\/de\/sporturlaub-aktivitaeten-am-comer-see\/#primaryimage"},"image":{"@id":"https:\/\/labreva.com\/de\/sporturlaub-aktivitaeten-am-comer-see\/#primaryimage"},"thumbnailUrl":"https:\/\/labreva.com\/wp-content\/uploads\/2026\/01\/Headerbild-Ort-Colico-scaled-1.jpg","datePublished":"2026-01-13T14:02:50+00:00","dateModified":"2026-01-27T15:08:09+00:00","description":"Wer sich im Urlaub sportlich bet\u00e4tigen will, dem steht am Comer See ein breites Angebot an Sportarten zur Verf\u00fcgung.","breadcrumb":{"@id":"https:\/\/labreva.com\/de\/sporturlaub-aktivitaeten-am-comer-see\/#breadcrumb"},"inLanguage":"de","potentialAction":[{"@type":"ReadAction","target":["https:\/\/labreva.com\/de\/sporturlaub-aktivitaeten-am-comer-see\/"]}]},{"@type":"ImageObject","inLanguage":"de","@id":"https:\/\/labreva.com\/de\/sporturlaub-aktivitaeten-am-comer-see\/#primaryimage","url":"https:\/\/labreva.com\/wp-content\/uploads\/2026\/01\/Headerbild-Ort-Colico-scaled-1.jpg","contentUrl":"https:\/\/labreva.com\/wp-content\/uploads\/2026\/01\/Headerbild-Ort-Colico-scaled-1.jpg","width":2560,"height":1919},{"@type":"BreadcrumbList","@id":"https:\/\/labreva.com\/de\/sporturlaub-aktivitaeten-am-comer-see\/#breadcrumb","itemListElement":[{"@type":"ListItem","position":1,"name":"Startseite","item":"https:\/\/labreva.com\/de\/"},{"@type":"ListItem","position":2,"name":"Sporturlaub \u2013 Aktivit\u00e4ten am Comer See"}]},{"@type":"WebSite","@id":"https:\/\/labreva.com\/de\/#website","url":"https:\/\/labreva.com\/de\/","name":"LABREVA - Feriendomizile am Comer See","description":"","publisher":{"@id":"https:\/\/labreva.com\/de\/#organization"},"potentialAction":[{"@type":"SearchAction","target":{"@type":"EntryPoint","urlTemplate":"https:\/\/labreva.com\/de\/?s={search_term_string}"},"query-input":{"@type":"PropertyValueSpecification","valueRequired":true,"valueName":"search_term_string"}}],"inLanguage":"de"},{"@type":"Organization","@id":"https:\/\/labreva.com\/de\/#organization","name":"LABREVA - Feriendomizile am Comer See","url":"https:\/\/labreva.com\/de\/","logo":{"@type":"ImageObject","inLanguage":"de","@id":"https:\/\/labreva.com\/de\/#\/schema\/logo\/image\/","url":"https:\/\/labreva.com\/wp-content\/uploads\/2025\/11\/Labreva_Logo_RGB_5.svg","contentUrl":"https:\/\/labreva.com\/wp-content\/uploads\/2025\/11\/Labreva_Logo_RGB_5.svg","caption":"LABREVA - Feriendomizile am Comer See"},"image":{"@id":"https:\/\/labreva.com\/de\/#\/schema\/logo\/image\/"}}]}},"_links":{"self":[{"href":"https:\/\/labreva.com\/de\/wp-json\/wp\/v2\/pages\/79304","targetHints":{"allow":["GET"]}}],"collection":[{"href":"https:\/\/labreva.com\/de\/wp-json\/wp\/v2\/pages"}],"about":[{"href":"https:\/\/labreva.com\/de\/wp-json\/wp\/v2\/types\/page"}],"author":[{"embeddable":true,"href":"https:\/\/labreva.com\/de\/wp-json\/wp\/v2\/users\/1"}],"replies":[{"embeddable":true,"href":"https:\/\/labreva.com\/de\/wp-json\/wp\/v2\/comments?post=79304"}],"version-history":[{"count":10,"href":"https:\/\/labreva.com\/de\/wp-json\/wp\/v2\/pages\/79304\/revisions"}],"predecessor-version":[{"id":82444,"href":"https:\/\/labreva.com\/de\/wp-json\/wp\/v2\/pages\/79304\/revisions\/82444"}],"wp:featuredmedia":[{"embeddable":true,"href":"https:\/\/labreva.com\/de\/wp-json\/wp\/v2\/media\/78839"}],"wp:attachment":[{"href":"https:\/\/labreva.com\/de\/wp-json\/wp\/v2\/media?parent=79304"}],"wp:term":[{"taxonomy":"seitenart","embeddable":true,"href":"https:\/\/labreva.com\/de\/wp-json\/wp\/v2\/seitenart?post=79304"}],"curies":[{"name":"wp","href":"https:\/\/api.w.org\/{rel}","templated":true}]}}