{"id":79047,"date":"2026-01-13T12:31:33","date_gmt":"2026-01-13T11:31:33","guid":{"rendered":"https:\/\/labreva.com\/?page_id=79047"},"modified":"2026-01-27T15:49:13","modified_gmt":"2026-01-27T14:49:13","slug":"ferienhaus-mit-pool-am-comer-see","status":"publish","type":"page","link":"https:\/\/labreva.com\/de\/ferienhaus-mit-pool-am-comer-see\/","title":{"rendered":"Ferienhaus mit Pool am Comer See"},"content":{"rendered":"\t\t<div data-elementor-type=\"wp-page\" data-elementor-id=\"79047\" class=\"elementor elementor-79047\" data-elementor-post-type=\"page\">\n\t\t\t\t<div class=\"elementor-element elementor-element-348f2a9 e-flex e-con-boxed e-con e-parent\" data-id=\"348f2a9\" data-element_type=\"container\" data-e-type=\"container\">\n\t\t\t\t\t<div class=\"e-con-inner\">\n\t\t<div class=\"elementor-element elementor-element-c81201a e-con-full e-flex e-con e-child\" data-id=\"c81201a\" data-element_type=\"container\" data-e-type=\"container\">\n\t\t\t\t<div class=\"elementor-element elementor-element-00bcd73 elementor-widget elementor-widget-image\" data-id=\"00bcd73\" data-element_type=\"widget\" data-e-type=\"widget\" data-widget_type=\"image.default\">\n\t\t\t\t\t\t\t\t\t\t\t\t\t\t\t<img fetchpriority=\"high\" decoding=\"async\" width=\"768\" height=\"512\" src=\"https:\/\/labreva.com\/wp-content\/uploads\/2025\/12\/Pool-mit-See-und-Bergblick-768x512-1.jpg\" class=\"attachment-large size-large wp-image-77967\" alt=\"\" \/>\t\t\t\t\t\t\t\t\t\t\t\t\t\t\t<\/div>\n\t\t\t\t<\/div>\n\t\t\t\t\t<\/div>\n\t\t\t\t<\/div>\n\t\t<div class=\"elementor-element elementor-element-48a5dae4 e-con-full e-flex e-con e-child\" data-id=\"48a5dae4\" data-element_type=\"container\" data-e-type=\"container\">\n\t\t\t\t<div class=\"elementor-element elementor-element-74021e47 elementor-widget elementor-widget-heading\" data-id=\"74021e47\" data-element_type=\"widget\" data-e-type=\"widget\" data-widget_type=\"heading.default\">\n\t\t\t\t\t<h1 class=\"elementor-heading-title elementor-size-default\">Ferienhaus mit Pool am Comer See<\/h1>\t\t\t\t<\/div>\n\t\t\t\t<div class=\"elementor-element elementor-element-7f309f8c elementor-widget__width-initial elementor-widget-mobile__width-inherit make-text-mobile-sm elementor-widget elementor-widget-text-editor\" data-id=\"7f309f8c\" data-element_type=\"widget\" data-e-type=\"widget\" data-widget_type=\"text-editor.default\">\n\t\t\t\t\t\t\t\t\t<p class=\"lazyloaded\">Planen Sie Ihren Urlaub in einem\u00a0<strong>Ferienhaus Comer See mit Pool<\/strong>\u00a0und suchen noch eine geeignete Unterkunft?<\/p>\n<p>Wir bieten Ihnen Ferienwohnungen, Villen und Ferienh\u00e4user in verschiedenen Preisklassen, die einen Pool im Au\u00dfenbereich zur Verf\u00fcgung stellen. Entscheiden Sie selbst und suchen Sie sich ein\u00a0<strong>Ferienhaus Comer See mit Pool<\/strong>, das Ihren Bed\u00fcrfnissen gerecht wird. W\u00e4hlen Sie aus einer\u00a0<a href=\"https:\/\/labreva.com\/de\/suchenbuchen\/?s=&amp;nights_min=0&amp;nights_max=0&amp;from=&amp;to=&amp;adults=2&amp;children=0&amp;babys=0&amp;petsCount=0&amp;order=random&amp;type=&amp;region=&amp;filter%5Bpool%5D=on\">Vielzahl von Objekten<\/a>.<\/p>\n<p class=\"nitro-offscreen\">Entdecken Sie unsere Ferienh\u00e4user im Landesinnere, um das gesamte See- und Bergpanorama zu \u00fcberblicken. Oder seien Sie mitten im Geschehen und buchen Sie sich ein\u00a0<strong>Ferienhaus Comer See mit Pool<\/strong><strong>\u00a0<\/strong>\u00a0und seien Sie nah an der Uferpromenade.\u00a0<\/p>\n<p class=\"nitro-offscreen\">Fest steht, ein Urlaub in einem\u00a0<strong>Ferienhaus Comer See mit Pool<\/strong><strong>\u00a0<\/strong>\u00a0ist ein wundersch\u00f6nes Erlebnis, an das Sie sich noch lange Zeit nach Ihrem Urlaub zur\u00fcckerinnern werden. Entdecken Sie Unterk\u00fcnfte in den unterschiedlichsten Lagen und an vielen Orten rund um den Comer See.<\/p>\t\t\t\t\t\t\t\t<\/div>\n\t\t\t\t<\/div>\n\t\t<div class=\"elementor-element elementor-element-44fe61b e-flex e-con-boxed e-con e-parent\" data-id=\"44fe61b\" data-element_type=\"container\" data-e-type=\"container\">\n\t\t\t\t\t<div class=\"e-con-inner\">\n\t\t<div class=\"elementor-element elementor-element-6e814041 e-con-full e-flex e-con e-child\" data-id=\"6e814041\" data-element_type=\"container\" data-e-type=\"container\">\n\t\t<div class=\"elementor-element elementor-element-3e5b9c1f e-con-full e-flex e-con e-child\" data-id=\"3e5b9c1f\" data-element_type=\"container\" data-e-type=\"container\" data-settings=\"{&quot;background_background&quot;:&quot;classic&quot;}\">\n\t\t\t\t<\/div>\n\t\t<div class=\"elementor-element elementor-element-3ac4248c e-con-full e-flex e-con e-child\" data-id=\"3ac4248c\" data-element_type=\"container\" data-e-type=\"container\">\n\t\t\t\t<div class=\"elementor-element elementor-element-33aeae2 elementor-widget elementor-widget-heading\" data-id=\"33aeae2\" data-element_type=\"widget\" data-e-type=\"widget\" data-widget_type=\"heading.default\">\n\t\t\t\t\t<h2 class=\"elementor-heading-title elementor-size-default\">Pretore Rustico-Ferienhaus<\/h2>\t\t\t\t<\/div>\n\t\t\t\t<div class=\"elementor-element elementor-element-7e3e16dc elementor-widget__width-inherit elementor-widget-tablet__width-inherit elementor-widget elementor-widget-text-editor\" data-id=\"7e3e16dc\" data-element_type=\"widget\" data-e-type=\"widget\" data-widget_type=\"text-editor.default\">\n\t\t\t\t\t\t\t\t\t<p>Das romatische\u00a0<a href=\"https:\/\/labreva.com\/de\/unterkuenfte\/pretore-rustico-ferienhaus\/\">Rustico Pretore<\/a>\u00a0ist ein\u00a0<strong>Ferienhaus Comer See mit Pool<\/strong>. Es ist oberhalb des malerischen Uferortes Gravedona im Bergdorf Cerviano, in sonnenreicher Hanglage und umgeben von viel Natur, wenig Nachbarschaft, Weinbergen und Olivenhainen. Mit dem Auto erreichen Sie in nur ca. 3-5 Minuten Gravedona, einem der zahlreichen Orte hier am Ufer des Comer Sees.\u00a0<a href=\"https:\/\/labreva.com\/de\/urlaubsorte-am-comer-see\/gravedona-und-umgebung\/\">Gravedona<\/a>\u00a0ist mit zahlreichen Einkaufsm\u00f6glichkeiten, Caf\u00e9s, Bars, sch\u00f6ner Uferpromenade und einer Schiffsanlegestelle mit Verbindungen in vielen der attraktiven St\u00e4dte des Comer Sees. Das Highlight von diesem\u00a0<strong>Ferienhaus Comer See mit Pool<\/strong>\u00a0ist die ca. 36 m2 gro\u00dfe Terrasse mit gemauerter Pergola, ein offener \u00fcberdachter Wohnbereich mit Kamin und Gartenm\u00f6beln mit traumhaftem Ambiente. Mit Au\u00dfendusche. Die beiden Schlafzimmer im Ober- und Dachgeschoss haben je einen Balkon zur Seeseite. Der Pool ist ein paar Treppenstufen unterhalb.\u00a0 Im Garten unterhalb gedeiht heimisches Gem\u00fcse, Obst wie z. B. \u00c4pfel, Pflaumen, Feigen und Kr\u00e4uter, die Sie gerne auch in Absprache ernten d\u00fcrfen.<\/p>\t\t\t\t\t\t\t\t<\/div>\n\t\t\t\t<\/div>\n\t\t\t\t<\/div>\n\t\t<div class=\"elementor-element elementor-element-2c2d807f e-con-full e-flex e-con e-child\" data-id=\"2c2d807f\" data-element_type=\"container\" data-e-type=\"container\">\n\t\t\t\t<div class=\"elementor-element elementor-element-48d7ee7d elementor-widget elementor-widget-spacer\" data-id=\"48d7ee7d\" data-element_type=\"widget\" data-e-type=\"widget\" data-widget_type=\"spacer.default\">\n\t\t\t\t\t\t\t<div class=\"elementor-spacer\">\n\t\t\t<div class=\"elementor-spacer-inner\"><\/div>\n\t\t<\/div>\n\t\t\t\t\t\t<\/div>\n\t\t\t\t<\/div>\n\t\t<div class=\"elementor-element elementor-element-565f58c6 e-con-full e-flex e-con e-child\" data-id=\"565f58c6\" data-element_type=\"container\" data-e-type=\"container\">\n\t\t<div class=\"elementor-element elementor-element-19fc468 e-con-full e-flex e-con e-child\" data-id=\"19fc468\" data-element_type=\"container\" data-e-type=\"container\" data-settings=\"{&quot;background_background&quot;:&quot;classic&quot;}\">\n\t\t\t\t<\/div>\n\t\t<div class=\"elementor-element elementor-element-b8b3fca e-con-full e-flex e-con e-child\" data-id=\"b8b3fca\" data-element_type=\"container\" data-e-type=\"container\">\n\t\t\t\t<div class=\"elementor-element elementor-element-65f4acc3 elementor-widget elementor-widget-heading\" data-id=\"65f4acc3\" data-element_type=\"widget\" data-e-type=\"widget\" data-widget_type=\"heading.default\">\n\t\t\t\t\t<h2 class=\"elementor-heading-title elementor-size-default\">Ferienhaus Comer See mit Pool <\/h2>\t\t\t\t<\/div>\n\t\t\t\t<div class=\"elementor-element elementor-element-3bb6a411 elementor-widget-tablet__width-inherit elementor-widget elementor-widget-text-editor\" data-id=\"3bb6a411\" data-element_type=\"widget\" data-e-type=\"widget\" data-widget_type=\"text-editor.default\">\n\t\t\t\t\t\t\t\t\t<p>Ein\u00a0<strong>Ferienhaus Comer See mit Pool<\/strong>\u00a0vermittelt Ihnen fast schon das Gef\u00fchl, als w\u00fcrden Sie direkt im Comer See baden. Genie\u00dfen Sie die Seeluft aus Ihrem Privaten Pool heraus und genie\u00dfen Sie Ihre Privatsph\u00e4re mit Freunden oder Familie. Au\u00dferdem bietet sich Ihnen hierdurch eine spektakul\u00e4re Aussicht auf den See und seine malerische Umgebung. Gleichzeitig k\u00f6nnen Sie nat\u00fcrlich auch einen Abstecher zum See machen und eine\u00a0<a href=\"https:\/\/labreva.com\/de\/urlaubsideen\/surfen-am-comer-see\/\">Wassersportart<\/a>\u00a0ausprobieren wenn Sie m\u00f6gen. Sie m\u00fcssen sich keine Sorgen um \u00fcberf\u00fcllte Str\u00e4nde oder B\u00e4der machen. Somit k\u00f6nnen Sie Ihren Pool jederzeit nach Ihrem Belieben benutzen und m\u00fcssen sich auch an keine \u00d6ffnungszeiten halten. Vor allem an hei\u00dfen Sommertagen kann eine spontane Abk\u00fchlung im Pool wahre Wunder bewirken.<\/p>\n<p>Wenn Sie mit der Familie reisen, k\u00f6nnen Sie am Pool die Sonne genie\u00dfen, w\u00e4hrend Ihre Kinder sich im Wasser austoben. Ein\u00a0<strong>Ferienhaus Comer See mit Pool<\/strong>\u00a0ist f\u00fcr viele Kinder ein wahres Highlight, welches den Urlaub deutlich aufwerten kann.<\/p>\n<p>Einige der\u00a0<strong>Ferienh\u00e4user Comer See mit Pool<\/strong><strong>\u00a0<\/strong>\u00a0sind zus\u00e4tzlich mit einem Jacuzzi ausgestattet und vermitteln ein sehr exklusives Ambiente. Unsere Villen, Ferienwohnungen und\u00a0<strong>Ferienh\u00e4user Comer See mit Pool<\/strong><strong>\u00a0<\/strong>\u00a0sind in verschiedenen Preisklassen buchbar und befinden sich rund um den Comer See verteilt.\u00a0<a href=\"https:\/\/labreva.com\/de\/suchenbuchen\/?s=&amp;nights_min=0&amp;nights_max=0&amp;from=&amp;to=&amp;adults=1&amp;children=0&amp;babys=0&amp;petsCount=0&amp;order=random&amp;type=&amp;region=&amp;filter%5Bpool%5D=on\">Hier<\/a>\u00a0findet jeder die Passenden Ferienunterkunft f\u00fcr seinen Urlaub<\/p>\t\t\t\t\t\t\t\t<\/div>\n\t\t\t\t<\/div>\n\t\t\t\t<\/div>\n\t\t<div class=\"elementor-element elementor-element-673cc7c e-con-full e-flex e-con e-child\" data-id=\"673cc7c\" data-element_type=\"container\" data-e-type=\"container\">\n\t\t<div class=\"elementor-element elementor-element-f0dac31 e-con-full e-flex e-con e-child\" data-id=\"f0dac31\" data-element_type=\"container\" data-e-type=\"container\" data-settings=\"{&quot;background_background&quot;:&quot;classic&quot;}\">\n\t\t\t\t<\/div>\n\t\t<div class=\"elementor-element elementor-element-01de372 e-con-full e-flex e-con e-child\" data-id=\"01de372\" data-element_type=\"container\" data-e-type=\"container\">\n\t\t\t\t<div class=\"elementor-element elementor-element-fa4ddf1 elementor-widget elementor-widget-heading\" data-id=\"fa4ddf1\" data-element_type=\"widget\" data-e-type=\"widget\" data-widget_type=\"heading.default\">\n\t\t\t\t\t<h2 class=\"elementor-heading-title elementor-size-default\">Collina Margherita \u2013 Ferienh\u00e4user Comer See mit Pool <\/h2>\t\t\t\t<\/div>\n\t\t\t\t<div class=\"elementor-element elementor-element-bf0c577 elementor-widget__width-inherit elementor-widget-tablet__width-inherit elementor-widget elementor-widget-text-editor\" data-id=\"bf0c577\" data-element_type=\"widget\" data-e-type=\"widget\" data-widget_type=\"text-editor.default\">\n\t\t\t\t\t\t\t\t\t<p>Das\u00a0<strong>Ferienhaus Comer See mit Pool<\/strong>\u00a0nennt sich \u201c<a href=\"https:\/\/labreva.com\/de\/unterkuenfte\/collina-margherita-ferienhaus\/?adults=1\">Collina Margherita<\/a>\u201d und ist das rechte seitliche Haus der 3 Komfort-Ferienh\u00e4user im Bergdorf Vercana oberhalb von\u00a0<a href=\"https:\/\/labreva.com\/de\/urlaubsorte-am-comer-see\/domaso-und-umgebung\/\">Domaso<\/a>, in einem malerischen Dorf am oberen Westufer des Comer Sees, 3 km vom See entfernt.<\/p>\n<p>Ein atemberaubendes Panorama in sonnenverw\u00f6hnter Hanglage, das sich s\u00fcdlich des Sees erstreckt und im Kontrast zu den majest\u00e4tischen Bergen der Umgebung steht, macht dieses charmante Dorf mit mediterranem Klima zu einem Ort, der zu jeder Jahreszeit f\u00fcr einen Urlaub geeignet ist. Oberhalb befinden sich die Residenz Collina, der Garten, der Kinderspielplatz und der Hobby-Spielraum k\u00f6nnen gemeinsam genutzt werden. Zur Seeseite ist die teil\u00fcberdachte Terrasse mit gro\u00dfem Grill und Esstischgarnitur und Liegest\u00fchlen. Dieses\u00a0<strong>Ferienhaus Comer See mit Pool<\/strong>\u00a0wartet nur darauf entdeckt zu werden.\u00a0<a href=\"https:\/\/labreva.com\/de\/unterkuenfte\/collina-margherita-ferienhaus\/?adults=1\">Hier<\/a>\u00a0geht es zum Objekt.<\/p>\t\t\t\t\t\t\t\t<\/div>\n\t\t\t\t<\/div>\n\t\t\t\t<\/div>\n\t\t\t\t\t<\/div>\n\t\t\t\t<\/div>\n\t\t<div class=\"elementor-element elementor-element-58050ab e-flex e-con-boxed e-con e-parent\" data-id=\"58050ab\" data-element_type=\"container\" data-e-type=\"container\">\n\t\t\t\t\t<div class=\"e-con-inner\">\n\t\t\t\t<div class=\"elementor-element elementor-element-a3bd25b elementor-widget elementor-widget-spacer\" data-id=\"a3bd25b\" data-element_type=\"widget\" data-e-type=\"widget\" data-widget_type=\"spacer.default\">\n\t\t\t\t\t\t\t<div class=\"elementor-spacer\">\n\t\t\t<div class=\"elementor-spacer-inner\"><\/div>\n\t\t<\/div>\n\t\t\t\t\t\t<\/div>\n\t\t\t\t\t<\/div>\n\t\t\t\t<\/div>\n\t\t<div class=\"elementor-element elementor-element-2108fb8 e-flex e-con-boxed e-con e-parent\" data-id=\"2108fb8\" data-element_type=\"container\" data-e-type=\"container\">\n\t\t\t\t\t<div class=\"e-con-inner\">\n\t\t\t\t<div class=\"elementor-element elementor-element-57c3953 elementor-widget elementor-widget-heading\" data-id=\"57c3953\" data-element_type=\"widget\" data-e-type=\"widget\" data-widget_type=\"heading.default\">\n\t\t\t\t\t<h2 class=\"elementor-heading-title elementor-size-default\">Buchen Sie jetzt Ihren Urlaub mit eigenem Pool am Comer See<\/h2>\t\t\t\t<\/div>\n\t\t\t\t<div class=\"elementor-element elementor-element-d35fd94 elementor-widget elementor-widget-text-editor\" data-id=\"d35fd94\" data-element_type=\"widget\" data-e-type=\"widget\" data-widget_type=\"text-editor.default\">\n\t\t\t\t\t\t\t\t\t<p>Entdecken Sie unsere gro\u00dfe Auswahl an\u00a0<strong>Ferienh\u00e4usern am Comer See<\/strong>\u00a0<strong>mit Pool<\/strong>\u00a0und buchen Sie Ihren Traumurlaub. Wir sind Ihr Ansprechpartner f\u00fcr einen unvergesslichen Urlaub am Comer See.<\/p><p>F\u00fcr weitere Fragen oder eine pers\u00f6nliche Beratung stehen wir Ihnen t\u00e4glich telefonisch oder \u00fcber unser\u00a0<a href=\"https:\/\/labreva.com\/de\/kontakt\/\">Kontaktformular<\/a>\u00a0zur Verf\u00fcgung. Unser Team freut sich darauf, Ihnen bei der Auswahl der perfekten Unterkunft zu helfen und Ihren\u00a0<strong>Urlaub am Comer See<\/strong>\u00a0zu einem besonderen Erlebnis zu machen.<\/p>\t\t\t\t\t\t\t\t<\/div>\n\t\t\t\t\t<\/div>\n\t\t\t\t<\/div>\n\t\t\t\t<\/div>\n\t\t","protected":false},"excerpt":{"rendered":"<p>Planen Sie Ihren Urlaub in einem\u00a0Ferienhaus Comer See mit Pool\u00a0und suchen noch eine geeignete Unterkunft? Wir bieten Ihnen Ferienwohnungen, Villen und Ferienh\u00e4user in verschiedenen Preisklassen, die einen Pool im Au\u00dfenbereich zur Verf\u00fcgung stellen. Entscheiden Sie selbst und suchen Sie sich ein\u00a0Ferienhaus Comer See mit Pool, das Ihren Bed\u00fcrfnissen gerecht wird. W\u00e4hlen Sie aus einer\u00a0Vielzahl von [&hellip;]<\/p>\n","protected":false},"author":1,"featured_media":78839,"parent":0,"menu_order":0,"comment_status":"closed","ping_status":"closed","template":"","meta":{"_acf_changed":false,"footnotes":""},"seitenart":[77],"class_list":["post-79047","page","type-page","status-publish","has-post-thumbnail","hentry","seitenart-landing-page-custom-template"],"acf":[],"yoast_head":"<!-- This site is optimized with the Yoast SEO plugin v27.3 - https:\/\/yoast.com\/product\/yoast-seo-wordpress\/ -->\n<title>Ferienhaus mit Pool am Comer See - LABREVA - Feriendomizile am Comer See<\/title>\n<meta name=\"description\" content=\"Bei LABREVA finden Sie eine gro\u00dfe Auswahl an Ferienh\u00e4usern mit Pool am Comer See - \u00dcberzeugen Sie sich selbst\" \/>\n<meta name=\"robots\" content=\"index, follow, max-snippet:-1, max-image-preview:large, max-video-preview:-1\" \/>\n<link rel=\"canonical\" href=\"https:\/\/labreva.com\/de\/ferienhaus-mit-pool-am-comer-see\/\" \/>\n<meta property=\"og:locale\" content=\"de_DE\" \/>\n<meta property=\"og:type\" content=\"article\" \/>\n<meta property=\"og:title\" content=\"Ferienhaus mit Pool am Comer See - LABREVA - Feriendomizile am Comer See\" \/>\n<meta property=\"og:description\" content=\"Bei LABREVA finden Sie eine gro\u00dfe Auswahl an Ferienh\u00e4usern mit Pool am Comer See - \u00dcberzeugen Sie sich selbst\" \/>\n<meta property=\"og:url\" content=\"https:\/\/labreva.com\/de\/ferienhaus-mit-pool-am-comer-see\/\" \/>\n<meta property=\"og:site_name\" content=\"LABREVA - Feriendomizile am Comer See\" \/>\n<meta property=\"article:modified_time\" content=\"2026-01-27T14:49:13+00:00\" \/>\n<meta property=\"og:image\" content=\"https:\/\/labreva.com\/wp-content\/uploads\/2026\/01\/Headerbild-Ort-Colico-scaled-1.jpg\" \/>\n\t<meta property=\"og:image:width\" content=\"2560\" \/>\n\t<meta property=\"og:image:height\" content=\"1919\" \/>\n\t<meta property=\"og:image:type\" content=\"image\/jpeg\" \/>\n<meta name=\"twitter:card\" content=\"summary_large_image\" \/>\n<meta name=\"twitter:label1\" content=\"Gesch\u00e4tzte Lesezeit\" \/>\n\t<meta name=\"twitter:data1\" content=\"5\u00a0Minuten\" \/>\n<script type=\"application\/ld+json\" class=\"yoast-schema-graph\">{\"@context\":\"https:\\\/\\\/schema.org\",\"@graph\":[{\"@type\":\"WebPage\",\"@id\":\"https:\\\/\\\/labreva.com\\\/de\\\/ferienhaus-mit-pool-am-comer-see\\\/\",\"url\":\"https:\\\/\\\/labreva.com\\\/de\\\/ferienhaus-mit-pool-am-comer-see\\\/\",\"name\":\"Ferienhaus mit Pool am Comer See - LABREVA - Feriendomizile am Comer See\",\"isPartOf\":{\"@id\":\"https:\\\/\\\/labreva.com\\\/de\\\/#website\"},\"primaryImageOfPage\":{\"@id\":\"https:\\\/\\\/labreva.com\\\/de\\\/ferienhaus-mit-pool-am-comer-see\\\/#primaryimage\"},\"image\":{\"@id\":\"https:\\\/\\\/labreva.com\\\/de\\\/ferienhaus-mit-pool-am-comer-see\\\/#primaryimage\"},\"thumbnailUrl\":\"https:\\\/\\\/labreva.com\\\/wp-content\\\/uploads\\\/2026\\\/01\\\/Headerbild-Ort-Colico-scaled-1.jpg\",\"datePublished\":\"2026-01-13T11:31:33+00:00\",\"dateModified\":\"2026-01-27T14:49:13+00:00\",\"description\":\"Bei LABREVA finden Sie eine gro\u00dfe Auswahl an Ferienh\u00e4usern mit Pool am Comer See - \u00dcberzeugen Sie sich selbst\",\"breadcrumb\":{\"@id\":\"https:\\\/\\\/labreva.com\\\/de\\\/ferienhaus-mit-pool-am-comer-see\\\/#breadcrumb\"},\"inLanguage\":\"de\",\"potentialAction\":[{\"@type\":\"ReadAction\",\"target\":[\"https:\\\/\\\/labreva.com\\\/de\\\/ferienhaus-mit-pool-am-comer-see\\\/\"]}]},{\"@type\":\"ImageObject\",\"inLanguage\":\"de\",\"@id\":\"https:\\\/\\\/labreva.com\\\/de\\\/ferienhaus-mit-pool-am-comer-see\\\/#primaryimage\",\"url\":\"https:\\\/\\\/labreva.com\\\/wp-content\\\/uploads\\\/2026\\\/01\\\/Headerbild-Ort-Colico-scaled-1.jpg\",\"contentUrl\":\"https:\\\/\\\/labreva.com\\\/wp-content\\\/uploads\\\/2026\\\/01\\\/Headerbild-Ort-Colico-scaled-1.jpg\",\"width\":2560,\"height\":1919},{\"@type\":\"BreadcrumbList\",\"@id\":\"https:\\\/\\\/labreva.com\\\/de\\\/ferienhaus-mit-pool-am-comer-see\\\/#breadcrumb\",\"itemListElement\":[{\"@type\":\"ListItem\",\"position\":1,\"name\":\"Startseite\",\"item\":\"https:\\\/\\\/labreva.com\\\/de\\\/\"},{\"@type\":\"ListItem\",\"position\":2,\"name\":\"Ferienhaus mit Pool am Comer See\"}]},{\"@type\":\"WebSite\",\"@id\":\"https:\\\/\\\/labreva.com\\\/de\\\/#website\",\"url\":\"https:\\\/\\\/labreva.com\\\/de\\\/\",\"name\":\"LABREVA - Feriendomizile am Comer See\",\"description\":\"\",\"publisher\":{\"@id\":\"https:\\\/\\\/labreva.com\\\/de\\\/#organization\"},\"potentialAction\":[{\"@type\":\"SearchAction\",\"target\":{\"@type\":\"EntryPoint\",\"urlTemplate\":\"https:\\\/\\\/labreva.com\\\/de\\\/?s={search_term_string}\"},\"query-input\":{\"@type\":\"PropertyValueSpecification\",\"valueRequired\":true,\"valueName\":\"search_term_string\"}}],\"inLanguage\":\"de\"},{\"@type\":\"Organization\",\"@id\":\"https:\\\/\\\/labreva.com\\\/de\\\/#organization\",\"name\":\"LABREVA - Feriendomizile am Comer See\",\"url\":\"https:\\\/\\\/labreva.com\\\/de\\\/\",\"logo\":{\"@type\":\"ImageObject\",\"inLanguage\":\"de\",\"@id\":\"https:\\\/\\\/labreva.com\\\/de\\\/#\\\/schema\\\/logo\\\/image\\\/\",\"url\":\"https:\\\/\\\/labreva.com\\\/wp-content\\\/uploads\\\/2025\\\/11\\\/Labreva_Logo_RGB_5.svg\",\"contentUrl\":\"https:\\\/\\\/labreva.com\\\/wp-content\\\/uploads\\\/2025\\\/11\\\/Labreva_Logo_RGB_5.svg\",\"caption\":\"LABREVA - Feriendomizile am Comer See\"},\"image\":{\"@id\":\"https:\\\/\\\/labreva.com\\\/de\\\/#\\\/schema\\\/logo\\\/image\\\/\"}}]}<\/script>\n<!-- \/ Yoast SEO plugin. -->","yoast_head_json":{"title":"Ferienhaus mit Pool am Comer See - LABREVA - Feriendomizile am Comer See","description":"Bei LABREVA finden Sie eine gro\u00dfe Auswahl an Ferienh\u00e4usern mit Pool am Comer See - \u00dcberzeugen Sie sich selbst","robots":{"index":"index","follow":"follow","max-snippet":"max-snippet:-1","max-image-preview":"max-image-preview:large","max-video-preview":"max-video-preview:-1"},"canonical":"https:\/\/labreva.com\/de\/ferienhaus-mit-pool-am-comer-see\/","og_locale":"de_DE","og_type":"article","og_title":"Ferienhaus mit Pool am Comer See - LABREVA - Feriendomizile am Comer See","og_description":"Bei LABREVA finden Sie eine gro\u00dfe Auswahl an Ferienh\u00e4usern mit Pool am Comer See - \u00dcberzeugen Sie sich selbst","og_url":"https:\/\/labreva.com\/de\/ferienhaus-mit-pool-am-comer-see\/","og_site_name":"LABREVA - Feriendomizile am Comer See","article_modified_time":"2026-01-27T14:49:13+00:00","og_image":[{"width":2560,"height":1919,"url":"https:\/\/labreva.com\/wp-content\/uploads\/2026\/01\/Headerbild-Ort-Colico-scaled-1.jpg","type":"image\/jpeg"}],"twitter_card":"summary_large_image","twitter_misc":{"Gesch\u00e4tzte Lesezeit":"5\u00a0Minuten"},"schema":{"@context":"https:\/\/schema.org","@graph":[{"@type":"WebPage","@id":"https:\/\/labreva.com\/de\/ferienhaus-mit-pool-am-comer-see\/","url":"https:\/\/labreva.com\/de\/ferienhaus-mit-pool-am-comer-see\/","name":"Ferienhaus mit Pool am Comer See - LABREVA - Feriendomizile am Comer See","isPartOf":{"@id":"https:\/\/labreva.com\/de\/#website"},"primaryImageOfPage":{"@id":"https:\/\/labreva.com\/de\/ferienhaus-mit-pool-am-comer-see\/#primaryimage"},"image":{"@id":"https:\/\/labreva.com\/de\/ferienhaus-mit-pool-am-comer-see\/#primaryimage"},"thumbnailUrl":"https:\/\/labreva.com\/wp-content\/uploads\/2026\/01\/Headerbild-Ort-Colico-scaled-1.jpg","datePublished":"2026-01-13T11:31:33+00:00","dateModified":"2026-01-27T14:49:13+00:00","description":"Bei LABREVA finden Sie eine gro\u00dfe Auswahl an Ferienh\u00e4usern mit Pool am Comer See - \u00dcberzeugen Sie sich selbst","breadcrumb":{"@id":"https:\/\/labreva.com\/de\/ferienhaus-mit-pool-am-comer-see\/#breadcrumb"},"inLanguage":"de","potentialAction":[{"@type":"ReadAction","target":["https:\/\/labreva.com\/de\/ferienhaus-mit-pool-am-comer-see\/"]}]},{"@type":"ImageObject","inLanguage":"de","@id":"https:\/\/labreva.com\/de\/ferienhaus-mit-pool-am-comer-see\/#primaryimage","url":"https:\/\/labreva.com\/wp-content\/uploads\/2026\/01\/Headerbild-Ort-Colico-scaled-1.jpg","contentUrl":"https:\/\/labreva.com\/wp-content\/uploads\/2026\/01\/Headerbild-Ort-Colico-scaled-1.jpg","width":2560,"height":1919},{"@type":"BreadcrumbList","@id":"https:\/\/labreva.com\/de\/ferienhaus-mit-pool-am-comer-see\/#breadcrumb","itemListElement":[{"@type":"ListItem","position":1,"name":"Startseite","item":"https:\/\/labreva.com\/de\/"},{"@type":"ListItem","position":2,"name":"Ferienhaus mit Pool am Comer See"}]},{"@type":"WebSite","@id":"https:\/\/labreva.com\/de\/#website","url":"https:\/\/labreva.com\/de\/","name":"LABREVA - Feriendomizile am Comer See","description":"","publisher":{"@id":"https:\/\/labreva.com\/de\/#organization"},"potentialAction":[{"@type":"SearchAction","target":{"@type":"EntryPoint","urlTemplate":"https:\/\/labreva.com\/de\/?s={search_term_string}"},"query-input":{"@type":"PropertyValueSpecification","valueRequired":true,"valueName":"search_term_string"}}],"inLanguage":"de"},{"@type":"Organization","@id":"https:\/\/labreva.com\/de\/#organization","name":"LABREVA - Feriendomizile am Comer See","url":"https:\/\/labreva.com\/de\/","logo":{"@type":"ImageObject","inLanguage":"de","@id":"https:\/\/labreva.com\/de\/#\/schema\/logo\/image\/","url":"https:\/\/labreva.com\/wp-content\/uploads\/2025\/11\/Labreva_Logo_RGB_5.svg","contentUrl":"https:\/\/labreva.com\/wp-content\/uploads\/2025\/11\/Labreva_Logo_RGB_5.svg","caption":"LABREVA - Feriendomizile am Comer See"},"image":{"@id":"https:\/\/labreva.com\/de\/#\/schema\/logo\/image\/"}}]}},"_links":{"self":[{"href":"https:\/\/labreva.com\/de\/wp-json\/wp\/v2\/pages\/79047","targetHints":{"allow":["GET"]}}],"collection":[{"href":"https:\/\/labreva.com\/de\/wp-json\/wp\/v2\/pages"}],"about":[{"href":"https:\/\/labreva.com\/de\/wp-json\/wp\/v2\/types\/page"}],"author":[{"embeddable":true,"href":"https:\/\/labreva.com\/de\/wp-json\/wp\/v2\/users\/1"}],"replies":[{"embeddable":true,"href":"https:\/\/labreva.com\/de\/wp-json\/wp\/v2\/comments?post=79047"}],"version-history":[{"count":14,"href":"https:\/\/labreva.com\/de\/wp-json\/wp\/v2\/pages\/79047\/revisions"}],"predecessor-version":[{"id":82438,"href":"https:\/\/labreva.com\/de\/wp-json\/wp\/v2\/pages\/79047\/revisions\/82438"}],"wp:featuredmedia":[{"embeddable":true,"href":"https:\/\/labreva.com\/de\/wp-json\/wp\/v2\/media\/78839"}],"wp:attachment":[{"href":"https:\/\/labreva.com\/de\/wp-json\/wp\/v2\/media?parent=79047"}],"wp:term":[{"taxonomy":"seitenart","embeddable":true,"href":"https:\/\/labreva.com\/de\/wp-json\/wp\/v2\/seitenart?post=79047"}],"curies":[{"name":"wp","href":"https:\/\/api.w.org\/{rel}","templated":true}]}}