{"id":79010,"date":"2026-01-13T12:17:45","date_gmt":"2026-01-13T11:17:45","guid":{"rendered":"https:\/\/labreva.com\/?page_id=79010"},"modified":"2026-01-28T10:02:27","modified_gmt":"2026-01-28T09:02:27","slug":"ferienhaus-am-comer-see-kaufen","status":"publish","type":"page","link":"https:\/\/labreva.com\/de\/ferienhaus-am-comer-see-kaufen\/","title":{"rendered":"Ferienhaus am Comer See kaufen"},"content":{"rendered":"\t\t<div data-elementor-type=\"wp-page\" data-elementor-id=\"79010\" class=\"elementor elementor-79010\" data-elementor-post-type=\"page\">\n\t\t\t\t<div class=\"elementor-element elementor-element-348f2a9 e-flex e-con-boxed e-con e-parent\" data-id=\"348f2a9\" data-element_type=\"container\" data-e-type=\"container\">\n\t\t\t\t\t<div class=\"e-con-inner\">\n\t\t<div class=\"elementor-element elementor-element-c81201a e-con-full e-flex e-con e-child\" data-id=\"c81201a\" data-element_type=\"container\" data-e-type=\"container\">\n\t\t\t\t<div class=\"elementor-element elementor-element-00bcd73 elementor-widget elementor-widget-image\" data-id=\"00bcd73\" data-element_type=\"widget\" data-e-type=\"widget\" data-widget_type=\"image.default\">\n\t\t\t\t\t\t\t\t\t\t\t\t\t\t\t<img fetchpriority=\"high\" decoding=\"async\" width=\"1920\" height=\"1094\" src=\"https:\/\/labreva.com\/wp-content\/uploads\/2026\/01\/K1600_village-g4d5e34279_1920.jpg\" class=\"attachment-large size-large wp-image-79012\" alt=\"\" srcset=\"https:\/\/labreva.com\/wp-content\/uploads\/2026\/01\/K1600_village-g4d5e34279_1920.jpg 1920w, https:\/\/labreva.com\/wp-content\/uploads\/2026\/01\/K1600_village-g4d5e34279_1920-768x438.jpg 768w, https:\/\/labreva.com\/wp-content\/uploads\/2026\/01\/K1600_village-g4d5e34279_1920-1536x875.jpg 1536w\" sizes=\"(max-width: 1920px) 100vw, 1920px\" \/>\t\t\t\t\t\t\t\t\t\t\t\t\t\t\t<\/div>\n\t\t\t\t<\/div>\n\t\t\t\t\t<\/div>\n\t\t\t\t<\/div>\n\t\t<div class=\"elementor-element elementor-element-48a5dae4 e-flex e-con-boxed e-con e-child\" data-id=\"48a5dae4\" data-element_type=\"container\" data-e-type=\"container\">\n\t\t\t\t\t<div class=\"e-con-inner\">\n\t\t\t\t<div class=\"elementor-element elementor-element-2552c576 elementor-widget elementor-widget-heading\" data-id=\"2552c576\" data-element_type=\"widget\" data-e-type=\"widget\" data-widget_type=\"heading.default\">\n\t\t\t\t\t<div class=\"elementor-heading-title elementor-size-default\">Ferienhaus am Comer See kaufen<\/div>\t\t\t\t<\/div>\n\t\t\t\t<div class=\"elementor-element elementor-element-74021e47 elementor-widget elementor-widget-heading\" data-id=\"74021e47\" data-element_type=\"widget\" data-e-type=\"widget\" data-widget_type=\"heading.default\">\n\t\t\t\t\t<div class=\"elementor-heading-title elementor-size-default\">Ferienhaus am Comer See kaufen<\/div>\t\t\t\t<\/div>\n\t\t\t\t<div class=\"elementor-element elementor-element-7f309f8c elementor-widget__width-initial elementor-widget-mobile__width-inherit make-text-mobile-sm elementor-widget elementor-widget-text-editor\" data-id=\"7f309f8c\" data-element_type=\"widget\" data-e-type=\"widget\" data-widget_type=\"text-editor.default\">\n\t\t\t\t\t\t\t\t\t<p>Der Comer See ist ein beliebtes Urlaubsziel. Im Gegensatz zum weitbekannten Gardasee, der nicht weit entfernt liegt, kann der Comer See jedoch fast schon als Geheimtipp angesehen werden. Hier erleben Sie ganz original und unverf\u00e4lscht La Dolce Vita und tauchen ein in eine m\u00e4rchenhafte Welt aus italienischem Lebensgef\u00fchl. Besonders bezeichnend f\u00fcr die Umgebung rund um den See sind die traditionell gehaltenen Kleinst\u00e4dte und D\u00f6rfer, die das mittelalterliche Flair bewahren und Sie aus der Realit\u00e4t entf\u00fchren. Eine besonders beliebte Aktivit\u00e4t rund um den Comer See ist die Besichtigung der\u00a0<a href=\"https:\/\/labreva.com\/de\/ausflugtipps\/festungen-burgen-am-comer-see\/\">alten Festungen<\/a>\u00a0und\u00a0<a href=\"https:\/\/labreva.com\/de\/ausflugtipps\/villen-botanische-gaerten-am-comer-see\/\">Villen<\/a>. Aus K\u00e4ufersicht spielen solche Villen nat\u00fcrlich ganz oben mit, einige erreichen mitunter Preise von mehreren Millionen Euro. Die Besitzer dieser Villen sind nicht selten auch Hollywood-Gr\u00f6\u00dfen wie George Clooney, der den Comer See als seine Wahlheimat f\u00fcr die Sommermonate auserkoren hat.<\/p>\t\t\t\t\t\t\t\t<\/div>\n\t\t\t\t\t<\/div>\n\t\t\t\t<\/div>\n\t\t<div class=\"elementor-element elementor-element-44fe61b e-flex e-con-boxed e-con e-parent\" data-id=\"44fe61b\" data-element_type=\"container\" data-e-type=\"container\">\n\t\t\t\t\t<div class=\"e-con-inner\">\n\t\t<div class=\"elementor-element elementor-element-6e814041 e-con-full e-flex e-con e-child\" data-id=\"6e814041\" data-element_type=\"container\" data-e-type=\"container\">\n\t\t<div class=\"elementor-element elementor-element-3e5b9c1f e-con-full e-flex e-con e-child\" data-id=\"3e5b9c1f\" data-element_type=\"container\" data-e-type=\"container\" data-settings=\"{&quot;background_background&quot;:&quot;classic&quot;}\">\n\t\t\t\t<\/div>\n\t\t<div class=\"elementor-element elementor-element-3ac4248c e-con-full e-flex e-con e-child\" data-id=\"3ac4248c\" data-element_type=\"container\" data-e-type=\"container\">\n\t\t\t\t<div class=\"elementor-element elementor-element-33aeae2 elementor-widget elementor-widget-heading\" data-id=\"33aeae2\" data-element_type=\"widget\" data-e-type=\"widget\" data-widget_type=\"heading.default\">\n\t\t\t\t\t<h2 class=\"elementor-heading-title elementor-size-default\">Immobilienmarkt am Comer See<\/h2>\t\t\t\t<\/div>\n\t\t\t\t<div class=\"elementor-element elementor-element-7e3e16dc elementor-widget__width-inherit elementor-widget-tablet__width-inherit elementor-widget elementor-widget-text-editor\" data-id=\"7e3e16dc\" data-element_type=\"widget\" data-e-type=\"widget\" data-widget_type=\"text-editor.default\">\n\t\t\t\t\t\t\t\t\t<p>Die Auswahl an\u00a0<strong>Ferienh\u00e4usern am Comer See<\/strong>\u00a0variiert in verschiedenste Richtungen. Ob ein kleines, traditionelles Haus, ein moderner Neubau oder eine luxuri\u00f6se Villa \u2013 Wer ein\u00a0<strong>Ferienhaus am Comer See kaufen<\/strong>\u00a0will, hat hier ein nahezu unbegrenztes Angebot. Die Top-Lage der\u00a0<strong>Ferienh\u00e4user am Comer See<\/strong>\u00a0macht den Kauf noch attraktiver. Gro\u00dfe St\u00e4dte und beliebte Ortschaften wie Mailand, Lugano oder St. Moritz liegen in erreichbarer N\u00e4he. Das reizt nicht nur italienische K\u00e4ufer, sondern auch viele internationale Interessenten, darunter ein hoher Anteil an Deutschen.<\/p><p>Der Immobilienmarkt zeigt in den letzten Jahren einen positiven Trend, die Nachfrage steigt stetig. Das beeinflusst nat\u00fcrlich auch die Preise. Der Quadratmeter kostet Anfang 2023 im Durchschnitt rund 2.705\u20ac im Verkauf. Der Preis des einzelnen Ferienhauses variiert nat\u00fcrlich durch verschiedene Faktoren. Dazu geh\u00f6rt zum Einen die N\u00e4he zum See, da\u00a0<strong>Ferienh\u00e4user<\/strong>\u00a0direkt\u00a0<strong>am Comer See<\/strong>\u00a0nat\u00fcrlich etwas hochpreisiger sind als solche, die einige Kilometer entfernt liegen. Weiter kommt es nat\u00fcrlich auf den Zustand und die Ausstattung der Immobilie an. Ob in Top-Zustand oder doch renovierungsbed\u00fcrftig, der aktuelle Stand spielt eine bedeutende Rolle beim Kaufpreis.<\/p>\t\t\t\t\t\t\t\t<\/div>\n\t\t\t\t<\/div>\n\t\t\t\t<\/div>\n\t\t<div class=\"elementor-element elementor-element-2c2d807f e-con-full e-flex e-con e-child\" data-id=\"2c2d807f\" data-element_type=\"container\" data-e-type=\"container\">\n\t\t\t\t<div class=\"elementor-element elementor-element-48d7ee7d elementor-widget elementor-widget-spacer\" data-id=\"48d7ee7d\" data-element_type=\"widget\" data-e-type=\"widget\" data-widget_type=\"spacer.default\">\n\t\t\t\t\t\t\t<div class=\"elementor-spacer\">\n\t\t\t<div class=\"elementor-spacer-inner\"><\/div>\n\t\t<\/div>\n\t\t\t\t\t\t<\/div>\n\t\t\t\t<\/div>\n\t\t<div class=\"elementor-element elementor-element-565f58c6 e-con-full e-flex e-con e-child\" data-id=\"565f58c6\" data-element_type=\"container\" data-e-type=\"container\">\n\t\t<div class=\"elementor-element elementor-element-19fc468 e-con-full e-flex e-con e-child\" data-id=\"19fc468\" data-element_type=\"container\" data-e-type=\"container\" data-settings=\"{&quot;background_background&quot;:&quot;classic&quot;}\">\n\t\t\t\t<\/div>\n\t\t<div class=\"elementor-element elementor-element-b8b3fca e-con-full e-flex e-con e-child\" data-id=\"b8b3fca\" data-element_type=\"container\" data-e-type=\"container\">\n\t\t\t\t<div class=\"elementor-element elementor-element-65f4acc3 elementor-widget elementor-widget-heading\" data-id=\"65f4acc3\" data-element_type=\"widget\" data-e-type=\"widget\" data-widget_type=\"heading.default\">\n\t\t\t\t\t<h2 class=\"elementor-heading-title elementor-size-default\">Warum ein Ferienhaus am Comer See kaufen<\/h2>\t\t\t\t<\/div>\n\t\t\t\t<div class=\"elementor-element elementor-element-3bb6a411 elementor-widget-tablet__width-inherit elementor-widget elementor-widget-text-editor\" data-id=\"3bb6a411\" data-element_type=\"widget\" data-e-type=\"widget\" data-widget_type=\"text-editor.default\">\n\t\t\t\t\t\t\t\t\t<p>Ein\u00a0<strong>Ferienhaus am Comer See kaufen<\/strong>\u00a0Sie nicht nur aus Eigenbedarf. Als Eigent\u00fcmer k\u00f6nnen Sie es vermieten, beziehungsweise durch erfahrene Ferienvermietungen vermieten lassen. Als Nebeneinnahmequelle ist ein Ferienhaus optimal geeignet. Die Beliebtheit des Comer Sees als Ferienort ist unumstritten, das Tourismusaufkommen demnach hoch. Nach unserer langj\u00e4hrigen Erfahrung als Ferienvermittlung am Comer See ist es lohnenswert, hier Eigent\u00fcmer und Vermieter einer Immobilie zu sein. Welche Art von\u00a0<strong>Ferienhaus<\/strong>\u00a0Sie\u00a0<strong>am Comer See kaufen<\/strong>, k\u00f6nnen Sie nach eigenem Interesse entscheiden. Denn auch eigene Aufenthalte in Ihrer erworbenen Immobilie d\u00fcrfen nat\u00fcrlich nicht fehlen. Passen Sie ihr Ferienhaus ganz auf Ihre eigenen Bed\u00fcrfnisse an. Lieber eine luxuri\u00f6se Villa oder doch ein kleines gem\u00fctliches Haus? Vielleicht ja auch ein ger\u00e4umiges Ferienhaus f\u00fcr Sie und Ihre Familie? Die Nachfrage ist in jedem Fall vorhanden, sodass Sie keine Schwierigkeiten haben werden, Ihre Immobilie erfolgreich zu vermieten.<\/p>\t\t\t\t\t\t\t\t<\/div>\n\t\t\t\t<\/div>\n\t\t\t\t<\/div>\n\t\t<div class=\"elementor-element elementor-element-9081049 e-con-full e-flex e-con e-child\" data-id=\"9081049\" data-element_type=\"container\" data-e-type=\"container\">\n\t\t<div class=\"elementor-element elementor-element-923d825 e-con-full e-flex e-con e-child\" data-id=\"923d825\" data-element_type=\"container\" data-e-type=\"container\" data-settings=\"{&quot;background_background&quot;:&quot;classic&quot;}\">\n\t\t\t\t<\/div>\n\t\t<div class=\"elementor-element elementor-element-802ceb0 e-con-full e-flex e-con e-child\" data-id=\"802ceb0\" data-element_type=\"container\" data-e-type=\"container\">\n\t\t\t\t<div class=\"elementor-element elementor-element-b4f0c94 elementor-widget elementor-widget-heading\" data-id=\"b4f0c94\" data-element_type=\"widget\" data-e-type=\"widget\" data-widget_type=\"heading.default\">\n\t\t\t\t\t<h2 class=\"elementor-heading-title elementor-size-default\">Aktivit\u00e4ten am Comer See<\/h2>\t\t\t\t<\/div>\n\t\t\t\t<div class=\"elementor-element elementor-element-18c8665 elementor-widget__width-inherit elementor-widget-tablet__width-inherit elementor-widget elementor-widget-text-editor\" data-id=\"18c8665\" data-element_type=\"widget\" data-e-type=\"widget\" data-widget_type=\"text-editor.default\">\n\t\t\t\t\t\t\t\t\t<p><a href=\"https:\/\/labreva.com\/de\/ausflugtipps\/\">Freizeitaktivit\u00e4ten<\/a>\u00a0gibt es am Comer See reichlich. Langeweile kennt man hier nicht. Dabei reichen die Angebote von sportlicher Action \u00fcber\u00a0<a href=\"https:\/\/labreva.com\/de\/ausflugtipps\/museen-rund-um-den-comer-see\/\">traditionsreiche Museen<\/a>\u00a0zu purer Entspannung in der Natur und dem mediterranen Klima. So findet jeder Urlauber genau das Richtige. Entdecken Sie beispielsweise das breite Angebot an Wassersport, verschiedene Surfschulen und Bootsverleihe sowie Fischerei. Ein Klassiker, der immer begeistert, sind Wander- oder\u00a0<a href=\"https:\/\/labreva.com\/de\/urlaubsideen\/mountainbike-am-comer-see\/\">Fahrradtouren<\/a>\u00a0durch die umliegende Gebirgslandschaft.<\/p>\t\t\t\t\t\t\t\t<\/div>\n\t\t\t\t<\/div>\n\t\t\t\t<\/div>\n\t\t\t\t\t<\/div>\n\t\t\t\t<\/div>\n\t\t<div class=\"elementor-element elementor-element-7a784fe0 e-flex e-con-boxed e-con e-parent\" data-id=\"7a784fe0\" data-element_type=\"container\" data-e-type=\"container\">\n\t\t\t\t\t<div class=\"e-con-inner\">\n\t\t<div class=\"elementor-element elementor-element-1f358c20 e-con-full e-flex e-con e-child\" data-id=\"1f358c20\" data-element_type=\"container\" data-e-type=\"container\" data-settings=\"{&quot;background_background&quot;:&quot;classic&quot;}\">\n\t\t<div class=\"elementor-element elementor-element-65644bea e-con-full e-flex e-con e-child\" data-id=\"65644bea\" data-element_type=\"container\" data-e-type=\"container\">\n\t\t\t\t<div class=\"elementor-element elementor-element-1d128efc elementor-widget elementor-widget-heading\" data-id=\"1d128efc\" data-element_type=\"widget\" data-e-type=\"widget\" data-widget_type=\"heading.default\">\n\t\t\t\t\t<h2 class=\"elementor-heading-title elementor-size-default\">Interesse?<\/h2>\t\t\t\t<\/div>\n\t\t\t\t<div class=\"elementor-element elementor-element-558bf4eb elementor-align-center elementor-widget elementor-widget-button\" data-id=\"558bf4eb\" data-element_type=\"widget\" data-e-type=\"widget\" data-widget_type=\"button.default\">\n\t\t\t\t\t\t\t\t\t\t<a class=\"elementor-button elementor-button-link elementor-size-sm\" href=\"https:\/\/labreva.com\/de\/immobilien\/\">\n\t\t\t\t\t\t<span class=\"elementor-button-content-wrapper\">\n\t\t\t\t\t\t<span class=\"elementor-button-icon\">\n\t\t\t\t<svg aria-hidden=\"true\" class=\"e-font-icon-svg e-fas-chevron-right\" viewBox=\"0 0 320 512\" xmlns=\"http:\/\/www.w3.org\/2000\/svg\"><path d=\"M285.476 272.971L91.132 467.314c-9.373 9.373-24.569 9.373-33.941 0l-22.667-22.667c-9.357-9.357-9.375-24.522-.04-33.901L188.505 256 34.484 101.255c-9.335-9.379-9.317-24.544.04-33.901l22.667-22.667c9.373-9.373 24.569-9.373 33.941 0L285.475 239.03c9.373 9.372 9.373 24.568.001 33.941z\"><\/path><\/svg>\t\t\t<\/span>\n\t\t\t\t\t\t\t\t\t<span class=\"elementor-button-text\">Mehr Infos<\/span>\n\t\t\t\t\t<\/span>\n\t\t\t\t\t<\/a>\n\t\t\t\t\t\t\t\t<\/div>\n\t\t\t\t<\/div>\n\t\t<div class=\"elementor-element elementor-element-58db697f e-con-full e-flex e-con e-child\" data-id=\"58db697f\" data-element_type=\"container\" data-e-type=\"container\" data-settings=\"{&quot;background_background&quot;:&quot;classic&quot;}\">\n\t\t\t\t<\/div>\n\t\t\t\t<\/div>\n\t\t\t\t\t<\/div>\n\t\t\t\t<\/div>\n\t\t\t\t<\/div>\n\t\t","protected":false},"excerpt":{"rendered":"<p>Ferienhaus am Comer See kaufen Der Comer See ist ein beliebtes Urlaubsziel. Im Gegensatz zum weitbekannten Gardasee, der nicht weit entfernt liegt, kann der Comer See jedoch fast schon als Geheimtipp angesehen werden. Hier erleben Sie ganz original und unverf\u00e4lscht La Dolce Vita und tauchen ein in eine m\u00e4rchenhafte Welt aus italienischem Lebensgef\u00fchl. Besonders bezeichnend [&hellip;]<\/p>\n","protected":false},"author":1,"featured_media":79012,"parent":0,"menu_order":0,"comment_status":"closed","ping_status":"closed","template":"","meta":{"_acf_changed":false,"footnotes":""},"seitenart":[77],"class_list":["post-79010","page","type-page","status-publish","has-post-thumbnail","hentry","seitenart-landing-page-custom-template"],"acf":[],"yoast_head":"<!-- This site is optimized with the Yoast SEO plugin v27.3 - https:\/\/yoast.com\/product\/yoast-seo-wordpress\/ -->\n<title>Ferienhaus am Comer See kaufen - LABREVA - Feriendomizile am Comer See<\/title>\n<meta name=\"description\" content=\"Sie wollen ein Ferienhaus am Comer See kaufen? Wir sind Ihr Ansprechpartner direkt vor Ort. Kontaktieren Sie uns\" \/>\n<meta name=\"robots\" content=\"index, follow, max-snippet:-1, max-image-preview:large, max-video-preview:-1\" \/>\n<link rel=\"canonical\" href=\"https:\/\/labreva.com\/de\/ferienhaus-am-comer-see-kaufen\/\" \/>\n<meta property=\"og:locale\" content=\"de_DE\" \/>\n<meta property=\"og:type\" content=\"article\" \/>\n<meta property=\"og:title\" content=\"Ferienhaus am Comer See kaufen - LABREVA - Feriendomizile am Comer See\" \/>\n<meta property=\"og:description\" content=\"Sie wollen ein Ferienhaus am Comer See kaufen? Wir sind Ihr Ansprechpartner direkt vor Ort. Kontaktieren Sie uns\" \/>\n<meta property=\"og:url\" content=\"https:\/\/labreva.com\/de\/ferienhaus-am-comer-see-kaufen\/\" \/>\n<meta property=\"og:site_name\" content=\"LABREVA - Feriendomizile am Comer See\" \/>\n<meta property=\"article:modified_time\" content=\"2026-01-28T09:02:27+00:00\" \/>\n<meta property=\"og:image\" content=\"https:\/\/labreva.com\/wp-content\/uploads\/2026\/01\/K1600_village-g4d5e34279_1920.jpg\" \/>\n\t<meta property=\"og:image:width\" content=\"1920\" \/>\n\t<meta property=\"og:image:height\" content=\"1094\" \/>\n\t<meta property=\"og:image:type\" content=\"image\/jpeg\" \/>\n<meta name=\"twitter:card\" content=\"summary_large_image\" \/>\n<meta name=\"twitter:label1\" content=\"Gesch\u00e4tzte Lesezeit\" \/>\n\t<meta name=\"twitter:data1\" content=\"4\u00a0Minuten\" \/>\n<script type=\"application\/ld+json\" class=\"yoast-schema-graph\">{\"@context\":\"https:\\\/\\\/schema.org\",\"@graph\":[{\"@type\":\"WebPage\",\"@id\":\"https:\\\/\\\/labreva.com\\\/de\\\/ferienhaus-am-comer-see-kaufen\\\/\",\"url\":\"https:\\\/\\\/labreva.com\\\/de\\\/ferienhaus-am-comer-see-kaufen\\\/\",\"name\":\"Ferienhaus am Comer See kaufen - LABREVA - Feriendomizile am Comer See\",\"isPartOf\":{\"@id\":\"https:\\\/\\\/labreva.com\\\/de\\\/#website\"},\"primaryImageOfPage\":{\"@id\":\"https:\\\/\\\/labreva.com\\\/de\\\/ferienhaus-am-comer-see-kaufen\\\/#primaryimage\"},\"image\":{\"@id\":\"https:\\\/\\\/labreva.com\\\/de\\\/ferienhaus-am-comer-see-kaufen\\\/#primaryimage\"},\"thumbnailUrl\":\"https:\\\/\\\/labreva.com\\\/wp-content\\\/uploads\\\/2026\\\/01\\\/K1600_village-g4d5e34279_1920.jpg\",\"datePublished\":\"2026-01-13T11:17:45+00:00\",\"dateModified\":\"2026-01-28T09:02:27+00:00\",\"description\":\"Sie wollen ein Ferienhaus am Comer See kaufen? Wir sind Ihr Ansprechpartner direkt vor Ort. Kontaktieren Sie uns\",\"breadcrumb\":{\"@id\":\"https:\\\/\\\/labreva.com\\\/de\\\/ferienhaus-am-comer-see-kaufen\\\/#breadcrumb\"},\"inLanguage\":\"de\",\"potentialAction\":[{\"@type\":\"ReadAction\",\"target\":[\"https:\\\/\\\/labreva.com\\\/de\\\/ferienhaus-am-comer-see-kaufen\\\/\"]}]},{\"@type\":\"ImageObject\",\"inLanguage\":\"de\",\"@id\":\"https:\\\/\\\/labreva.com\\\/de\\\/ferienhaus-am-comer-see-kaufen\\\/#primaryimage\",\"url\":\"https:\\\/\\\/labreva.com\\\/wp-content\\\/uploads\\\/2026\\\/01\\\/K1600_village-g4d5e34279_1920.jpg\",\"contentUrl\":\"https:\\\/\\\/labreva.com\\\/wp-content\\\/uploads\\\/2026\\\/01\\\/K1600_village-g4d5e34279_1920.jpg\",\"width\":1920,\"height\":1094},{\"@type\":\"BreadcrumbList\",\"@id\":\"https:\\\/\\\/labreva.com\\\/de\\\/ferienhaus-am-comer-see-kaufen\\\/#breadcrumb\",\"itemListElement\":[{\"@type\":\"ListItem\",\"position\":1,\"name\":\"Startseite\",\"item\":\"https:\\\/\\\/labreva.com\\\/de\\\/\"},{\"@type\":\"ListItem\",\"position\":2,\"name\":\"Ferienhaus am Comer See kaufen\"}]},{\"@type\":\"WebSite\",\"@id\":\"https:\\\/\\\/labreva.com\\\/de\\\/#website\",\"url\":\"https:\\\/\\\/labreva.com\\\/de\\\/\",\"name\":\"LABREVA - Feriendomizile am Comer See\",\"description\":\"\",\"publisher\":{\"@id\":\"https:\\\/\\\/labreva.com\\\/de\\\/#organization\"},\"potentialAction\":[{\"@type\":\"SearchAction\",\"target\":{\"@type\":\"EntryPoint\",\"urlTemplate\":\"https:\\\/\\\/labreva.com\\\/de\\\/?s={search_term_string}\"},\"query-input\":{\"@type\":\"PropertyValueSpecification\",\"valueRequired\":true,\"valueName\":\"search_term_string\"}}],\"inLanguage\":\"de\"},{\"@type\":\"Organization\",\"@id\":\"https:\\\/\\\/labreva.com\\\/de\\\/#organization\",\"name\":\"LABREVA - Feriendomizile am Comer See\",\"url\":\"https:\\\/\\\/labreva.com\\\/de\\\/\",\"logo\":{\"@type\":\"ImageObject\",\"inLanguage\":\"de\",\"@id\":\"https:\\\/\\\/labreva.com\\\/de\\\/#\\\/schema\\\/logo\\\/image\\\/\",\"url\":\"https:\\\/\\\/labreva.com\\\/wp-content\\\/uploads\\\/2025\\\/11\\\/Labreva_Logo_RGB_5.svg\",\"contentUrl\":\"https:\\\/\\\/labreva.com\\\/wp-content\\\/uploads\\\/2025\\\/11\\\/Labreva_Logo_RGB_5.svg\",\"caption\":\"LABREVA - Feriendomizile am Comer See\"},\"image\":{\"@id\":\"https:\\\/\\\/labreva.com\\\/de\\\/#\\\/schema\\\/logo\\\/image\\\/\"}}]}<\/script>\n<!-- \/ Yoast SEO plugin. -->","yoast_head_json":{"title":"Ferienhaus am Comer See kaufen - LABREVA - Feriendomizile am Comer See","description":"Sie wollen ein Ferienhaus am Comer See kaufen? Wir sind Ihr Ansprechpartner direkt vor Ort. Kontaktieren Sie uns","robots":{"index":"index","follow":"follow","max-snippet":"max-snippet:-1","max-image-preview":"max-image-preview:large","max-video-preview":"max-video-preview:-1"},"canonical":"https:\/\/labreva.com\/de\/ferienhaus-am-comer-see-kaufen\/","og_locale":"de_DE","og_type":"article","og_title":"Ferienhaus am Comer See kaufen - LABREVA - Feriendomizile am Comer See","og_description":"Sie wollen ein Ferienhaus am Comer See kaufen? Wir sind Ihr Ansprechpartner direkt vor Ort. Kontaktieren Sie uns","og_url":"https:\/\/labreva.com\/de\/ferienhaus-am-comer-see-kaufen\/","og_site_name":"LABREVA - Feriendomizile am Comer See","article_modified_time":"2026-01-28T09:02:27+00:00","og_image":[{"width":1920,"height":1094,"url":"https:\/\/labreva.com\/wp-content\/uploads\/2026\/01\/K1600_village-g4d5e34279_1920.jpg","type":"image\/jpeg"}],"twitter_card":"summary_large_image","twitter_misc":{"Gesch\u00e4tzte Lesezeit":"4\u00a0Minuten"},"schema":{"@context":"https:\/\/schema.org","@graph":[{"@type":"WebPage","@id":"https:\/\/labreva.com\/de\/ferienhaus-am-comer-see-kaufen\/","url":"https:\/\/labreva.com\/de\/ferienhaus-am-comer-see-kaufen\/","name":"Ferienhaus am Comer See kaufen - LABREVA - Feriendomizile am Comer See","isPartOf":{"@id":"https:\/\/labreva.com\/de\/#website"},"primaryImageOfPage":{"@id":"https:\/\/labreva.com\/de\/ferienhaus-am-comer-see-kaufen\/#primaryimage"},"image":{"@id":"https:\/\/labreva.com\/de\/ferienhaus-am-comer-see-kaufen\/#primaryimage"},"thumbnailUrl":"https:\/\/labreva.com\/wp-content\/uploads\/2026\/01\/K1600_village-g4d5e34279_1920.jpg","datePublished":"2026-01-13T11:17:45+00:00","dateModified":"2026-01-28T09:02:27+00:00","description":"Sie wollen ein Ferienhaus am Comer See kaufen? Wir sind Ihr Ansprechpartner direkt vor Ort. Kontaktieren Sie uns","breadcrumb":{"@id":"https:\/\/labreva.com\/de\/ferienhaus-am-comer-see-kaufen\/#breadcrumb"},"inLanguage":"de","potentialAction":[{"@type":"ReadAction","target":["https:\/\/labreva.com\/de\/ferienhaus-am-comer-see-kaufen\/"]}]},{"@type":"ImageObject","inLanguage":"de","@id":"https:\/\/labreva.com\/de\/ferienhaus-am-comer-see-kaufen\/#primaryimage","url":"https:\/\/labreva.com\/wp-content\/uploads\/2026\/01\/K1600_village-g4d5e34279_1920.jpg","contentUrl":"https:\/\/labreva.com\/wp-content\/uploads\/2026\/01\/K1600_village-g4d5e34279_1920.jpg","width":1920,"height":1094},{"@type":"BreadcrumbList","@id":"https:\/\/labreva.com\/de\/ferienhaus-am-comer-see-kaufen\/#breadcrumb","itemListElement":[{"@type":"ListItem","position":1,"name":"Startseite","item":"https:\/\/labreva.com\/de\/"},{"@type":"ListItem","position":2,"name":"Ferienhaus am Comer See kaufen"}]},{"@type":"WebSite","@id":"https:\/\/labreva.com\/de\/#website","url":"https:\/\/labreva.com\/de\/","name":"LABREVA - Feriendomizile am Comer See","description":"","publisher":{"@id":"https:\/\/labreva.com\/de\/#organization"},"potentialAction":[{"@type":"SearchAction","target":{"@type":"EntryPoint","urlTemplate":"https:\/\/labreva.com\/de\/?s={search_term_string}"},"query-input":{"@type":"PropertyValueSpecification","valueRequired":true,"valueName":"search_term_string"}}],"inLanguage":"de"},{"@type":"Organization","@id":"https:\/\/labreva.com\/de\/#organization","name":"LABREVA - Feriendomizile am Comer See","url":"https:\/\/labreva.com\/de\/","logo":{"@type":"ImageObject","inLanguage":"de","@id":"https:\/\/labreva.com\/de\/#\/schema\/logo\/image\/","url":"https:\/\/labreva.com\/wp-content\/uploads\/2025\/11\/Labreva_Logo_RGB_5.svg","contentUrl":"https:\/\/labreva.com\/wp-content\/uploads\/2025\/11\/Labreva_Logo_RGB_5.svg","caption":"LABREVA - Feriendomizile am Comer See"},"image":{"@id":"https:\/\/labreva.com\/de\/#\/schema\/logo\/image\/"}}]}},"_links":{"self":[{"href":"https:\/\/labreva.com\/de\/wp-json\/wp\/v2\/pages\/79010","targetHints":{"allow":["GET"]}}],"collection":[{"href":"https:\/\/labreva.com\/de\/wp-json\/wp\/v2\/pages"}],"about":[{"href":"https:\/\/labreva.com\/de\/wp-json\/wp\/v2\/types\/page"}],"author":[{"embeddable":true,"href":"https:\/\/labreva.com\/de\/wp-json\/wp\/v2\/users\/1"}],"replies":[{"embeddable":true,"href":"https:\/\/labreva.com\/de\/wp-json\/wp\/v2\/comments?post=79010"}],"version-history":[{"count":16,"href":"https:\/\/labreva.com\/de\/wp-json\/wp\/v2\/pages\/79010\/revisions"}],"predecessor-version":[{"id":82503,"href":"https:\/\/labreva.com\/de\/wp-json\/wp\/v2\/pages\/79010\/revisions\/82503"}],"wp:featuredmedia":[{"embeddable":true,"href":"https:\/\/labreva.com\/de\/wp-json\/wp\/v2\/media\/79012"}],"wp:attachment":[{"href":"https:\/\/labreva.com\/de\/wp-json\/wp\/v2\/media?parent=79010"}],"wp:term":[{"taxonomy":"seitenart","embeddable":true,"href":"https:\/\/labreva.com\/de\/wp-json\/wp\/v2\/seitenart?post=79010"}],"curies":[{"name":"wp","href":"https:\/\/api.w.org\/{rel}","templated":true}]}}