{"id":76753,"date":"2025-12-04T09:39:56","date_gmt":"2025-12-04T08:39:56","guid":{"rendered":"https:\/\/labreva.com\/?page_id=76753"},"modified":"2026-01-28T11:59:59","modified_gmt":"2026-01-28T10:59:59","slug":"spendenpreis-tombola-benefizgolfturnier-von-herzenswuensche-e-v","status":"publish","type":"page","link":"https:\/\/labreva.com\/de\/partner\/spendenpreis-tombola-benefizgolfturnier-von-herzenswuensche-e-v\/","title":{"rendered":"Spendenpreis Tombola Benefizgolfturnier von Herzensw\u00fcnsche e.V."},"content":{"rendered":"\t\t<div data-elementor-type=\"wp-page\" data-elementor-id=\"76753\" class=\"elementor elementor-76753\" data-elementor-post-type=\"page\">\n\t\t\t\t<div class=\"elementor-element elementor-element-4d91902e e-flex e-con-boxed e-con e-child\" data-id=\"4d91902e\" data-element_type=\"container\" data-e-type=\"container\">\n\t\t\t\t\t<div class=\"e-con-inner\">\n\t\t\t\t<div class=\"elementor-element elementor-element-7f823a74 elementor-widget elementor-widget-heading\" data-id=\"7f823a74\" data-element_type=\"widget\" data-e-type=\"widget\" data-widget_type=\"heading.default\">\n\t\t\t\t\t<div class=\"elementor-heading-title elementor-size-default\">Partner<\/div>\t\t\t\t<\/div>\n\t\t\t\t<div class=\"elementor-element elementor-element-29f6e865 elementor-widget elementor-widget-heading\" data-id=\"29f6e865\" data-element_type=\"widget\" data-e-type=\"widget\" data-widget_type=\"heading.default\">\n\t\t\t\t\t<h1 class=\"elementor-heading-title elementor-size-default\">Spendenpreis Tombola Benefizgolfturnier von Herzensw\u00fcnsche e.V.<\/h1>\t\t\t\t<\/div>\n\t\t\t\t<div class=\"elementor-element elementor-element-49140edb elementor-widget__width-initial elementor-widget-mobile__width-inherit make-text-mobile-sm elementor-widget elementor-widget-text-editor\" data-id=\"49140edb\" data-element_type=\"widget\" data-e-type=\"widget\" data-widget_type=\"text-editor.default\">\n\t\t\t\t\t\t\t\t\t<p>Herzensw\u00fcnsche e.V. ist ein bundesweit t\u00e4tiger Verein, der schwerkranken Kindern und Jugendlichen lang ersehnte W\u00fcnsche erf\u00fcllt und ihnen damit neuen Mut, Kraft und Freude zu schenkt.<\/p>\t\t\t\t\t\t\t\t<\/div>\n\t\t\t\t\t<\/div>\n\t\t\t\t<\/div>\n\t\t<div class=\"elementor-element elementor-element-6838b353 e-flex e-con-boxed e-con e-parent\" data-id=\"6838b353\" data-element_type=\"container\" data-e-type=\"container\">\n\t\t\t\t\t<div class=\"e-con-inner\">\n\t\t\t\t<div class=\"elementor-element elementor-element-675df572 elementor-widget elementor-widget-spacer\" data-id=\"675df572\" data-element_type=\"widget\" data-e-type=\"widget\" data-widget_type=\"spacer.default\">\n\t\t\t\t\t\t\t<div class=\"elementor-spacer\">\n\t\t\t<div class=\"elementor-spacer-inner\"><\/div>\n\t\t<\/div>\n\t\t\t\t\t\t<\/div>\n\t\t\t\t\t<\/div>\n\t\t\t\t<\/div>\n\t\t<div class=\"elementor-element elementor-element-4ba24257 e-flex e-con-boxed e-con e-parent\" data-id=\"4ba24257\" data-element_type=\"container\" data-e-type=\"container\">\n\t\t\t\t\t<div class=\"e-con-inner\">\n\t\t<div class=\"elementor-element elementor-element-81ab90e e-con-full e-flex e-con e-child\" data-id=\"81ab90e\" data-element_type=\"container\" data-e-type=\"container\" data-settings=\"{&quot;background_background&quot;:&quot;classic&quot;}\">\n\t\t\t\t<\/div>\n\t\t<div class=\"elementor-element elementor-element-7e4f3dd8 e-con-full e-flex e-con e-child\" data-id=\"7e4f3dd8\" data-element_type=\"container\" data-e-type=\"container\">\n\t\t\t\t<div class=\"elementor-element elementor-element-4f556469 elementor-widget elementor-widget-heading\" data-id=\"4f556469\" data-element_type=\"widget\" data-e-type=\"widget\" data-widget_type=\"heading.default\">\n\t\t\t\t\t<h2 class=\"elementor-heading-title elementor-size-default\">Spende Tombola-Preis Benefizgolfturnier<\/h2>\t\t\t\t<\/div>\n\t\t\t\t<div class=\"elementor-element elementor-element-12d8860a elementor-widget elementor-widget-text-editor\" data-id=\"12d8860a\" data-element_type=\"widget\" data-e-type=\"widget\" data-widget_type=\"text-editor.default\">\n\t\t\t\t\t\t\t\t\t<p>2021 haben wir f\u00fcr das Benefizgolfturnier zugunsten von Herzensw\u00fcnsche e.V. im GC Feldafing einen Preis gependet. W\u00e4hrend der Abendveranstaltung konnten auch dieses Mal wieder besondere Ereignisse oder Gegenst\u00e4nde ersteigert werden, sowie mit dem Losverkauf f\u00fcr eine Tombola Sachpreise gestellt werden.<br \/>Zu gewinnen gab 3 N\u00e4chte in unserer sch\u00f6nen Casa Pretore f\u00fcr 2 Personen, ein gutes italienisches Oliven\u00f6l, sowie das Buch \u201e111 Orte am Comer See die man gesehen haben muss\u201c.<\/p><p>Wir freuen uns, dass das Benefizgolfturnier erfolgreich war und eine gro\u00dfe Summe zugunsten vieler Kinder und Jugendlicher zusammengekommen ist.<\/p>\t\t\t\t\t\t\t\t<\/div>\n\t\t\t\t<\/div>\n\t\t\t\t\t<\/div>\n\t\t\t\t<\/div>\n\t\t\t\t<\/div>\n\t\t","protected":false},"excerpt":{"rendered":"<p>Partner Spendenpreis Tombola Benefizgolfturnier von Herzensw\u00fcnsche e.V. Herzensw\u00fcnsche e.V. ist ein bundesweit t\u00e4tiger Verein, der schwerkranken Kindern und Jugendlichen lang ersehnte W\u00fcnsche erf\u00fcllt und ihnen damit neuen Mut, Kraft und Freude zu schenkt. Spende Tombola-Preis Benefizgolfturnier 2021 haben wir f\u00fcr das Benefizgolfturnier zugunsten von Herzensw\u00fcnsche e.V. im GC Feldafing einen Preis gependet. W\u00e4hrend der Abendveranstaltung [&hellip;]<\/p>\n","protected":false},"author":1,"featured_media":8801,"parent":8586,"menu_order":0,"comment_status":"closed","ping_status":"closed","template":"","meta":{"_acf_changed":false,"footnotes":""},"seitenart":[],"class_list":["post-76753","page","type-page","status-publish","has-post-thumbnail","hentry"],"acf":[],"yoast_head":"<!-- This site is optimized with the Yoast SEO plugin v27.3 - https:\/\/yoast.com\/product\/yoast-seo-wordpress\/ -->\n<title>Spendenpreis Tombola Benefizgolfturnier von Herzensw\u00fcnsche e.V. - LABREVA - Feriendomizile am Comer See<\/title>\n<meta name=\"robots\" content=\"index, follow, max-snippet:-1, max-image-preview:large, max-video-preview:-1\" \/>\n<link rel=\"canonical\" href=\"https:\/\/labreva.com\/de\/partner\/spendenpreis-tombola-benefizgolfturnier-von-herzenswuensche-e-v\/\" \/>\n<meta property=\"og:locale\" content=\"de_DE\" \/>\n<meta property=\"og:type\" content=\"article\" \/>\n<meta property=\"og:title\" content=\"Spendenpreis Tombola Benefizgolfturnier von Herzensw\u00fcnsche e.V. - LABREVA - Feriendomizile am Comer See\" \/>\n<meta property=\"og:description\" content=\"Partner Spendenpreis Tombola Benefizgolfturnier von Herzensw\u00fcnsche e.V. Herzensw\u00fcnsche e.V. ist ein bundesweit t\u00e4tiger Verein, der schwerkranken Kindern und Jugendlichen lang ersehnte W\u00fcnsche erf\u00fcllt und ihnen damit neuen Mut, Kraft und Freude zu schenkt. Spende Tombola-Preis Benefizgolfturnier 2021 haben wir f\u00fcr das Benefizgolfturnier zugunsten von Herzensw\u00fcnsche e.V. im GC Feldafing einen Preis gependet. W\u00e4hrend der Abendveranstaltung [&hellip;]\" \/>\n<meta property=\"og:url\" content=\"https:\/\/labreva.com\/de\/partner\/spendenpreis-tombola-benefizgolfturnier-von-herzenswuensche-e-v\/\" \/>\n<meta property=\"og:site_name\" content=\"LABREVA - Feriendomizile am Comer See\" \/>\n<meta property=\"article:modified_time\" content=\"2026-01-28T10:59:59+00:00\" \/>\n<meta property=\"og:image\" content=\"https:\/\/labreva.com\/wp-content\/uploads\/2025\/12\/3-1.jpg\" \/>\n\t<meta property=\"og:image:width\" content=\"1536\" \/>\n\t<meta property=\"og:image:height\" content=\"2048\" \/>\n\t<meta property=\"og:image:type\" content=\"image\/jpeg\" \/>\n<meta name=\"twitter:card\" content=\"summary_large_image\" \/>\n<meta name=\"twitter:label1\" content=\"Gesch\u00e4tzte Lesezeit\" \/>\n\t<meta name=\"twitter:data1\" content=\"1\u00a0Minute\" \/>\n<script type=\"application\/ld+json\" class=\"yoast-schema-graph\">{\"@context\":\"https:\\\/\\\/schema.org\",\"@graph\":[{\"@type\":\"WebPage\",\"@id\":\"https:\\\/\\\/labreva.com\\\/de\\\/partner\\\/spendenpreis-tombola-benefizgolfturnier-von-herzenswuensche-e-v\\\/\",\"url\":\"https:\\\/\\\/labreva.com\\\/de\\\/partner\\\/spendenpreis-tombola-benefizgolfturnier-von-herzenswuensche-e-v\\\/\",\"name\":\"Spendenpreis Tombola Benefizgolfturnier von Herzensw\u00fcnsche e.V. - LABREVA - Feriendomizile am Comer See\",\"isPartOf\":{\"@id\":\"https:\\\/\\\/labreva.com\\\/de\\\/#website\"},\"primaryImageOfPage\":{\"@id\":\"https:\\\/\\\/labreva.com\\\/de\\\/partner\\\/spendenpreis-tombola-benefizgolfturnier-von-herzenswuensche-e-v\\\/#primaryimage\"},\"image\":{\"@id\":\"https:\\\/\\\/labreva.com\\\/de\\\/partner\\\/spendenpreis-tombola-benefizgolfturnier-von-herzenswuensche-e-v\\\/#primaryimage\"},\"thumbnailUrl\":\"https:\\\/\\\/labreva.com\\\/wp-content\\\/uploads\\\/2025\\\/12\\\/3-1.jpg\",\"datePublished\":\"2025-12-04T08:39:56+00:00\",\"dateModified\":\"2026-01-28T10:59:59+00:00\",\"breadcrumb\":{\"@id\":\"https:\\\/\\\/labreva.com\\\/de\\\/partner\\\/spendenpreis-tombola-benefizgolfturnier-von-herzenswuensche-e-v\\\/#breadcrumb\"},\"inLanguage\":\"de\",\"potentialAction\":[{\"@type\":\"ReadAction\",\"target\":[\"https:\\\/\\\/labreva.com\\\/de\\\/partner\\\/spendenpreis-tombola-benefizgolfturnier-von-herzenswuensche-e-v\\\/\"]}]},{\"@type\":\"ImageObject\",\"inLanguage\":\"de\",\"@id\":\"https:\\\/\\\/labreva.com\\\/de\\\/partner\\\/spendenpreis-tombola-benefizgolfturnier-von-herzenswuensche-e-v\\\/#primaryimage\",\"url\":\"https:\\\/\\\/labreva.com\\\/wp-content\\\/uploads\\\/2025\\\/12\\\/3-1.jpg\",\"contentUrl\":\"https:\\\/\\\/labreva.com\\\/wp-content\\\/uploads\\\/2025\\\/12\\\/3-1.jpg\",\"width\":1536,\"height\":2048},{\"@type\":\"BreadcrumbList\",\"@id\":\"https:\\\/\\\/labreva.com\\\/de\\\/partner\\\/spendenpreis-tombola-benefizgolfturnier-von-herzenswuensche-e-v\\\/#breadcrumb\",\"itemListElement\":[{\"@type\":\"ListItem\",\"position\":1,\"name\":\"Startseite\",\"item\":\"https:\\\/\\\/labreva.com\\\/de\\\/\"},{\"@type\":\"ListItem\",\"position\":2,\"name\":\"Partner\",\"item\":\"https:\\\/\\\/labreva.com\\\/de\\\/partner\\\/\"},{\"@type\":\"ListItem\",\"position\":3,\"name\":\"Spendenpreis Tombola Benefizgolfturnier von Herzensw\u00fcnsche e.V.\"}]},{\"@type\":\"WebSite\",\"@id\":\"https:\\\/\\\/labreva.com\\\/de\\\/#website\",\"url\":\"https:\\\/\\\/labreva.com\\\/de\\\/\",\"name\":\"LABREVA - Feriendomizile am Comer See\",\"description\":\"\",\"publisher\":{\"@id\":\"https:\\\/\\\/labreva.com\\\/de\\\/#organization\"},\"potentialAction\":[{\"@type\":\"SearchAction\",\"target\":{\"@type\":\"EntryPoint\",\"urlTemplate\":\"https:\\\/\\\/labreva.com\\\/de\\\/?s={search_term_string}\"},\"query-input\":{\"@type\":\"PropertyValueSpecification\",\"valueRequired\":true,\"valueName\":\"search_term_string\"}}],\"inLanguage\":\"de\"},{\"@type\":\"Organization\",\"@id\":\"https:\\\/\\\/labreva.com\\\/de\\\/#organization\",\"name\":\"LABREVA - Feriendomizile am Comer See\",\"url\":\"https:\\\/\\\/labreva.com\\\/de\\\/\",\"logo\":{\"@type\":\"ImageObject\",\"inLanguage\":\"de\",\"@id\":\"https:\\\/\\\/labreva.com\\\/de\\\/#\\\/schema\\\/logo\\\/image\\\/\",\"url\":\"https:\\\/\\\/labreva.com\\\/wp-content\\\/uploads\\\/2025\\\/11\\\/Labreva_Logo_RGB_5.svg\",\"contentUrl\":\"https:\\\/\\\/labreva.com\\\/wp-content\\\/uploads\\\/2025\\\/11\\\/Labreva_Logo_RGB_5.svg\",\"caption\":\"LABREVA - Feriendomizile am Comer See\"},\"image\":{\"@id\":\"https:\\\/\\\/labreva.com\\\/de\\\/#\\\/schema\\\/logo\\\/image\\\/\"}}]}<\/script>\n<!-- \/ Yoast SEO plugin. -->","yoast_head_json":{"title":"Spendenpreis Tombola Benefizgolfturnier von Herzensw\u00fcnsche e.V. - LABREVA - Feriendomizile am Comer See","robots":{"index":"index","follow":"follow","max-snippet":"max-snippet:-1","max-image-preview":"max-image-preview:large","max-video-preview":"max-video-preview:-1"},"canonical":"https:\/\/labreva.com\/de\/partner\/spendenpreis-tombola-benefizgolfturnier-von-herzenswuensche-e-v\/","og_locale":"de_DE","og_type":"article","og_title":"Spendenpreis Tombola Benefizgolfturnier von Herzensw\u00fcnsche e.V. - LABREVA - Feriendomizile am Comer See","og_description":"Partner Spendenpreis Tombola Benefizgolfturnier von Herzensw\u00fcnsche e.V. Herzensw\u00fcnsche e.V. ist ein bundesweit t\u00e4tiger Verein, der schwerkranken Kindern und Jugendlichen lang ersehnte W\u00fcnsche erf\u00fcllt und ihnen damit neuen Mut, Kraft und Freude zu schenkt. Spende Tombola-Preis Benefizgolfturnier 2021 haben wir f\u00fcr das Benefizgolfturnier zugunsten von Herzensw\u00fcnsche e.V. im GC Feldafing einen Preis gependet. W\u00e4hrend der Abendveranstaltung [&hellip;]","og_url":"https:\/\/labreva.com\/de\/partner\/spendenpreis-tombola-benefizgolfturnier-von-herzenswuensche-e-v\/","og_site_name":"LABREVA - Feriendomizile am Comer See","article_modified_time":"2026-01-28T10:59:59+00:00","og_image":[{"width":1536,"height":2048,"url":"https:\/\/labreva.com\/wp-content\/uploads\/2025\/12\/3-1.jpg","type":"image\/jpeg"}],"twitter_card":"summary_large_image","twitter_misc":{"Gesch\u00e4tzte Lesezeit":"1\u00a0Minute"},"schema":{"@context":"https:\/\/schema.org","@graph":[{"@type":"WebPage","@id":"https:\/\/labreva.com\/de\/partner\/spendenpreis-tombola-benefizgolfturnier-von-herzenswuensche-e-v\/","url":"https:\/\/labreva.com\/de\/partner\/spendenpreis-tombola-benefizgolfturnier-von-herzenswuensche-e-v\/","name":"Spendenpreis Tombola Benefizgolfturnier von Herzensw\u00fcnsche e.V. - LABREVA - Feriendomizile am Comer See","isPartOf":{"@id":"https:\/\/labreva.com\/de\/#website"},"primaryImageOfPage":{"@id":"https:\/\/labreva.com\/de\/partner\/spendenpreis-tombola-benefizgolfturnier-von-herzenswuensche-e-v\/#primaryimage"},"image":{"@id":"https:\/\/labreva.com\/de\/partner\/spendenpreis-tombola-benefizgolfturnier-von-herzenswuensche-e-v\/#primaryimage"},"thumbnailUrl":"https:\/\/labreva.com\/wp-content\/uploads\/2025\/12\/3-1.jpg","datePublished":"2025-12-04T08:39:56+00:00","dateModified":"2026-01-28T10:59:59+00:00","breadcrumb":{"@id":"https:\/\/labreva.com\/de\/partner\/spendenpreis-tombola-benefizgolfturnier-von-herzenswuensche-e-v\/#breadcrumb"},"inLanguage":"de","potentialAction":[{"@type":"ReadAction","target":["https:\/\/labreva.com\/de\/partner\/spendenpreis-tombola-benefizgolfturnier-von-herzenswuensche-e-v\/"]}]},{"@type":"ImageObject","inLanguage":"de","@id":"https:\/\/labreva.com\/de\/partner\/spendenpreis-tombola-benefizgolfturnier-von-herzenswuensche-e-v\/#primaryimage","url":"https:\/\/labreva.com\/wp-content\/uploads\/2025\/12\/3-1.jpg","contentUrl":"https:\/\/labreva.com\/wp-content\/uploads\/2025\/12\/3-1.jpg","width":1536,"height":2048},{"@type":"BreadcrumbList","@id":"https:\/\/labreva.com\/de\/partner\/spendenpreis-tombola-benefizgolfturnier-von-herzenswuensche-e-v\/#breadcrumb","itemListElement":[{"@type":"ListItem","position":1,"name":"Startseite","item":"https:\/\/labreva.com\/de\/"},{"@type":"ListItem","position":2,"name":"Partner","item":"https:\/\/labreva.com\/de\/partner\/"},{"@type":"ListItem","position":3,"name":"Spendenpreis Tombola Benefizgolfturnier von Herzensw\u00fcnsche e.V."}]},{"@type":"WebSite","@id":"https:\/\/labreva.com\/de\/#website","url":"https:\/\/labreva.com\/de\/","name":"LABREVA - Feriendomizile am Comer See","description":"","publisher":{"@id":"https:\/\/labreva.com\/de\/#organization"},"potentialAction":[{"@type":"SearchAction","target":{"@type":"EntryPoint","urlTemplate":"https:\/\/labreva.com\/de\/?s={search_term_string}"},"query-input":{"@type":"PropertyValueSpecification","valueRequired":true,"valueName":"search_term_string"}}],"inLanguage":"de"},{"@type":"Organization","@id":"https:\/\/labreva.com\/de\/#organization","name":"LABREVA - Feriendomizile am Comer See","url":"https:\/\/labreva.com\/de\/","logo":{"@type":"ImageObject","inLanguage":"de","@id":"https:\/\/labreva.com\/de\/#\/schema\/logo\/image\/","url":"https:\/\/labreva.com\/wp-content\/uploads\/2025\/11\/Labreva_Logo_RGB_5.svg","contentUrl":"https:\/\/labreva.com\/wp-content\/uploads\/2025\/11\/Labreva_Logo_RGB_5.svg","caption":"LABREVA - Feriendomizile am Comer See"},"image":{"@id":"https:\/\/labreva.com\/de\/#\/schema\/logo\/image\/"}}]}},"_links":{"self":[{"href":"https:\/\/labreva.com\/de\/wp-json\/wp\/v2\/pages\/76753","targetHints":{"allow":["GET"]}}],"collection":[{"href":"https:\/\/labreva.com\/de\/wp-json\/wp\/v2\/pages"}],"about":[{"href":"https:\/\/labreva.com\/de\/wp-json\/wp\/v2\/types\/page"}],"author":[{"embeddable":true,"href":"https:\/\/labreva.com\/de\/wp-json\/wp\/v2\/users\/1"}],"replies":[{"embeddable":true,"href":"https:\/\/labreva.com\/de\/wp-json\/wp\/v2\/comments?post=76753"}],"version-history":[{"count":16,"href":"https:\/\/labreva.com\/de\/wp-json\/wp\/v2\/pages\/76753\/revisions"}],"predecessor-version":[{"id":82692,"href":"https:\/\/labreva.com\/de\/wp-json\/wp\/v2\/pages\/76753\/revisions\/82692"}],"up":[{"embeddable":true,"href":"https:\/\/labreva.com\/de\/wp-json\/wp\/v2\/pages\/8586"}],"wp:featuredmedia":[{"embeddable":true,"href":"https:\/\/labreva.com\/de\/wp-json\/wp\/v2\/media\/8801"}],"wp:attachment":[{"href":"https:\/\/labreva.com\/de\/wp-json\/wp\/v2\/media?parent=76753"}],"wp:term":[{"taxonomy":"seitenart","embeddable":true,"href":"https:\/\/labreva.com\/de\/wp-json\/wp\/v2\/seitenart?post=76753"}],"curies":[{"name":"wp","href":"https:\/\/api.w.org\/{rel}","templated":true}]}}