{"id":76698,"date":"2025-12-03T17:03:28","date_gmt":"2025-12-03T16:03:28","guid":{"rendered":"https:\/\/labreva.com\/?page_id=76698"},"modified":"2026-01-28T11:59:49","modified_gmt":"2026-01-28T10:59:49","slug":"the-city-suite-in-kempten","status":"publish","type":"page","link":"https:\/\/labreva.com\/de\/partner\/the-city-suite-in-kempten\/","title":{"rendered":"The City Suite in Kempten"},"content":{"rendered":"\t\t<div data-elementor-type=\"wp-page\" data-elementor-id=\"76698\" class=\"elementor elementor-76698\" data-elementor-post-type=\"page\">\n\t\t\t\t<div class=\"elementor-element elementor-element-2a4ce6e2 e-flex e-con-boxed e-con e-child\" data-id=\"2a4ce6e2\" data-element_type=\"container\" data-e-type=\"container\">\n\t\t\t\t\t<div class=\"e-con-inner\">\n\t\t\t\t<div class=\"elementor-element elementor-element-bb8623 elementor-widget elementor-widget-heading\" data-id=\"bb8623\" data-element_type=\"widget\" data-e-type=\"widget\" data-widget_type=\"heading.default\">\n\t\t\t\t\t<div class=\"elementor-heading-title elementor-size-default\">Partner<\/div>\t\t\t\t<\/div>\n\t\t\t\t<div class=\"elementor-element elementor-element-4c0b7c05 elementor-widget elementor-widget-heading\" data-id=\"4c0b7c05\" data-element_type=\"widget\" data-e-type=\"widget\" data-widget_type=\"heading.default\">\n\t\t\t\t\t<h1 class=\"elementor-heading-title elementor-size-default\">Moderne Ferienapartments im Herzen von Kempten<\/h1>\t\t\t\t<\/div>\n\t\t\t\t<div class=\"elementor-element elementor-element-108fbcb5 elementor-widget__width-initial elementor-widget-mobile__width-inherit make-text-mobile-sm elementor-widget elementor-widget-text-editor\" data-id=\"108fbcb5\" data-element_type=\"widget\" data-e-type=\"widget\" data-widget_type=\"text-editor.default\">\n\t\t\t\t\t\t\t\t\t<p><strong>Wohnung im 7. Stock:<\/strong><br \/>Luxuri\u00f6se 2-Zimmer Suite (ca. 100m\u00b2) mit Tiefgaragen-Stellplatz. Die Lage ist sehr zentral im Herzen von Kempten, direkt an der Fu\u00dfg\u00e4ngerzone. Die Wohnung befindet sich im 7. OG, welches ihr bequem mit dem Aufzug aus der Tiefgarage erreicht. Wohnzimmer und Schlafzimmer bieten einen sch\u00f6nen Ausblick \u00fcber die Stadt in Richtung Norden und Osten.<\/p>\t\t\t\t\t\t\t\t<\/div>\n\t\t\t\t\t<\/div>\n\t\t\t\t<\/div>\n\t\t<div class=\"elementor-element elementor-element-2c220a62 e-flex e-con-boxed e-con e-parent\" data-id=\"2c220a62\" data-element_type=\"container\" data-e-type=\"container\">\n\t\t\t\t\t<div class=\"e-con-inner\">\n\t\t<div class=\"elementor-element elementor-element-1051caf4 e-con-full e-flex e-con e-child\" data-id=\"1051caf4\" data-element_type=\"container\" data-e-type=\"container\">\n\t\t\t\t<div class=\"elementor-element elementor-element-6a9fa4f3 elementor-widget elementor-widget-image\" data-id=\"6a9fa4f3\" data-element_type=\"widget\" data-e-type=\"widget\" data-widget_type=\"image.default\">\n\t\t\t\t\t\t\t\t\t\t\t\t\t\t\t\t<a href=\"https:\/\/labreva.com\/wp-content\/uploads\/2025\/12\/Deko1-1024x684-1.jpeg\" data-elementor-open-lightbox=\"yes\" data-elementor-lightbox-title=\"Deko1-1024x684\" data-e-action-hash=\"#elementor-action%3Aaction%3Dlightbox%26settings%3DeyJpZCI6NzY3MDIsInVybCI6Imh0dHBzOlwvXC9sYWJyZXZhLmNvbVwvd3AtY29udGVudFwvdXBsb2Fkc1wvMjAyNVwvMTJcL0Rla28xLTEwMjR4Njg0LTEuanBlZyJ9\">\n\t\t\t\t\t\t\t<img fetchpriority=\"high\" decoding=\"async\" width=\"1024\" height=\"684\" src=\"https:\/\/labreva.com\/wp-content\/uploads\/2025\/12\/Deko1-1024x684-1.jpeg\" class=\"attachment-large size-large wp-image-76702\" alt=\"\" srcset=\"https:\/\/labreva.com\/wp-content\/uploads\/2025\/12\/Deko1-1024x684-1.jpeg 1024w, https:\/\/labreva.com\/wp-content\/uploads\/2025\/12\/Deko1-1024x684-1-768x513.jpeg 768w\" sizes=\"(max-width: 1024px) 100vw, 1024px\" \/>\t\t\t\t\t\t\t\t<\/a>\n\t\t\t\t\t\t\t\t\t\t\t\t\t\t\t<\/div>\n\t\t\t\t<\/div>\n\t\t<div class=\"elementor-element elementor-element-51b3cf52 e-con-full e-flex e-con e-child\" data-id=\"51b3cf52\" data-element_type=\"container\" data-e-type=\"container\">\n\t\t<div class=\"elementor-element elementor-element-7c927fb2 e-con-full e-flex e-con e-child\" data-id=\"7c927fb2\" data-element_type=\"container\" data-e-type=\"container\" data-settings=\"{&quot;background_background&quot;:&quot;classic&quot;}\">\n\t\t\t\t<\/div>\n\t\t<div class=\"elementor-element elementor-element-1c7364fe e-con-full e-flex e-con e-child\" data-id=\"1c7364fe\" data-element_type=\"container\" data-e-type=\"container\" data-settings=\"{&quot;background_background&quot;:&quot;classic&quot;}\">\n\t\t\t\t<\/div>\n\t\t\t\t<\/div>\n\t\t\t\t\t<\/div>\n\t\t\t\t<\/div>\n\t\t<div class=\"elementor-element elementor-element-55521185 e-con-full e-flex e-con e-child\" data-id=\"55521185\" data-element_type=\"container\" data-e-type=\"container\">\n\t\t\t\t<div class=\"elementor-element elementor-element-1bc37c8f elementor-widget__width-initial elementor-widget-mobile__width-inherit make-text-mobile-sm elementor-widget elementor-widget-text-editor\" data-id=\"1bc37c8f\" data-element_type=\"widget\" data-e-type=\"widget\" data-widget_type=\"text-editor.default\">\n\t\t\t\t\t\t\t\t\t<p>Das Appartement wurde neu renoviert und empf\u00e4ngt euch in einem hohen, modernen Standard. Die Einrichtung ist \u00fcbersichtlich gehalten und bietet alles f\u00fcr einen gem\u00fctlichen und entspannten Aufenthalt.<br \/>Die Raumaufteilung besteht aus einem offenen Ess- und Wohnbereich mit gro\u00dfz\u00fcgiger K\u00fccheninsel, gem\u00fctlicher Couch mit gro\u00dfem LCD TV und Zugang zur G\u00e4stetoilette.<br \/>Im offenen Durchgang zum Schlafzimmer erwartet Sie eine Whirlpool-Badewanne. Das Schlafzimmer empf\u00e4ngt Sie mit einem 180x200cm Doppelbett und Zugang zum Badezimmer.<\/p>\t\t\t\t\t\t\t\t<\/div>\n\t\t\t\t<\/div>\n\t\t<div class=\"elementor-element elementor-element-7922d1ab e-flex e-con-boxed e-con e-parent\" data-id=\"7922d1ab\" data-element_type=\"container\" data-e-type=\"container\">\n\t\t\t\t\t<div class=\"e-con-inner\">\n\t\t<div class=\"elementor-element elementor-element-7e17b289 e-con-full e-flex e-con e-child\" data-id=\"7e17b289\" data-element_type=\"container\" data-e-type=\"container\">\n\t\t\t\t<div class=\"elementor-element elementor-element-7f18a82f elementor-widget elementor-widget-image\" data-id=\"7f18a82f\" data-element_type=\"widget\" data-e-type=\"widget\" data-widget_type=\"image.default\">\n\t\t\t\t\t\t\t\t\t\t\t\t\t\t\t\t<a href=\"https:\/\/labreva.com\/wp-content\/uploads\/2025\/12\/Whirlpool-1024x768-1.jpeg\" data-elementor-open-lightbox=\"yes\" data-elementor-lightbox-title=\"Whirlpool-1024x768\" data-e-action-hash=\"#elementor-action%3Aaction%3Dlightbox%26settings%3DeyJpZCI6NzY3MDQsInVybCI6Imh0dHBzOlwvXC9sYWJyZXZhLmNvbVwvd3AtY29udGVudFwvdXBsb2Fkc1wvMjAyNVwvMTJcL1doaXJscG9vbC0xMDI0eDc2OC0xLmpwZWcifQ%3D%3D\">\n\t\t\t\t\t\t\t<img decoding=\"async\" width=\"1024\" height=\"768\" src=\"https:\/\/labreva.com\/wp-content\/uploads\/2025\/12\/Whirlpool-1024x768-1.jpeg\" class=\"attachment-large size-large wp-image-76704\" alt=\"\" srcset=\"https:\/\/labreva.com\/wp-content\/uploads\/2025\/12\/Whirlpool-1024x768-1.jpeg 1024w, https:\/\/labreva.com\/wp-content\/uploads\/2025\/12\/Whirlpool-1024x768-1-768x576.jpeg 768w\" sizes=\"(max-width: 1024px) 100vw, 1024px\" \/>\t\t\t\t\t\t\t\t<\/a>\n\t\t\t\t\t\t\t\t\t\t\t\t\t\t\t<\/div>\n\t\t\t\t<\/div>\n\t\t<div class=\"elementor-element elementor-element-67771d9f e-con-full e-flex e-con e-child\" data-id=\"67771d9f\" data-element_type=\"container\" data-e-type=\"container\">\n\t\t<div class=\"elementor-element elementor-element-76b94ccc e-con-full e-flex e-con e-child\" data-id=\"76b94ccc\" data-element_type=\"container\" data-e-type=\"container\" data-settings=\"{&quot;background_background&quot;:&quot;classic&quot;}\">\n\t\t\t\t<\/div>\n\t\t<div class=\"elementor-element elementor-element-28a03291 e-con-full e-flex e-con e-child\" data-id=\"28a03291\" data-element_type=\"container\" data-e-type=\"container\" data-settings=\"{&quot;background_background&quot;:&quot;classic&quot;}\">\n\t\t\t\t<\/div>\n\t\t\t\t<\/div>\n\t\t\t\t\t<\/div>\n\t\t\t\t<\/div>\n\t\t<div class=\"elementor-element elementor-element-9773747 e-con-full e-flex e-con e-child\" data-id=\"9773747\" data-element_type=\"container\" data-e-type=\"container\">\n\t\t\t\t<div class=\"elementor-element elementor-element-5f22c962 elementor-widget__width-initial elementor-widget-mobile__width-inherit make-text-mobile-sm elementor-widget elementor-widget-text-editor\" data-id=\"5f22c962\" data-element_type=\"widget\" data-e-type=\"widget\" data-widget_type=\"text-editor.default\">\n\t\t\t\t\t\t\t\t\t<p>Die Beleuchtung und Heizung im gesamten Appartement wird \u00fcber ein Smart-Home-System gesteuert, wor\u00fcber ihr je nach Empfinden Farbton und Lichtintensit\u00e4t bequem einstellen k\u00f6nnt. Zus\u00e4tzlich bietet die Wohnung Breitband, Internet, WLAN.<\/p><p>Das Appartement ist ausgelegt f\u00fcr mindestens 3 Erwachsene und 1 Kind. 1 Doppelbett, eine Schlafcouch f\u00fcr eine Person und ein Kinderreisebett.<\/p><p>Fahrradstellplatz auf Anfrage m\u00f6glich.<\/p>\t\t\t\t\t\t\t\t<\/div>\n\t\t\t\t<\/div>\n\t\t<div class=\"elementor-element elementor-element-17a0b6ba e-con-full e-flex e-con e-child\" data-id=\"17a0b6ba\" data-element_type=\"container\" data-e-type=\"container\">\n\t\t\t\t<div class=\"elementor-element elementor-element-898dd37 elementor-widget__width-initial elementor-widget-mobile__width-inherit make-text-mobile-sm elementor-widget elementor-widget-text-editor\" data-id=\"898dd37\" data-element_type=\"widget\" data-e-type=\"widget\" data-widget_type=\"text-editor.default\">\n\t\t\t\t\t\t\t\t\t<p><strong>Wohnung im 4. Stock:<\/strong><br \/>Luxuri\u00f6se 2-Zimmer Suite (ca. 110m\u00b2) mit Tiefgaragen-Stellplatz.<br \/>Die Lage ist sehr zentral im Herzen von Kempten, direkt an der Fu\u00dfg\u00e4ngerzone. Die Wohnung befindet sich im 4. OG, welches ihr bequem mit dem Aufzug aus der Tiefgarage erreicht.<br \/>Wohnzimmer und Schlafzimmer bieten einen sch\u00f6nen Ausblick \u00fcber die Stadt in Richtung Norden und Osten.<\/p><p>Das Appartement wurde neu renoviert und empf\u00e4ngt euch in einem hohen, modernen Standard. Die Einrichtung ist \u00fcbersichtlich gehalten und bietet alles f\u00fcr einen gem\u00fctlichen und entspannten Aufenthalt.<br \/>Die Raumaufteilung besteht aus einem offenen Ess- und Wohnbereich mit gro\u00dfz\u00fcgiger K\u00fccheninsel, gem\u00fctlicher Couch mit gro\u00dfem LCD TV und Zugang zur G\u00e4stetoilette.<br \/>Der Wohnbereich ist zum Schlafzimmer mit offenem Badezimmer durch eine T\u00fcre abgetrennt.<br \/>Das Schlafzimmer empf\u00e4ngt Sie mit einem 200x220cm Doppelbett und Zugang zum Badezimmer. Im Schlafzimmer ist eine offene Whirlpoolwanne integriert. Zus\u00e4tzlich bietet die Wohnung Breitband Internet WLAN.<\/p><p>Das Appartement ist ausgelegt f\u00fcr mindestens 4 Erwachsene und 1 Kind. 1 Doppelbett, eine Schlafcouch f\u00fcr eine Person und ein Kinderreisebett.<\/p><p>Fahrradstellplatz auf Anfrage m\u00f6glich.<\/p><p>Buchen auf:\u00a0<a href=\"https:\/\/the-city-suite.de\/de\/\" target=\"_blank\" rel=\"noopener\">https:\/\/the-city-suite.de\/de\/<\/a><\/p>\t\t\t\t\t\t\t\t<\/div>\n\t\t\t\t<\/div>\n\t\t\t\t<\/div>\n\t\t","protected":false},"excerpt":{"rendered":"<p>Partner Moderne Ferienapartments im Herzen von Kempten Wohnung im 7. Stock:Luxuri\u00f6se 2-Zimmer Suite (ca. 100m\u00b2) mit Tiefgaragen-Stellplatz. Die Lage ist sehr zentral im Herzen von Kempten, direkt an der Fu\u00dfg\u00e4ngerzone. Die Wohnung befindet sich im 7. OG, welches ihr bequem mit dem Aufzug aus der Tiefgarage erreicht. Wohnzimmer und Schlafzimmer bieten einen sch\u00f6nen Ausblick \u00fcber [&hellip;]<\/p>\n","protected":false},"author":1,"featured_media":8800,"parent":8586,"menu_order":0,"comment_status":"closed","ping_status":"closed","template":"","meta":{"_acf_changed":false,"footnotes":""},"seitenart":[],"class_list":["post-76698","page","type-page","status-publish","has-post-thumbnail","hentry"],"acf":[],"yoast_head":"<!-- This site is optimized with the Yoast SEO plugin v27.1.1 - https:\/\/yoast.com\/product\/yoast-seo-wordpress\/ -->\n<title>The City Suite in Kempten - LABREVA - Feriendomizile am Comer See<\/title>\n<meta name=\"robots\" content=\"index, follow, max-snippet:-1, max-image-preview:large, max-video-preview:-1\" \/>\n<link rel=\"canonical\" href=\"https:\/\/labreva.com\/de\/partner\/the-city-suite-in-kempten\/\" \/>\n<meta property=\"og:locale\" content=\"de_DE\" \/>\n<meta property=\"og:type\" content=\"article\" \/>\n<meta property=\"og:title\" content=\"The City Suite in Kempten - LABREVA - Feriendomizile am Comer See\" \/>\n<meta property=\"og:description\" content=\"Partner Moderne Ferienapartments im Herzen von Kempten Wohnung im 7. Stock:Luxuri\u00f6se 2-Zimmer Suite (ca. 100m\u00b2) mit Tiefgaragen-Stellplatz. Die Lage ist sehr zentral im Herzen von Kempten, direkt an der Fu\u00dfg\u00e4ngerzone. Die Wohnung befindet sich im 7. OG, welches ihr bequem mit dem Aufzug aus der Tiefgarage erreicht. Wohnzimmer und Schlafzimmer bieten einen sch\u00f6nen Ausblick \u00fcber [&hellip;]\" \/>\n<meta property=\"og:url\" content=\"https:\/\/labreva.com\/de\/partner\/the-city-suite-in-kempten\/\" \/>\n<meta property=\"og:site_name\" content=\"LABREVA - Feriendomizile am Comer See\" \/>\n<meta property=\"article:modified_time\" content=\"2026-01-28T10:59:49+00:00\" \/>\n<meta property=\"og:image\" content=\"https:\/\/labreva.com\/wp-content\/uploads\/2025\/12\/Kuecheninsel-2048x1367-1.jpeg\" \/>\n\t<meta property=\"og:image:width\" content=\"2048\" \/>\n\t<meta property=\"og:image:height\" content=\"1367\" \/>\n\t<meta property=\"og:image:type\" content=\"image\/jpeg\" \/>\n<meta name=\"twitter:card\" content=\"summary_large_image\" \/>\n<meta name=\"twitter:label1\" content=\"Gesch\u00e4tzte Lesezeit\" \/>\n\t<meta name=\"twitter:data1\" content=\"3\u00a0Minuten\" \/>\n<script type=\"application\/ld+json\" class=\"yoast-schema-graph\">{\"@context\":\"https:\/\/schema.org\",\"@graph\":[{\"@type\":\"WebPage\",\"@id\":\"https:\/\/labreva.com\/de\/partner\/the-city-suite-in-kempten\/\",\"url\":\"https:\/\/labreva.com\/de\/partner\/the-city-suite-in-kempten\/\",\"name\":\"The City Suite in Kempten - LABREVA - Feriendomizile am Comer See\",\"isPartOf\":{\"@id\":\"https:\/\/labreva.com\/de\/#website\"},\"primaryImageOfPage\":{\"@id\":\"https:\/\/labreva.com\/de\/partner\/the-city-suite-in-kempten\/#primaryimage\"},\"image\":{\"@id\":\"https:\/\/labreva.com\/de\/partner\/the-city-suite-in-kempten\/#primaryimage\"},\"thumbnailUrl\":\"https:\/\/labreva.com\/wp-content\/uploads\/2025\/12\/Kuecheninsel-2048x1367-1.jpeg\",\"datePublished\":\"2025-12-03T16:03:28+00:00\",\"dateModified\":\"2026-01-28T10:59:49+00:00\",\"breadcrumb\":{\"@id\":\"https:\/\/labreva.com\/de\/partner\/the-city-suite-in-kempten\/#breadcrumb\"},\"inLanguage\":\"de\",\"potentialAction\":[{\"@type\":\"ReadAction\",\"target\":[\"https:\/\/labreva.com\/de\/partner\/the-city-suite-in-kempten\/\"]}]},{\"@type\":\"ImageObject\",\"inLanguage\":\"de\",\"@id\":\"https:\/\/labreva.com\/de\/partner\/the-city-suite-in-kempten\/#primaryimage\",\"url\":\"https:\/\/labreva.com\/wp-content\/uploads\/2025\/12\/Kuecheninsel-2048x1367-1.jpeg\",\"contentUrl\":\"https:\/\/labreva.com\/wp-content\/uploads\/2025\/12\/Kuecheninsel-2048x1367-1.jpeg\",\"width\":2048,\"height\":1367},{\"@type\":\"BreadcrumbList\",\"@id\":\"https:\/\/labreva.com\/de\/partner\/the-city-suite-in-kempten\/#breadcrumb\",\"itemListElement\":[{\"@type\":\"ListItem\",\"position\":1,\"name\":\"Startseite\",\"item\":\"https:\/\/labreva.com\/de\/\"},{\"@type\":\"ListItem\",\"position\":2,\"name\":\"Partner\",\"item\":\"https:\/\/labreva.com\/de\/partner\/\"},{\"@type\":\"ListItem\",\"position\":3,\"name\":\"The City Suite in Kempten\"}]},{\"@type\":\"WebSite\",\"@id\":\"https:\/\/labreva.com\/de\/#website\",\"url\":\"https:\/\/labreva.com\/de\/\",\"name\":\"LABREVA - Feriendomizile am Comer See\",\"description\":\"\",\"publisher\":{\"@id\":\"https:\/\/labreva.com\/de\/#organization\"},\"potentialAction\":[{\"@type\":\"SearchAction\",\"target\":{\"@type\":\"EntryPoint\",\"urlTemplate\":\"https:\/\/labreva.com\/de\/?s={search_term_string}\"},\"query-input\":{\"@type\":\"PropertyValueSpecification\",\"valueRequired\":true,\"valueName\":\"search_term_string\"}}],\"inLanguage\":\"de\"},{\"@type\":\"Organization\",\"@id\":\"https:\/\/labreva.com\/de\/#organization\",\"name\":\"LABREVA - Feriendomizile am Comer See\",\"url\":\"https:\/\/labreva.com\/de\/\",\"logo\":{\"@type\":\"ImageObject\",\"inLanguage\":\"de\",\"@id\":\"https:\/\/labreva.com\/de\/#\/schema\/logo\/image\/\",\"url\":\"https:\/\/labreva.com\/wp-content\/uploads\/2025\/11\/Labreva_Logo_RGB_5.svg\",\"contentUrl\":\"https:\/\/labreva.com\/wp-content\/uploads\/2025\/11\/Labreva_Logo_RGB_5.svg\",\"caption\":\"LABREVA - Feriendomizile am Comer See\"},\"image\":{\"@id\":\"https:\/\/labreva.com\/de\/#\/schema\/logo\/image\/\"}}]}<\/script>\n<!-- \/ Yoast SEO plugin. -->","yoast_head_json":{"title":"The City Suite in Kempten - LABREVA - Feriendomizile am Comer See","robots":{"index":"index","follow":"follow","max-snippet":"max-snippet:-1","max-image-preview":"max-image-preview:large","max-video-preview":"max-video-preview:-1"},"canonical":"https:\/\/labreva.com\/de\/partner\/the-city-suite-in-kempten\/","og_locale":"de_DE","og_type":"article","og_title":"The City Suite in Kempten - LABREVA - Feriendomizile am Comer See","og_description":"Partner Moderne Ferienapartments im Herzen von Kempten Wohnung im 7. Stock:Luxuri\u00f6se 2-Zimmer Suite (ca. 100m\u00b2) mit Tiefgaragen-Stellplatz. Die Lage ist sehr zentral im Herzen von Kempten, direkt an der Fu\u00dfg\u00e4ngerzone. Die Wohnung befindet sich im 7. OG, welches ihr bequem mit dem Aufzug aus der Tiefgarage erreicht. Wohnzimmer und Schlafzimmer bieten einen sch\u00f6nen Ausblick \u00fcber [&hellip;]","og_url":"https:\/\/labreva.com\/de\/partner\/the-city-suite-in-kempten\/","og_site_name":"LABREVA - Feriendomizile am Comer See","article_modified_time":"2026-01-28T10:59:49+00:00","og_image":[{"width":2048,"height":1367,"url":"https:\/\/labreva.com\/wp-content\/uploads\/2025\/12\/Kuecheninsel-2048x1367-1.jpeg","type":"image\/jpeg"}],"twitter_card":"summary_large_image","twitter_misc":{"Gesch\u00e4tzte Lesezeit":"3\u00a0Minuten"},"schema":{"@context":"https:\/\/schema.org","@graph":[{"@type":"WebPage","@id":"https:\/\/labreva.com\/de\/partner\/the-city-suite-in-kempten\/","url":"https:\/\/labreva.com\/de\/partner\/the-city-suite-in-kempten\/","name":"The City Suite in Kempten - LABREVA - Feriendomizile am Comer See","isPartOf":{"@id":"https:\/\/labreva.com\/de\/#website"},"primaryImageOfPage":{"@id":"https:\/\/labreva.com\/de\/partner\/the-city-suite-in-kempten\/#primaryimage"},"image":{"@id":"https:\/\/labreva.com\/de\/partner\/the-city-suite-in-kempten\/#primaryimage"},"thumbnailUrl":"https:\/\/labreva.com\/wp-content\/uploads\/2025\/12\/Kuecheninsel-2048x1367-1.jpeg","datePublished":"2025-12-03T16:03:28+00:00","dateModified":"2026-01-28T10:59:49+00:00","breadcrumb":{"@id":"https:\/\/labreva.com\/de\/partner\/the-city-suite-in-kempten\/#breadcrumb"},"inLanguage":"de","potentialAction":[{"@type":"ReadAction","target":["https:\/\/labreva.com\/de\/partner\/the-city-suite-in-kempten\/"]}]},{"@type":"ImageObject","inLanguage":"de","@id":"https:\/\/labreva.com\/de\/partner\/the-city-suite-in-kempten\/#primaryimage","url":"https:\/\/labreva.com\/wp-content\/uploads\/2025\/12\/Kuecheninsel-2048x1367-1.jpeg","contentUrl":"https:\/\/labreva.com\/wp-content\/uploads\/2025\/12\/Kuecheninsel-2048x1367-1.jpeg","width":2048,"height":1367},{"@type":"BreadcrumbList","@id":"https:\/\/labreva.com\/de\/partner\/the-city-suite-in-kempten\/#breadcrumb","itemListElement":[{"@type":"ListItem","position":1,"name":"Startseite","item":"https:\/\/labreva.com\/de\/"},{"@type":"ListItem","position":2,"name":"Partner","item":"https:\/\/labreva.com\/de\/partner\/"},{"@type":"ListItem","position":3,"name":"The City Suite in Kempten"}]},{"@type":"WebSite","@id":"https:\/\/labreva.com\/de\/#website","url":"https:\/\/labreva.com\/de\/","name":"LABREVA - Feriendomizile am Comer See","description":"","publisher":{"@id":"https:\/\/labreva.com\/de\/#organization"},"potentialAction":[{"@type":"SearchAction","target":{"@type":"EntryPoint","urlTemplate":"https:\/\/labreva.com\/de\/?s={search_term_string}"},"query-input":{"@type":"PropertyValueSpecification","valueRequired":true,"valueName":"search_term_string"}}],"inLanguage":"de"},{"@type":"Organization","@id":"https:\/\/labreva.com\/de\/#organization","name":"LABREVA - Feriendomizile am Comer See","url":"https:\/\/labreva.com\/de\/","logo":{"@type":"ImageObject","inLanguage":"de","@id":"https:\/\/labreva.com\/de\/#\/schema\/logo\/image\/","url":"https:\/\/labreva.com\/wp-content\/uploads\/2025\/11\/Labreva_Logo_RGB_5.svg","contentUrl":"https:\/\/labreva.com\/wp-content\/uploads\/2025\/11\/Labreva_Logo_RGB_5.svg","caption":"LABREVA - Feriendomizile am Comer See"},"image":{"@id":"https:\/\/labreva.com\/de\/#\/schema\/logo\/image\/"}}]}},"_links":{"self":[{"href":"https:\/\/labreva.com\/de\/wp-json\/wp\/v2\/pages\/76698","targetHints":{"allow":["GET"]}}],"collection":[{"href":"https:\/\/labreva.com\/de\/wp-json\/wp\/v2\/pages"}],"about":[{"href":"https:\/\/labreva.com\/de\/wp-json\/wp\/v2\/types\/page"}],"author":[{"embeddable":true,"href":"https:\/\/labreva.com\/de\/wp-json\/wp\/v2\/users\/1"}],"replies":[{"embeddable":true,"href":"https:\/\/labreva.com\/de\/wp-json\/wp\/v2\/comments?post=76698"}],"version-history":[{"count":26,"href":"https:\/\/labreva.com\/de\/wp-json\/wp\/v2\/pages\/76698\/revisions"}],"predecessor-version":[{"id":82689,"href":"https:\/\/labreva.com\/de\/wp-json\/wp\/v2\/pages\/76698\/revisions\/82689"}],"up":[{"embeddable":true,"href":"https:\/\/labreva.com\/de\/wp-json\/wp\/v2\/pages\/8586"}],"wp:featuredmedia":[{"embeddable":true,"href":"https:\/\/labreva.com\/de\/wp-json\/wp\/v2\/media\/8800"}],"wp:attachment":[{"href":"https:\/\/labreva.com\/de\/wp-json\/wp\/v2\/media?parent=76698"}],"wp:term":[{"taxonomy":"seitenart","embeddable":true,"href":"https:\/\/labreva.com\/de\/wp-json\/wp\/v2\/seitenart?post=76698"}],"curies":[{"name":"wp","href":"https:\/\/api.w.org\/{rel}","templated":true}]}}