{"id":76621,"date":"2025-12-03T16:11:10","date_gmt":"2025-12-03T15:11:10","guid":{"rendered":"https:\/\/labreva.com\/?page_id=76621"},"modified":"2026-01-28T11:55:14","modified_gmt":"2026-01-28T10:55:14","slug":"rental-e-bike-dongo","status":"publish","type":"page","link":"https:\/\/labreva.com\/de\/partner\/rental-e-bike-dongo\/","title":{"rendered":"Rental E-Bike Dongo"},"content":{"rendered":"\t\t<div data-elementor-type=\"wp-page\" data-elementor-id=\"76621\" class=\"elementor elementor-76621\" data-elementor-post-type=\"page\">\n\t\t\t\t<div class=\"elementor-element elementor-element-307c43d1 e-con-full e-flex e-con e-child\" data-id=\"307c43d1\" data-element_type=\"container\" data-e-type=\"container\">\n\t\t\t\t<div class=\"elementor-element elementor-element-29fa5f64 elementor-widget elementor-widget-heading\" data-id=\"29fa5f64\" data-element_type=\"widget\" data-e-type=\"widget\" data-widget_type=\"heading.default\">\n\t\t\t\t\t<div class=\"elementor-heading-title elementor-size-default\">Partner<\/div>\t\t\t\t<\/div>\n\t\t\t\t<div class=\"elementor-element elementor-element-684a22e4 elementor-widget elementor-widget-heading\" data-id=\"684a22e4\" data-element_type=\"widget\" data-e-type=\"widget\" data-widget_type=\"heading.default\">\n\t\t\t\t\t<div class=\"elementor-heading-title elementor-size-default\">Rental E-Bike Dongo<\/div>\t\t\t\t<\/div>\n\t\t\t\t<div class=\"elementor-element elementor-element-332c71cf elementor-widget__width-initial elementor-widget-mobile__width-inherit make-text-mobile-sm elementor-widget elementor-widget-text-editor\" data-id=\"332c71cf\" data-element_type=\"widget\" data-e-type=\"widget\" data-widget_type=\"text-editor.default\">\n\t\t\t\t\t\t\t\t\t<p>Rental E-Bike Dongo bietet einen bequemen E-Bike-Verleihservice am Comer See, alle der neuesten Generation und mit der M\u00f6glichkeit der Lieferung nach Hause. Setzen Sie sich mit uns in Verbindung, um die Bedingungen und Kosten des Dienstes zu erfahren. Neu, vielseitig, zuverl\u00e4ssig, das ist die T\u00e4tigkeit von Rental E-bike Dongo.<\/p>\t\t\t\t\t\t\t\t<\/div>\n\t\t\t\t<div class=\"elementor-element elementor-element-de68e53 elementor-widget__width-initial elementor-widget-mobile__width-inherit make-text-mobile-sm elementor-widget elementor-widget-text-editor\" data-id=\"de68e53\" data-element_type=\"widget\" data-e-type=\"widget\" data-widget_type=\"text-editor.default\">\n\t\t\t\t\t\t\t\t\t<p><strong>LABREVA G\u00e4ste bekommen attraktive Sonderkonditionen:<\/strong><br \/>\u2013 Preis f\u00fcr einen halben Tag urban ebike 20\u20ac pro Person<br \/>\u2013 2 Mountainbikes halber Tag 30\u20ac pro Person<br \/>\u2013 Vespa Roller halber Tag 35\u20ac (2 Personen) mit Helm<\/p>\t\t\t\t\t\t\t\t<\/div>\n\t\t\t\t<\/div>\n\t\t<div class=\"elementor-element elementor-element-9e68099 e-flex e-con-boxed e-con e-parent\" data-id=\"9e68099\" data-element_type=\"container\" data-e-type=\"container\">\n\t\t\t\t\t<div class=\"e-con-inner\">\n\t\t<div class=\"elementor-element elementor-element-63e07acd e-con-full e-flex e-con e-child\" data-id=\"63e07acd\" data-element_type=\"container\" data-e-type=\"container\">\n\t\t\t\t<div class=\"elementor-element elementor-element-70d18117 elementor-widget elementor-widget-image\" data-id=\"70d18117\" data-element_type=\"widget\" data-e-type=\"widget\" data-widget_type=\"image.default\">\n\t\t\t\t\t\t\t\t\t\t\t\t\t\t\t\t<a href=\"https:\/\/labreva.com\/wp-content\/uploads\/2025\/12\/Bild-768x1024-1.jpg\" data-elementor-open-lightbox=\"yes\" data-elementor-lightbox-title=\"Bild-768x1024\" data-e-action-hash=\"#elementor-action%3Aaction%3Dlightbox%26settings%3DeyJpZCI6NzY2NzcsInVybCI6Imh0dHBzOlwvXC9sYWJyZXZhLmNvbVwvd3AtY29udGVudFwvdXBsb2Fkc1wvMjAyNVwvMTJcL0JpbGQtNzY4eDEwMjQtMS5qcGcifQ%3D%3D\">\n\t\t\t\t\t\t\t<img fetchpriority=\"high\" decoding=\"async\" width=\"768\" height=\"1024\" src=\"https:\/\/labreva.com\/wp-content\/uploads\/2025\/12\/Bild-768x1024-1.jpg\" class=\"attachment-large size-large wp-image-76677\" alt=\"\" \/>\t\t\t\t\t\t\t\t<\/a>\n\t\t\t\t\t\t\t\t\t\t\t\t\t\t\t<\/div>\n\t\t\t\t<\/div>\n\t\t<div class=\"elementor-element elementor-element-5c59fc08 e-con-full e-flex e-con e-child\" data-id=\"5c59fc08\" data-element_type=\"container\" data-e-type=\"container\">\n\t\t<div class=\"elementor-element elementor-element-5fa85f5 e-con-full e-flex e-con e-child\" data-id=\"5fa85f5\" data-element_type=\"container\" data-e-type=\"container\" data-settings=\"{&quot;background_background&quot;:&quot;classic&quot;}\">\n\t\t\t\t<\/div>\n\t\t<div class=\"elementor-element elementor-element-33fa9309 e-con-full e-flex e-con e-child\" data-id=\"33fa9309\" data-element_type=\"container\" data-e-type=\"container\" data-settings=\"{&quot;background_background&quot;:&quot;classic&quot;}\">\n\t\t\t\t<\/div>\n\t\t\t\t<\/div>\n\t\t\t\t\t<\/div>\n\t\t\t\t<\/div>\n\t\t<div class=\"elementor-element elementor-element-566b27b5 e-con-full e-flex e-con e-child\" data-id=\"566b27b5\" data-element_type=\"container\" data-e-type=\"container\">\n\t\t\t\t<div class=\"elementor-element elementor-element-2b68b3c0 elementor-widget elementor-widget-heading\" data-id=\"2b68b3c0\" data-element_type=\"widget\" data-e-type=\"widget\" data-widget_type=\"heading.default\">\n\t\t\t\t\t<h2 class=\"elementor-heading-title elementor-size-default\">E-Bike-, Mountainbike- und Vespaverleihservice in Dongo am Comer See<\/h2>\t\t\t\t<\/div>\n\t\t\t\t<div class=\"elementor-element elementor-element-305297c6 elementor-widget__width-initial elementor-widget-mobile__width-inherit make-text-mobile-sm elementor-widget elementor-widget-text-editor\" data-id=\"305297c6\" data-element_type=\"widget\" data-e-type=\"widget\" data-widget_type=\"text-editor.default\">\n\t\t\t\t\t\t\t\t\t<p>Unsere Feriendomizile in Dongo und Umgebung:<br>\u2013 Ferienwohnung Music &amp; Art<br>\u2013 Ferienwohnung Giulia<br>\u2013 Ferienhaus Jacqueline<\/p>\t\t\t\t\t\t\t\t<\/div>\n\t\t\t\t<\/div>\n\t\t\t\t<\/div>\n\t\t","protected":false},"excerpt":{"rendered":"<p>Partner Rental E-Bike Dongo Rental E-Bike Dongo bietet einen bequemen E-Bike-Verleihservice am Comer See, alle der neuesten Generation und mit der M\u00f6glichkeit der Lieferung nach Hause. Setzen Sie sich mit uns in Verbindung, um die Bedingungen und Kosten des Dienstes zu erfahren. Neu, vielseitig, zuverl\u00e4ssig, das ist die T\u00e4tigkeit von Rental E-bike Dongo. LABREVA G\u00e4ste [&hellip;]<\/p>\n","protected":false},"author":1,"featured_media":8799,"parent":8586,"menu_order":0,"comment_status":"closed","ping_status":"closed","template":"","meta":{"_acf_changed":false,"footnotes":""},"seitenart":[36],"class_list":["post-76621","page","type-page","status-publish","has-post-thumbnail","hentry","seitenart-content-page-with-slider"],"acf":[],"yoast_head":"<!-- This site is optimized with the Yoast SEO plugin v27.3 - https:\/\/yoast.com\/product\/yoast-seo-wordpress\/ -->\n<title>Rental E-Bike Dongo - LABREVA - Feriendomizile am Comer See<\/title>\n<meta name=\"description\" content=\"Rental E-Bike Dongo bietet einen bequemen E-Bike-Verleihservice am Comer See, alle der neuesten Generation.\" \/>\n<meta name=\"robots\" content=\"index, follow, max-snippet:-1, max-image-preview:large, max-video-preview:-1\" \/>\n<link rel=\"canonical\" href=\"https:\/\/labreva.com\/de\/partner\/rental-e-bike-dongo\/\" \/>\n<meta property=\"og:locale\" content=\"de_DE\" \/>\n<meta property=\"og:type\" content=\"article\" \/>\n<meta property=\"og:title\" content=\"Rental E-Bike Dongo - LABREVA - Feriendomizile am Comer See\" \/>\n<meta property=\"og:description\" content=\"Rental E-Bike Dongo bietet einen bequemen E-Bike-Verleihservice am Comer See, alle der neuesten Generation.\" \/>\n<meta property=\"og:url\" content=\"https:\/\/labreva.com\/de\/partner\/rental-e-bike-dongo\/\" \/>\n<meta property=\"og:site_name\" content=\"LABREVA - Feriendomizile am Comer See\" \/>\n<meta property=\"article:modified_time\" content=\"2026-01-28T10:55:14+00:00\" \/>\n<meta property=\"og:image\" content=\"https:\/\/labreva.com\/wp-content\/uploads\/2025\/12\/img_IMG_2128-1-scaled-1-2048x1536-1.jpg\" \/>\n\t<meta property=\"og:image:width\" content=\"2048\" \/>\n\t<meta property=\"og:image:height\" content=\"1536\" \/>\n\t<meta property=\"og:image:type\" content=\"image\/jpeg\" \/>\n<meta name=\"twitter:card\" content=\"summary_large_image\" \/>\n<meta name=\"twitter:label1\" content=\"Gesch\u00e4tzte Lesezeit\" \/>\n\t<meta name=\"twitter:data1\" content=\"1\u00a0Minute\" \/>\n<script type=\"application\/ld+json\" class=\"yoast-schema-graph\">{\"@context\":\"https:\\\/\\\/schema.org\",\"@graph\":[{\"@type\":\"WebPage\",\"@id\":\"https:\\\/\\\/labreva.com\\\/de\\\/partner\\\/rental-e-bike-dongo\\\/\",\"url\":\"https:\\\/\\\/labreva.com\\\/de\\\/partner\\\/rental-e-bike-dongo\\\/\",\"name\":\"Rental E-Bike Dongo - LABREVA - Feriendomizile am Comer See\",\"isPartOf\":{\"@id\":\"https:\\\/\\\/labreva.com\\\/de\\\/#website\"},\"primaryImageOfPage\":{\"@id\":\"https:\\\/\\\/labreva.com\\\/de\\\/partner\\\/rental-e-bike-dongo\\\/#primaryimage\"},\"image\":{\"@id\":\"https:\\\/\\\/labreva.com\\\/de\\\/partner\\\/rental-e-bike-dongo\\\/#primaryimage\"},\"thumbnailUrl\":\"https:\\\/\\\/labreva.com\\\/wp-content\\\/uploads\\\/2025\\\/12\\\/img_IMG_2128-1-scaled-1-2048x1536-1.jpg\",\"datePublished\":\"2025-12-03T15:11:10+00:00\",\"dateModified\":\"2026-01-28T10:55:14+00:00\",\"description\":\"Rental E-Bike Dongo bietet einen bequemen E-Bike-Verleihservice am Comer See, alle der neuesten Generation.\",\"breadcrumb\":{\"@id\":\"https:\\\/\\\/labreva.com\\\/de\\\/partner\\\/rental-e-bike-dongo\\\/#breadcrumb\"},\"inLanguage\":\"de\",\"potentialAction\":[{\"@type\":\"ReadAction\",\"target\":[\"https:\\\/\\\/labreva.com\\\/de\\\/partner\\\/rental-e-bike-dongo\\\/\"]}]},{\"@type\":\"ImageObject\",\"inLanguage\":\"de\",\"@id\":\"https:\\\/\\\/labreva.com\\\/de\\\/partner\\\/rental-e-bike-dongo\\\/#primaryimage\",\"url\":\"https:\\\/\\\/labreva.com\\\/wp-content\\\/uploads\\\/2025\\\/12\\\/img_IMG_2128-1-scaled-1-2048x1536-1.jpg\",\"contentUrl\":\"https:\\\/\\\/labreva.com\\\/wp-content\\\/uploads\\\/2025\\\/12\\\/img_IMG_2128-1-scaled-1-2048x1536-1.jpg\",\"width\":2048,\"height\":1536},{\"@type\":\"BreadcrumbList\",\"@id\":\"https:\\\/\\\/labreva.com\\\/de\\\/partner\\\/rental-e-bike-dongo\\\/#breadcrumb\",\"itemListElement\":[{\"@type\":\"ListItem\",\"position\":1,\"name\":\"Startseite\",\"item\":\"https:\\\/\\\/labreva.com\\\/de\\\/\"},{\"@type\":\"ListItem\",\"position\":2,\"name\":\"Partner\",\"item\":\"https:\\\/\\\/labreva.com\\\/de\\\/partner\\\/\"},{\"@type\":\"ListItem\",\"position\":3,\"name\":\"Rental E-Bike Dongo\"}]},{\"@type\":\"WebSite\",\"@id\":\"https:\\\/\\\/labreva.com\\\/de\\\/#website\",\"url\":\"https:\\\/\\\/labreva.com\\\/de\\\/\",\"name\":\"LABREVA - Feriendomizile am Comer See\",\"description\":\"\",\"publisher\":{\"@id\":\"https:\\\/\\\/labreva.com\\\/de\\\/#organization\"},\"potentialAction\":[{\"@type\":\"SearchAction\",\"target\":{\"@type\":\"EntryPoint\",\"urlTemplate\":\"https:\\\/\\\/labreva.com\\\/de\\\/?s={search_term_string}\"},\"query-input\":{\"@type\":\"PropertyValueSpecification\",\"valueRequired\":true,\"valueName\":\"search_term_string\"}}],\"inLanguage\":\"de\"},{\"@type\":\"Organization\",\"@id\":\"https:\\\/\\\/labreva.com\\\/de\\\/#organization\",\"name\":\"LABREVA - Feriendomizile am Comer See\",\"url\":\"https:\\\/\\\/labreva.com\\\/de\\\/\",\"logo\":{\"@type\":\"ImageObject\",\"inLanguage\":\"de\",\"@id\":\"https:\\\/\\\/labreva.com\\\/de\\\/#\\\/schema\\\/logo\\\/image\\\/\",\"url\":\"https:\\\/\\\/labreva.com\\\/wp-content\\\/uploads\\\/2025\\\/11\\\/Labreva_Logo_RGB_5.svg\",\"contentUrl\":\"https:\\\/\\\/labreva.com\\\/wp-content\\\/uploads\\\/2025\\\/11\\\/Labreva_Logo_RGB_5.svg\",\"caption\":\"LABREVA - Feriendomizile am Comer See\"},\"image\":{\"@id\":\"https:\\\/\\\/labreva.com\\\/de\\\/#\\\/schema\\\/logo\\\/image\\\/\"}}]}<\/script>\n<!-- \/ Yoast SEO plugin. -->","yoast_head_json":{"title":"Rental E-Bike Dongo - LABREVA - Feriendomizile am Comer See","description":"Rental E-Bike Dongo bietet einen bequemen E-Bike-Verleihservice am Comer See, alle der neuesten Generation.","robots":{"index":"index","follow":"follow","max-snippet":"max-snippet:-1","max-image-preview":"max-image-preview:large","max-video-preview":"max-video-preview:-1"},"canonical":"https:\/\/labreva.com\/de\/partner\/rental-e-bike-dongo\/","og_locale":"de_DE","og_type":"article","og_title":"Rental E-Bike Dongo - LABREVA - Feriendomizile am Comer See","og_description":"Rental E-Bike Dongo bietet einen bequemen E-Bike-Verleihservice am Comer See, alle der neuesten Generation.","og_url":"https:\/\/labreva.com\/de\/partner\/rental-e-bike-dongo\/","og_site_name":"LABREVA - Feriendomizile am Comer See","article_modified_time":"2026-01-28T10:55:14+00:00","og_image":[{"width":2048,"height":1536,"url":"https:\/\/labreva.com\/wp-content\/uploads\/2025\/12\/img_IMG_2128-1-scaled-1-2048x1536-1.jpg","type":"image\/jpeg"}],"twitter_card":"summary_large_image","twitter_misc":{"Gesch\u00e4tzte Lesezeit":"1\u00a0Minute"},"schema":{"@context":"https:\/\/schema.org","@graph":[{"@type":"WebPage","@id":"https:\/\/labreva.com\/de\/partner\/rental-e-bike-dongo\/","url":"https:\/\/labreva.com\/de\/partner\/rental-e-bike-dongo\/","name":"Rental E-Bike Dongo - LABREVA - Feriendomizile am Comer See","isPartOf":{"@id":"https:\/\/labreva.com\/de\/#website"},"primaryImageOfPage":{"@id":"https:\/\/labreva.com\/de\/partner\/rental-e-bike-dongo\/#primaryimage"},"image":{"@id":"https:\/\/labreva.com\/de\/partner\/rental-e-bike-dongo\/#primaryimage"},"thumbnailUrl":"https:\/\/labreva.com\/wp-content\/uploads\/2025\/12\/img_IMG_2128-1-scaled-1-2048x1536-1.jpg","datePublished":"2025-12-03T15:11:10+00:00","dateModified":"2026-01-28T10:55:14+00:00","description":"Rental E-Bike Dongo bietet einen bequemen E-Bike-Verleihservice am Comer See, alle der neuesten Generation.","breadcrumb":{"@id":"https:\/\/labreva.com\/de\/partner\/rental-e-bike-dongo\/#breadcrumb"},"inLanguage":"de","potentialAction":[{"@type":"ReadAction","target":["https:\/\/labreva.com\/de\/partner\/rental-e-bike-dongo\/"]}]},{"@type":"ImageObject","inLanguage":"de","@id":"https:\/\/labreva.com\/de\/partner\/rental-e-bike-dongo\/#primaryimage","url":"https:\/\/labreva.com\/wp-content\/uploads\/2025\/12\/img_IMG_2128-1-scaled-1-2048x1536-1.jpg","contentUrl":"https:\/\/labreva.com\/wp-content\/uploads\/2025\/12\/img_IMG_2128-1-scaled-1-2048x1536-1.jpg","width":2048,"height":1536},{"@type":"BreadcrumbList","@id":"https:\/\/labreva.com\/de\/partner\/rental-e-bike-dongo\/#breadcrumb","itemListElement":[{"@type":"ListItem","position":1,"name":"Startseite","item":"https:\/\/labreva.com\/de\/"},{"@type":"ListItem","position":2,"name":"Partner","item":"https:\/\/labreva.com\/de\/partner\/"},{"@type":"ListItem","position":3,"name":"Rental E-Bike Dongo"}]},{"@type":"WebSite","@id":"https:\/\/labreva.com\/de\/#website","url":"https:\/\/labreva.com\/de\/","name":"LABREVA - Feriendomizile am Comer See","description":"","publisher":{"@id":"https:\/\/labreva.com\/de\/#organization"},"potentialAction":[{"@type":"SearchAction","target":{"@type":"EntryPoint","urlTemplate":"https:\/\/labreva.com\/de\/?s={search_term_string}"},"query-input":{"@type":"PropertyValueSpecification","valueRequired":true,"valueName":"search_term_string"}}],"inLanguage":"de"},{"@type":"Organization","@id":"https:\/\/labreva.com\/de\/#organization","name":"LABREVA - Feriendomizile am Comer See","url":"https:\/\/labreva.com\/de\/","logo":{"@type":"ImageObject","inLanguage":"de","@id":"https:\/\/labreva.com\/de\/#\/schema\/logo\/image\/","url":"https:\/\/labreva.com\/wp-content\/uploads\/2025\/11\/Labreva_Logo_RGB_5.svg","contentUrl":"https:\/\/labreva.com\/wp-content\/uploads\/2025\/11\/Labreva_Logo_RGB_5.svg","caption":"LABREVA - Feriendomizile am Comer See"},"image":{"@id":"https:\/\/labreva.com\/de\/#\/schema\/logo\/image\/"}}]}},"_links":{"self":[{"href":"https:\/\/labreva.com\/de\/wp-json\/wp\/v2\/pages\/76621","targetHints":{"allow":["GET"]}}],"collection":[{"href":"https:\/\/labreva.com\/de\/wp-json\/wp\/v2\/pages"}],"about":[{"href":"https:\/\/labreva.com\/de\/wp-json\/wp\/v2\/types\/page"}],"author":[{"embeddable":true,"href":"https:\/\/labreva.com\/de\/wp-json\/wp\/v2\/users\/1"}],"replies":[{"embeddable":true,"href":"https:\/\/labreva.com\/de\/wp-json\/wp\/v2\/comments?post=76621"}],"version-history":[{"count":24,"href":"https:\/\/labreva.com\/de\/wp-json\/wp\/v2\/pages\/76621\/revisions"}],"predecessor-version":[{"id":82653,"href":"https:\/\/labreva.com\/de\/wp-json\/wp\/v2\/pages\/76621\/revisions\/82653"}],"up":[{"embeddable":true,"href":"https:\/\/labreva.com\/de\/wp-json\/wp\/v2\/pages\/8586"}],"wp:featuredmedia":[{"embeddable":true,"href":"https:\/\/labreva.com\/de\/wp-json\/wp\/v2\/media\/8799"}],"wp:attachment":[{"href":"https:\/\/labreva.com\/de\/wp-json\/wp\/v2\/media?parent=76621"}],"wp:term":[{"taxonomy":"seitenart","embeddable":true,"href":"https:\/\/labreva.com\/de\/wp-json\/wp\/v2\/seitenart?post=76621"}],"curies":[{"name":"wp","href":"https:\/\/api.w.org\/{rel}","templated":true}]}}